{"id":2231,"date":"2022-08-30T17:37:43","date_gmt":"2022-08-30T15:37:43","guid":{"rendered":"https:\/\/titsandtatstattoo.com\/?page_id=2231"},"modified":"2022-12-19T13:47:45","modified_gmt":"2022-12-19T12:47:45","slug":"privadesa","status":"publish","type":"page","link":"https:\/\/titsandtatstattoo.com\/es\/privadesa\/","title":{"rendered":"Pol\u00edtica de privadesa"},"content":{"rendered":"<div data-elementor-type=\"wp-page\" data-elementor-id=\"2231\" class=\"elementor elementor-2231\" data-elementor-post-type=\"page\">\n\t\t\t\t\t\t<section class=\"elementor-section elementor-top-section elementor-element elementor-element-950ed35 elementor-section-boxed elementor-section-height-default elementor-section-height-default\" data-id=\"950ed35\" data-element_type=\"section\">\n\t\t\t\t\t\t<div class=\"elementor-container elementor-column-gap-default\">\n\t\t\t\t\t<div class=\"elementor-column elementor-col-100 elementor-top-column elementor-element elementor-element-4a375b7\" data-id=\"4a375b7\" data-element_type=\"column\">\n\t\t\t<div class=\"elementor-widget-wrap elementor-element-populated\">\n\t\t\t\t\t\t<div class=\"elementor-element elementor-element-e9b2940 elementor-widget elementor-widget-heading\" data-id=\"e9b2940\" data-element_type=\"widget\" data-widget_type=\"heading.default\">\n\t\t\t\t<div class=\"elementor-widget-container\">\n\t\t\t<h2 class=\"elementor-heading-title elementor-size-default\">Aviso legal<\/h2>\t\t<\/div>\n\t\t\t\t<\/div>\n\t\t\t\t<div class=\"elementor-element elementor-element-e4f4c01 elementor-widget elementor-widget-text-editor\" data-id=\"e4f4c01\" data-element_type=\"widget\" data-widget_type=\"text-editor.default\">\n\t\t\t\t<div class=\"elementor-widget-container\">\n\t\t\t\t\t\t\t<p><strong>Objeto y aceptaci\u00f3n<\/strong><\/p><p>Aquest av\u00eds legal regula l\u2019\u00fas del nostre lloc web, del qual \u00e9s titular TITS AND TATS SCP . La navegaci\u00f3 pel lloc web de TITS AND TATS SCP atribueix la condici\u00f3 d'usuari i implica l'acceptaci\u00f3 plena i sense reserves de totes i cadascuna de les disposicions incloses en aquest Av\u00eds Legal, que poden patir modificacions. Vost\u00e8 s\u2019obliga a fer un \u00fas correcte del lloc web de conformitat amb les lleis, la bona fe, l\u2019ordre p\u00fablic, los usos del tr\u00e0nsit i aquest Av\u00eds Legal. El vost\u00e8 respondr\u00e0 davant de TITS AND TATS SCP o davant de tercers, de qualsevol dany i perjudici que li puguin causar com a conseq\u00fc\u00e8ncia de l\u2019incompliment d\u2019aquesta obligaci\u00f3.<\/p><p><strong>Identificaci\u00f3n y comunicaciones<\/strong><\/p><p>TITS AND TATS SCP, en cumplimiento de la Llei 34\/2002, d\u201911 de juliol, de serveis de la societat de la informaci\u00f3 i de comer\u00e7 electr\u00f2nic, nos informa que:<\/p><p>La seva denominaci\u00f3 social \u00e9s: TITS AND TATS SCP<br \/>El seu CIF \u00e9s: J67933127<br \/>El seu domicili social \u00e9s a: CALDERERIES 4 \u2013 (25002) LLEIDA<br \/>Inscripci\u00f3n al registro mercantil:<br \/>Per comunicar-se amb nosaltres, posem a la vostra disposici\u00f3 diferents mitjans de contacte especificats en la pol\u00edtica de privadesa.<\/p><p>Todas las notificaciones y comunicaciones que realice con TITS AND TATS SCP se considerar\u00e1n eficaces, con car\u00e1cter general, siempre que se realicen por los medios especificados anteriormente.<\/p><p><strong>Condiciones de acceso y utilizaci\u00f3n<\/strong><\/p><p>Sin embargo, el sitio web y sus servicios son de libre acceso, TITS AND TATS SCP condiciona la utilizaci\u00f3n de algunos de los servicios ofrecidos en su web a la cumplimentaci\u00f3n previa del correspondiente formulario.<\/p><p>Usted garantiza la autenticidad y la actualidad de todos aquellos datos que comunique a TITS AND TATS SCP y ser\u00e1 el \u00fanico responsable de las manifestaciones falsas o inexactas que realice.<\/p><p>Se compromete expresamente a hacer un uso adecuado de los contenidos y servicios de EL TITS AND TATS SCP ya no utilizarlos para, entre otros:<\/p><p>Difundir contenidos, delictivos, violentos, pornogr\u00e1ficos, racistas, xen\u00f3fobo, ofensivos, de apolog\u00eda del terrorismo o, en general, contrarios a la ley u orden p\u00fablico.<br \/>Introducir en la red virus inform\u00e1ticos o realizar actuaciones susceptibles de alterar, estropear, interrumpir o generar errores o da\u00f1os en los documentos electr\u00f3nicos, datos o sistemas f\u00edsicos y l\u00f3gicos de TITS AND TATS SCP o de terceras personas; as\u00ed como obstaculizar el acceso de otros usuarios al sitio web ya sus servicios mediante el consumo masivo de los recursos inform\u00e1ticos a trav\u00e9s de los cuales TITS AND TATS SCP presta sus servicios.<br \/>Intentar acceder datos de otras personas o \u00e1reas restringidas de los sistemas inform\u00e1ticos de TITS AND TATS SCP o de terceros y, en su caso, extraer informaci\u00f3n.<br \/>Vulnerar los derechos de propiedad intelectual o industrial, as\u00ed como violar la confidencialidad de la informaci\u00f3n de TITS AND TATS SCP o de terceros.<\/p><p>Suplantar la identidad de otro usuario, de las administraciones p\u00fablicas o de un tercero.<\/p><p><span style=\"font-size: inherit; text-align: inherit; color: var( --e-global-color-text ); font-family: var( --e-global-typography-text-font-family ), Sans-serif; letter-spacing: -0.015em;\">Reproducir, copiar, distribuir, poner a disposici\u00f3n o de cualquier otra forma comunicar p\u00fablicamente, transformar o modificar los contenidos, salvo que se cuente con la autorizaci\u00f3n del titular de los correspondientes derechos o ello resulte legalmente permitido.<\/span><\/p><p>Recabar datos con finalidad publicitaria y de remitir publicidad de cualquier clase y comunicaciones con fines de venta u otros de naturaleza comercial sin que intervenga su previa solicitud o consentimiento.<\/p><p>Todos los contenidos del sitio web, tales como textos, fotograf\u00edas, gr\u00e1ficos, im\u00e1genes, iconos, tecnolog\u00eda, software, as\u00ed como su dise\u00f1o gr\u00e1fico y c\u00f3digos fuente, constituyen una obra cuya propiedad pertenece a TITS AND TATS SCP, sin que se puedan entender como cedidos ninguno de los derechos de explotaci\u00f3n sobre \u00e9stos m\u00e1s all\u00e1 de lo estrictamente necesario para el correcto uso de la web.<\/p><p>En definitiva, usted que accede a este sitio web, puede visualizar los contenidos y efectuar, en su caso, copias privadas autorizadas siempre que los elementos reproducidos no sean cedidos posteriormente a terceros, ni se instalen en servidores conectados a redes, ni sean objeto de explotaci\u00f3n alguna.<\/p><p>Asimismo, todas las marcas, nombres comerciales o signos distintivos de cualquier clase que aparecen en el sitio web son propiedad de TITS AND TATS SCP, sin que pueda entenderse que el uso o acceso al mismo le atribuya ning\u00fan derecho sobre los mismos.<\/p><p>La distribuci\u00f3n, modificaci\u00f3n, cesi\u00f3n o comunicaci\u00f3n p\u00fablica de los contenidos y cualquier otro acto que no haya sido expresamente autorizado por el titular de los derechos de explotaci\u00f3n quedan prohibidos.<\/p><p>El establecimiento de un hiperenlace no implica en ning\u00fan caso la existencia de relaciones entre TITS AND TATS SCP y el propietario del sitio web donde se establezca, ni la aceptaci\u00f3n y aprobaci\u00f3n por parte de TITS AND TATS SCP de los suyos contenidos o servicios. Aquellas personas que se propongan establecer un hiperenlace previamente tendr\u00e1n que solicitar autorizaci\u00f3n por escrito a TITS AND TATS SCP. En todo caso, el hiperenlace \u00fanicamente permitir\u00e1 el acceso a la p\u00e1gina web o p\u00e1gina de inicio de nuestro sitio web, as\u00ed mismo deber\u00e1 abstenerse de hacer manifestaciones o indicaciones falsas, inexactas o incorrectas sobre TITS AND TATS SCP, o incluir contenidos il\u00edcitos, contrarios a buenas costumbres y al orden p\u00fablico.<\/p><p>TITS AND TATS SCP no se responsabiliza del uso que cada usuario d\u00e9 a los materiales puestos a disposici\u00f3n en este sitio web ni de las actuaciones que realice sobre la base de los mismos.<\/p><p><b>Exclusi\u00f3n de garant\u00edas y de responsabilidad<\/b><\/p><p>TITS AND TATS SCP excluye, hasta donde permite el ordenamiento jur\u00eddico, cualquier responsabilidad por los da\u00f1os y perjuicios de toda naturaleza derivados de:<\/p><p>La imposibilidad de acceso al sitio web o la falta de veracidad, exactitud, exhaustividad y\/o actualidad de los contenidos, as\u00ed como la existencia de vicios y defectos de todo tipo de los contenidos transmitidos, difundidos, almacenados, puestos a disposici\u00f3n a los que se haya accedido a trav\u00e9s del sitio web o de los servicios que se ofrecen.<\/p><p>La presencia de virus u otros elementos en los contenidos que puedan producir alteraciones en sistemas inform\u00e1ticos, documentos electr\u00f3nicos o datos de los usuarios.<\/p><p>El incumplimiento de las leyes, la buena fe, el orden p\u00fablico, los usos del tr\u00e1fico y este aviso legal como consecuencia del uso incorrecto del sitio web. En particular, y de forma ejemplificativa, TITS AND TATS SCP no se hace responsable de las actuaciones de terceros que vulneren derechos de propiedad intelectual e industrial, secretos empresariales, derechos al honor, a la intimidad personal y familiar ya la misma imagen, as\u00ed como la normativa en materia de competencia desleal y publicidad il\u00edcita.<br \/>Asimismo, TITS AND TATS SCP declina cualquier responsabilidad respecto a la informaci\u00f3n que est\u00e9 fuera de esta web y no sea gestionada directamente por nuestro webmaster. La funci\u00f3n de los links que aparecen en esta web es exclusivamente informar al usuario sobre la existencia de otras fuentes susceptibles de ampliar los contenidos que ofrece este sitio web. TITS AND TATS SCP no garantiza ni se responsabiliza del funcionamiento o accesibilidad de los sitios enlazados; ni sugiere, invita o recomienda la visita a \u00e9stos, por lo que tampoco ser\u00e1 responsable del resultado obtenido. TITS AND TATS SCP no se responsabiliza del establecimiento de hiperv\u00ednculos por parte de terceros.<\/p><p><strong>Procedimiento en caso de realizaci\u00f3n de actividades de car\u00e1cter il\u00edcito<\/strong><\/p><p>En caso de que usted o un tercero considere que hay hechos o circunstancias que revelen el car\u00e1cter il\u00edcito de la utilizaci\u00f3n de cualquier contenido y\/o de la realizaci\u00f3n de cualquier actividad en las p\u00e1ginas web incluidas o accesibles a trav\u00e9s del sitio web, deber\u00e1 ponerse en contacto con TITS AND TATS SCP identific\u00e1ndose debidamente, especificando las supuestas infracciones y declarando expresamente y bajo su responsabilidad que la informaci\u00f3n proporcionada en la notificaci\u00f3n es exacta.<\/p><p>Para toda cuesti\u00f3n litigiosa que incumba al sitio web de TITS AND TATS SCP, ser\u00e1 de aplicaci\u00f3n la legislaci\u00f3n espa\u00f1ola, siendo competentes los Juzgados y Tribunales m\u00e1s cercanos a la sede de (Espa\u00f1a).<\/p><p><strong>Publicaciones<\/strong><\/p><p>La informaci\u00f3n administrativa facilitada a trav\u00e9s del sitio web no sustituye a la publicidad legal de las leyes, normativas, planes, disposiciones generales y actas que deban ser publicados formalmente en los diarios oficiales de las administraciones p\u00fablicas, que constituyen el \u00fanico instrumento que da fe de su autenticidad y contenido. La informaci\u00f3n disponible en este sitio web debe entenderse como una gu\u00eda sin prop\u00f3sito de validez legal.<\/p>\t\t\t\t\t\t<\/div>\n\t\t\t\t<\/div>\n\t\t\t\t<div class=\"elementor-element elementor-element-4e277da elementor-widget elementor-widget-heading\" data-id=\"4e277da\" data-element_type=\"widget\" data-widget_type=\"heading.default\">\n\t\t\t\t<div class=\"elementor-widget-container\">\n\t\t\t<h2 class=\"elementor-heading-title elementor-size-default\">Pol\u00edtica de privacidad<\/h2>\t\t<\/div>\n\t\t\t\t<\/div>\n\t\t\t\t<div class=\"elementor-element elementor-element-2a04389 elementor-widget elementor-widget-text-editor\" data-id=\"2a04389\" data-element_type=\"widget\" data-widget_type=\"text-editor.default\">\n\t\t\t\t<div class=\"elementor-widget-container\">\n\t\t\t\t\t\t\t<p><b>Informaci\u00f3n sobre Protecci\u00f3n de Datos<\/b><\/p><p><b>Datos relativos al Responsable<\/b><\/p><p><span style=\"font-size: inherit; text-align: inherit; color: var( --e-global-color-text ); font-family: var( --e-global-typography-text-font-family ), Sans-serif; letter-spacing: -0.015em;\">Responsable Tratamiento:<\/span><\/p><p>\u2013 Entidad: TITS AND TATS SCP<br \/>\u2013 CIF de la entidad: J67933127<br \/>\u2013 Direcci\u00f3n de la entidad: CALDERERIES 4 \u2013 (25002) LLEIDA<br \/>\u2013 Email de la entidad: HOLA@LLEIDA.INK<br \/>\u2013 Responsable del tratamiento: GERARD VALLS BRU<br \/>\u2013 Tel\u00e9fono del Responsable del tratamiento: 606802226<br \/>\u2013 Direcci\u00f3n email del Responsable del tratamiento: HOLA@LLEIDA.INK<\/p><p><b>Finalidades<\/b><\/p><p>En cumplimiento de lo dispuesto en el Reglamento Europeo 2016\/679 General de Protecci\u00f3n de Datos y la Ley Org\u00e1nica 3\/2018 de Protecci\u00f3n de Datos Personales y Garant\u00eda de Derechos Digitales, le informamos que, dependiendo de la relaci\u00f3n que tenga con nosotros, en TITS AND TATS SCP tratamos los datos que nos facilita para alguna, o todas, las siguientes finalidades:<\/p><p>Env\u00edo de informaci\u00f3n comercial de la entidad mediante correo postal, correo electr\u00f3nico u otros<br \/>Informaci\u00f3n procedente de Cookies<br \/>Realizaci\u00f3n de cobro mediante TPV<br \/>Realizaci\u00f3n de compra mediante tienda virtual en la p\u00e1gina web\/plataforma.<br \/>Reservas<\/p><p><b>Plazo de conservaci\u00f3n de los datos<\/b><\/p><p>Sus datos ser\u00e1n conservados por un plazo de indefinido. En caso de que requiera su eliminaci\u00f3n de forma anticipada, solic\u00edtelo mediante el ejercicio del derecho de supresi\u00f3n. Asimismo, los datos que por motivos legales deban ser almacenados durante un tiempo necesario para cumplir normas espec\u00edficas, ser\u00e1n bloqueados y \u00fanicamente estar\u00e1n a disposici\u00f3n de la autoridad p\u00fablica correspondiente.<\/p><p><b>Legitimaci\u00f3n<\/b><\/p><p>La base legal para el tratamiento de tus datos radica en:<\/p><p>Consentimiento inequ\u00edvoco<\/p><p><b>Destinatarios<\/b><\/p><p>Sus datos personales ser\u00e1n comunicados a terceros en los siguientes supuestos:<\/p><p>Entidades inform\u00e1ticas de mantenimiento de software y hardware<\/p><p><b>Derechos<\/b><\/p><p>Tiene derecho a obtener confirmaci\u00f3n sobre si en TITS AND TATS SCP estamos tratando datos personales que le conciernan, o no.<\/p><p>Asimismo, tiene derecho de acceso a sus datos personales, as\u00ed como a solicitar la rectificaci\u00f3n de los datos inexactos o, en su caso, solicitar su supresi\u00f3n cuando, entre otros motivos, los datos ya no sean necesarios para los fines que fueron recogidas.<\/p><p>En determinadas circunstancias, podr\u00e1 solicitar la limitaci\u00f3n del tratamiento de sus datos, en cuyo caso \u00fanicamente los conservaremos para el ejercicio o la defensa de reclamaciones.<\/p><p>Adicionalmente, en determinadas circunstancias y por motivos relacionados con su situaci\u00f3n particular, podr\u00e1 ejercer el derecho de oposici\u00f3n al tratamiento de sus datos. TITS AND TATS SCP dejar\u00e1 de tratar los datos, excepto por motivos imperiosos leg\u00edtimos, o el ejercicio o la defensa de posibles reclamaciones.<\/p><p>Asimismo, podr\u00e1 ejercer el derecho a la portabilidad de los datos, as\u00ed como retirar los consentimientos facilitados en cualquier momento, sin que ello afecte a la licitud del tratamiento basado en el consentimiento previo a su retirada.<\/p><p>Si desea hacer uso de cualquiera de sus derechos puede hacerlos a trav\u00e9s de los enlaces habilitados que encontrar\u00e1 a continuaci\u00f3n:<\/p><p>Para ejercer su derecho de acceso<span style=\"text-decoration: underline;\"> <a href=\"https:\/\/intranet.laboralrgpd.com\/webApp\/clientes_derechos\/derechos-formulario.php?id_cliente=cTQ5a081eWMvdG5rK1Q3cUIvZlluQT09\">haz click aqui<\/a><\/span><br \/>Para ejercer su derecho de Rectificaci\u00f3n<a href=\"https:\/\/intranet.laboralrgpd.com\/webApp\/clientes_derechos\/derechos-formulario.php?id_cliente=cTQ5a081eWMvdG5rK1Q3cUIvZlluQT09\"> h<span style=\"text-decoration: underline;\">az click aqui<\/span><\/a><br \/>Para ejercer su derecho de Supresi\u00f3n (Olvido) <span style=\"text-decoration: underline;\"><a href=\"https:\/\/intranet.laboralrgpd.com\/webApp\/clientes_derechos\/derechos-formulario.php?id_cliente=cTQ5a081eWMvdG5rK1Q3cUIvZlluQT09\">haz click aqui<\/a><\/span><br \/>Para ejercer su derecho de Limitaci\u00f3n del Tratamiento <span style=\"text-decoration: underline;\"><a href=\"https:\/\/intranet.laboralrgpd.com\/webApp\/clientes_derechos\/derechos-formulario.php?id_cliente=cTQ5a081eWMvdG5rK1Q3cUIvZlluQT09\">haz click aqui<\/a><\/span><br \/>Para ejercer su derecho de Oposici\u00f3n <span style=\"text-decoration: underline;\"><a href=\"https:\/\/intranet.laboralrgpd.com\/webApp\/clientes_derechos\/derechos-formulario.php?id_cliente=cTQ5a081eWMvdG5rK1Q3cUIvZlluQT09\">haz click aqui<\/a><\/span><br \/>Para ejercer su derecho de Portabilidad<span style=\"text-decoration: underline;\"> <a href=\"https:\/\/intranet.laboralrgpd.com\/webApp\/clientes_derechos\/derechos-formulario.php?id_cliente=cTQ5a081eWMvdG5rK1Q3cUIvZlluQT09\">haz click aqui<\/a><\/span><br \/><br \/>Alternativamente, tambi\u00e9n puede dirigirse a nosotros mediante correo postal a la siguiente direcci\u00f3n: CALDERERIES 4 \u2013 (25002) LLEIDA adjuntado una fotocopia del DNI, para la certeza de su identidad. Recuerde facilitar la mayor informaci\u00f3n posible sobre su solicitud: Nombre y apellidos, direcci\u00f3n de correo electr\u00f3nico que utiliza para la cuenta o portal objeto de su solicitud.<\/p><p>Por \u00faltimo, le informamos que puede dirigirse ante la Agencia Espa\u00f1ola de Protecci\u00f3n de Datos y otros organismos p\u00fablicos competentes para cualquier reclamaci\u00f3n derivada del tratamiento de sus datos personales.<\/p><p><strong>Pol\u00edtica de cookies<\/strong><\/p><p>Para conocer las cookies que utilizamos en nuestra p\u00e1gina, recuerde que puede acceder a nuestra Pol\u00edtica de Cookies a trav\u00e9s del siguiente enlace<span style=\"text-decoration: underline;\"> <a href=\"https:\/\/intranet.laboralrgpd.com\/politicaCookies\/index.php?sid=cTQ5a081eWMvdG5rK1Q3cUIvZlluQT09\">pol\u00edtica de cookies.<\/a><\/span><\/p>\t\t\t\t\t\t<\/div>\n\t\t\t\t<\/div>\n\t\t\t\t\t<\/div>\n\t\t<\/div>\n\t\t\t\t\t<\/div>\n\t\t<\/section>\n\t\t\t\t<\/div>","protected":false},"excerpt":{"rendered":"<p>Av\u00eds Legal Objecte i acceptaci\u00f3 Aquest av\u00eds legal regula l&#8217;\u00fas del nostre lloc web, del qual \u00e9s titular TITS AND TATS SCP . La navegaci\u00f3 pel lloc web de TITS [&hellip;]<\/p>\n","protected":false},"author":2,"featured_media":0,"parent":0,"menu_order":0,"comment_status":"closed","ping_status":"closed","template":"elementor_canvas","meta":{"footnotes":""},"class_list":["post-2231","page","type-page","status-publish","hentry"],"yoast_head":"<!-- This site is optimized with the Yoast SEO plugin v25.5 - https:\/\/yoast.com\/wordpress\/plugins\/seo\/ -->\n<title>Pol\u00edtica de privadesa - Tits and Tats Tattoo Studio<\/title>\n<meta name=\"description\" content=\"Pol\u00edtica de privadesa de lloc web Tits and Tats Tattoo Studio.\" \/>\n<meta name=\"robots\" content=\"index, follow, max-snippet:-1, max-image-preview:large, max-video-preview:-1\" \/>\n<link rel=\"canonical\" href=\"https:\/\/titsandtatstattoo.com\/es\/privadesa\/\" \/>\n<meta property=\"og:locale\" content=\"es_ES\" \/>\n<meta property=\"og:type\" content=\"article\" \/>\n<meta property=\"og:title\" content=\"Pol\u00edtica de privadesa - Tits and Tats Tattoo Studio\" \/>\n<meta property=\"og:description\" content=\"Pol\u00edtica de privadesa de lloc web Tits and Tats Tattoo Studio.\" \/>\n<meta property=\"og:url\" content=\"https:\/\/titsandtatstattoo.com\/es\/privadesa\/\" \/>\n<meta property=\"og:site_name\" content=\"Tits and Tats Tattoo Studio\" \/>\n<meta property=\"article:modified_time\" content=\"2022-12-19T12:47:45+00:00\" \/>\n<meta name=\"twitter:card\" content=\"summary_large_image\" \/>\n<meta name=\"twitter:label1\" content=\"Tiempo de lectura\" \/>\n\t<meta name=\"twitter:data1\" content=\"11 minutos\" \/>\n<script type=\"application\/ld+json\" class=\"yoast-schema-graph\">{\"@context\":\"https:\/\/schema.org\",\"@graph\":[{\"@type\":\"WebPage\",\"@id\":\"https:\/\/titsandtatstattoo.com\/privadesa\/\",\"url\":\"https:\/\/titsandtatstattoo.com\/privadesa\/\",\"name\":\"Pol\u00edtica de privadesa - Tits and Tats Tattoo Studio\",\"isPartOf\":{\"@id\":\"https:\/\/titsandtatstattoo.com\/#website\"},\"datePublished\":\"2022-08-30T15:37:43+00:00\",\"dateModified\":\"2022-12-19T12:47:45+00:00\",\"description\":\"Pol\u00edtica de privadesa de lloc web Tits and Tats Tattoo Studio.\",\"breadcrumb\":{\"@id\":\"https:\/\/titsandtatstattoo.com\/privadesa\/#breadcrumb\"},\"inLanguage\":\"es\",\"potentialAction\":[{\"@type\":\"ReadAction\",\"target\":[\"https:\/\/titsandtatstattoo.com\/privadesa\/\"]}]},{\"@type\":\"BreadcrumbList\",\"@id\":\"https:\/\/titsandtatstattoo.com\/privadesa\/#breadcrumb\",\"itemListElement\":[{\"@type\":\"ListItem\",\"position\":1,\"name\":\"Home\",\"item\":\"https:\/\/titsandtatstattoo.com\/\"},{\"@type\":\"ListItem\",\"position\":2,\"name\":\"Pol\u00edtica de privadesa\"}]},{\"@type\":\"WebSite\",\"@id\":\"https:\/\/titsandtatstattoo.com\/#website\",\"url\":\"https:\/\/titsandtatstattoo.com\/\",\"name\":\"Tits and Tats Tattoo Studio\",\"description\":\"Tattoo And Piercing Studio\",\"potentialAction\":[{\"@type\":\"SearchAction\",\"target\":{\"@type\":\"EntryPoint\",\"urlTemplate\":\"https:\/\/titsandtatstattoo.com\/?s={search_term_string}\"},\"query-input\":{\"@type\":\"PropertyValueSpecification\",\"valueRequired\":true,\"valueName\":\"search_term_string\"}}],\"inLanguage\":\"es\"}]}<\/script>\n<!-- \/ Yoast SEO plugin. -->","yoast_head_json":{"title":"Pol\u00edtica de privadesa - Tits and Tats Tattoo Studio","description":"Pol\u00edtica de privadesa de lloc web Tits and Tats Tattoo Studio.","robots":{"index":"index","follow":"follow","max-snippet":"max-snippet:-1","max-image-preview":"max-image-preview:large","max-video-preview":"max-video-preview:-1"},"canonical":"https:\/\/titsandtatstattoo.com\/es\/privadesa\/","og_locale":"es_ES","og_type":"article","og_title":"Pol\u00edtica de privadesa - Tits and Tats Tattoo Studio","og_description":"Pol\u00edtica de privadesa de lloc web Tits and Tats Tattoo Studio.","og_url":"https:\/\/titsandtatstattoo.com\/es\/privadesa\/","og_site_name":"Tits and Tats Tattoo Studio","article_modified_time":"2022-12-19T12:47:45+00:00","twitter_card":"summary_large_image","twitter_misc":{"Tiempo de lectura":"11 minutos"},"schema":{"@context":"https:\/\/schema.org","@graph":[{"@type":"WebPage","@id":"https:\/\/titsandtatstattoo.com\/privadesa\/","url":"https:\/\/titsandtatstattoo.com\/privadesa\/","name":"Pol\u00edtica de privadesa - Tits and Tats Tattoo Studio","isPartOf":{"@id":"https:\/\/titsandtatstattoo.com\/#website"},"datePublished":"2022-08-30T15:37:43+00:00","dateModified":"2022-12-19T12:47:45+00:00","description":"Pol\u00edtica de privadesa de lloc web Tits and Tats Tattoo Studio.","breadcrumb":{"@id":"https:\/\/titsandtatstattoo.com\/privadesa\/#breadcrumb"},"inLanguage":"es","potentialAction":[{"@type":"ReadAction","target":["https:\/\/titsandtatstattoo.com\/privadesa\/"]}]},{"@type":"BreadcrumbList","@id":"https:\/\/titsandtatstattoo.com\/privadesa\/#breadcrumb","itemListElement":[{"@type":"ListItem","position":1,"name":"Home","item":"https:\/\/titsandtatstattoo.com\/"},{"@type":"ListItem","position":2,"name":"Pol\u00edtica de privadesa"}]},{"@type":"WebSite","@id":"https:\/\/titsandtatstattoo.com\/#website","url":"https:\/\/titsandtatstattoo.com\/","name":"Tits and Tats Tattoo Studio","description":"Tattoo And Piercing Studio","potentialAction":[{"@type":"SearchAction","target":{"@type":"EntryPoint","urlTemplate":"https:\/\/titsandtatstattoo.com\/?s={search_term_string}"},"query-input":{"@type":"PropertyValueSpecification","valueRequired":true,"valueName":"search_term_string"}}],"inLanguage":"es"}]}},"jetpack_sharing_enabled":true,"_links":{"self":[{"href":"https:\/\/titsandtatstattoo.com\/es\/wp-json\/wp\/v2\/pages\/2231"}],"collection":[{"href":"https:\/\/titsandtatstattoo.com\/es\/wp-json\/wp\/v2\/pages"}],"about":[{"href":"https:\/\/titsandtatstattoo.com\/es\/wp-json\/wp\/v2\/types\/page"}],"author":[{"embeddable":true,"href":"https:\/\/titsandtatstattoo.com\/es\/wp-json\/wp\/v2\/users\/2"}],"replies":[{"embeddable":true,"href":"https:\/\/titsandtatstattoo.com\/es\/wp-json\/wp\/v2\/comments?post=2231"}],"version-history":[{"count":17,"href":"https:\/\/titsandtatstattoo.com\/es\/wp-json\/wp\/v2\/pages\/2231\/revisions"}],"predecessor-version":[{"id":2820,"href":"https:\/\/titsandtatstattoo.com\/es\/wp-json\/wp\/v2\/pages\/2231\/revisions\/2820"}],"wp:attachment":[{"href":"https:\/\/titsandtatstattoo.com\/es\/wp-json\/wp\/v2\/media?parent=2231"}],"curies":[{"name":"wp","href":"https:\/\/api.w.org\/{rel}","templated":true}]}}