{"id":2452,"date":"2022-10-11T16:04:42","date_gmt":"2022-10-11T14:04:42","guid":{"rendered":"https:\/\/titsandtatstattoo.com\/?post_type=product&#038;p=2452"},"modified":"2024-11-18T15:25:12","modified_gmt":"2024-11-18T14:25:12","slug":"pircing-intermedi","status":"publish","type":"product","link":"https:\/\/titsandtatstattoo.com\/es\/product\/pircing-intermedi\/","title":{"rendered":"Piercing intermedio"},"content":{"rendered":"<p>La cita tendr\u00e1 una duraci\u00f3n aproximada de 30 minutos y podr\u00e1 elegirse la hora.<\/p>\n<p>Las cancelaciones tendr\u00e1n que hacerse 24h antes de la cita y solicitando cambio de hora y d\u00eda a trav\u00e9s del tel\u00e9fono del centro o bien, a trav\u00e9s de la app externa de reserva.<\/p>\n<p>*Opci\u00f3n de primera pieza en joyer\u00eda exclusiva disponible. Precios a consultar el d\u00eda de la cita en el estudio.<\/p>","protected":false},"excerpt":{"rendered":"<p>Reserva la teva cita per a un p\u00edrcing intermedi.<\/p>\n<p>Dentro de esta categor\u00eda englobaremos los siguientes:<\/p>\n<ul>\n<li>Snug<\/li>\n<li>Antitragus<\/li>\n<li>Daith<\/li>\n<li>Antih\u00e8lix<\/li>\n<li>Rook<\/li>\n<\/ul>\n<p>&nbsp;<\/p>\n<p><span style=\"color: #b88f1a;\">IMPORT TOTAL: 40\u20ac<\/span><\/p>\n<style>\n\t\tbutton {<br \/>\n\t\t\tcolor: #000000;<br \/>\n\t\t\tbackground-color: #b88f1a;<br \/>\n\t\t\tfont-size: 19px;<br \/>\n\t\t\tpadding: 15px 50px;<br \/>\n\t\t\tcursor: pointer<br \/>\n\t\t}<br \/>\n\t\tbutton:hover {<br \/>\n\t\t}<br \/>\n\t<\/style>\n<p><span style=\"color: #000000;\"><a style=\"color: #000000;\" href=\"https:\/\/booking.setmore.com\/scheduleappointment\/547da80a-42b4-44ef-a4df-4474a8d6500c\/services\/836f5187-118d-455b-bb49-10ce7ddc694e\" target=\"_blank\" rel=\"noopener\"><button name=\"myButton\" type=\"button\">RESERVA AQU\u00cd<\/button><\/a><\/span><\/p>","protected":false},"featured_media":2714,"template":"","meta":[],"product_brand":[],"product_cat":[124],"product_tag":[],"class_list":{"0":"post-2452","1":"product","2":"type-product","3":"status-publish","4":"has-post-thumbnail","6":"product_cat-reserves","8":"first","9":"instock","10":"taxable","11":"shipping-taxable","12":"product-type-simple"},"yoast_head":"<!-- This site is optimized with the Yoast SEO plugin v25.5 - https:\/\/yoast.com\/wordpress\/plugins\/seo\/ -->\n<title>P\u00edrcing intermedi - Tits and Tats Tattoo Studio<\/title>\n<meta name=\"description\" content=\"Reserva la teva cita per a un p\u00edrcing intermedi a Tits and Tats Tattoo Studio.\" \/>\n<meta name=\"robots\" content=\"index, follow, max-snippet:-1, max-image-preview:large, max-video-preview:-1\" \/>\n<link rel=\"canonical\" href=\"https:\/\/titsandtatstattoo.com\/es\/product\/pircing-intermedi\/\" \/>\n<meta property=\"og:locale\" content=\"es_ES\" \/>\n<meta property=\"og:type\" content=\"article\" \/>\n<meta property=\"og:title\" content=\"P\u00edrcing intermedi - Tits and Tats Tattoo Studio\" \/>\n<meta property=\"og:description\" content=\"Reserva la teva cita per a un p\u00edrcing intermedi a Tits and Tats Tattoo Studio.\" \/>\n<meta property=\"og:url\" content=\"https:\/\/titsandtatstattoo.com\/es\/product\/pircing-intermedi\/\" \/>\n<meta property=\"og:site_name\" content=\"Tits and Tats Tattoo Studio\" \/>\n<meta property=\"article:modified_time\" content=\"2024-11-18T14:25:12+00:00\" \/>\n<meta property=\"og:image\" content=\"https:\/\/i0.wp.com\/titsandtatstattoo.com\/wp-content\/uploads\/2022\/10\/pircing-antihelix.jpg?fit=1575%2C1969&ssl=1\" \/>\n\t<meta property=\"og:image:width\" content=\"1575\" \/>\n\t<meta property=\"og:image:height\" content=\"1969\" \/>\n\t<meta property=\"og:image:type\" content=\"image\/jpeg\" \/>\n<meta name=\"twitter:card\" content=\"summary_large_image\" \/>\n<meta name=\"twitter:label1\" content=\"Tiempo de lectura\" \/>\n\t<meta name=\"twitter:data1\" content=\"1 minuto\" \/>\n<script type=\"application\/ld+json\" class=\"yoast-schema-graph\">{\"@context\":\"https:\/\/schema.org\",\"@graph\":[{\"@type\":\"WebPage\",\"@id\":\"https:\/\/titsandtatstattoo.com\/product\/pircing-intermedi\/\",\"url\":\"https:\/\/titsandtatstattoo.com\/product\/pircing-intermedi\/\",\"name\":\"P\u00edrcing intermedi - Tits and Tats Tattoo Studio\",\"isPartOf\":{\"@id\":\"https:\/\/titsandtatstattoo.com\/#website\"},\"primaryImageOfPage\":{\"@id\":\"https:\/\/titsandtatstattoo.com\/product\/pircing-intermedi\/#primaryimage\"},\"image\":{\"@id\":\"https:\/\/titsandtatstattoo.com\/product\/pircing-intermedi\/#primaryimage\"},\"thumbnailUrl\":\"https:\/\/i0.wp.com\/titsandtatstattoo.com\/wp-content\/uploads\/2022\/10\/pircing-antihelix.jpg?fit=1575%2C1969&ssl=1\",\"datePublished\":\"2022-10-11T14:04:42+00:00\",\"dateModified\":\"2024-11-18T14:25:12+00:00\",\"description\":\"Reserva la teva cita per a un p\u00edrcing intermedi a Tits and Tats Tattoo Studio.\",\"breadcrumb\":{\"@id\":\"https:\/\/titsandtatstattoo.com\/product\/pircing-intermedi\/#breadcrumb\"},\"inLanguage\":\"es\",\"potentialAction\":[{\"@type\":\"ReadAction\",\"target\":[\"https:\/\/titsandtatstattoo.com\/product\/pircing-intermedi\/\"]}]},{\"@type\":\"ImageObject\",\"inLanguage\":\"es\",\"@id\":\"https:\/\/titsandtatstattoo.com\/product\/pircing-intermedi\/#primaryimage\",\"url\":\"https:\/\/i0.wp.com\/titsandtatstattoo.com\/wp-content\/uploads\/2022\/10\/pircing-antihelix.jpg?fit=1575%2C1969&ssl=1\",\"contentUrl\":\"https:\/\/i0.wp.com\/titsandtatstattoo.com\/wp-content\/uploads\/2022\/10\/pircing-antihelix.jpg?fit=1575%2C1969&ssl=1\",\"width\":1575,\"height\":1969,\"caption\":\"P\u00edrcing antihelix, situat a la part superior de l'orella.\"},{\"@type\":\"BreadcrumbList\",\"@id\":\"https:\/\/titsandtatstattoo.com\/product\/pircing-intermedi\/#breadcrumb\",\"itemListElement\":[{\"@type\":\"ListItem\",\"position\":1,\"name\":\"Home\",\"item\":\"https:\/\/titsandtatstattoo.com\/\"},{\"@type\":\"ListItem\",\"position\":2,\"name\":\"Botiga\",\"item\":\"https:\/\/titsandtatstattoo.com\/botiga\/\"},{\"@type\":\"ListItem\",\"position\":3,\"name\":\"P\u00edrcing intermedi\"}]},{\"@type\":\"WebSite\",\"@id\":\"https:\/\/titsandtatstattoo.com\/#website\",\"url\":\"https:\/\/titsandtatstattoo.com\/\",\"name\":\"Tits and Tats Tattoo Studio\",\"description\":\"Tattoo And Piercing Studio\",\"potentialAction\":[{\"@type\":\"SearchAction\",\"target\":{\"@type\":\"EntryPoint\",\"urlTemplate\":\"https:\/\/titsandtatstattoo.com\/?s={search_term_string}\"},\"query-input\":{\"@type\":\"PropertyValueSpecification\",\"valueRequired\":true,\"valueName\":\"search_term_string\"}}],\"inLanguage\":\"es\"}]}<\/script>\n<!-- \/ Yoast SEO plugin. -->","yoast_head_json":{"title":"P\u00edrcing intermedi - Tits and Tats Tattoo Studio","description":"Reserva la teva cita per a un p\u00edrcing intermedi a Tits and Tats Tattoo Studio.","robots":{"index":"index","follow":"follow","max-snippet":"max-snippet:-1","max-image-preview":"max-image-preview:large","max-video-preview":"max-video-preview:-1"},"canonical":"https:\/\/titsandtatstattoo.com\/es\/product\/pircing-intermedi\/","og_locale":"es_ES","og_type":"article","og_title":"P\u00edrcing intermedi - Tits and Tats Tattoo Studio","og_description":"Reserva la teva cita per a un p\u00edrcing intermedi a Tits and Tats Tattoo Studio.","og_url":"https:\/\/titsandtatstattoo.com\/es\/product\/pircing-intermedi\/","og_site_name":"Tits and Tats Tattoo Studio","article_modified_time":"2024-11-18T14:25:12+00:00","og_image":[{"width":1575,"height":1969,"url":"https:\/\/i0.wp.com\/titsandtatstattoo.com\/wp-content\/uploads\/2022\/10\/pircing-antihelix.jpg?fit=1575%2C1969&ssl=1","type":"image\/jpeg"}],"twitter_card":"summary_large_image","twitter_misc":{"Tiempo de lectura":"1 minuto"},"schema":{"@context":"https:\/\/schema.org","@graph":[{"@type":"WebPage","@id":"https:\/\/titsandtatstattoo.com\/product\/pircing-intermedi\/","url":"https:\/\/titsandtatstattoo.com\/product\/pircing-intermedi\/","name":"P\u00edrcing intermedi - Tits and Tats Tattoo Studio","isPartOf":{"@id":"https:\/\/titsandtatstattoo.com\/#website"},"primaryImageOfPage":{"@id":"https:\/\/titsandtatstattoo.com\/product\/pircing-intermedi\/#primaryimage"},"image":{"@id":"https:\/\/titsandtatstattoo.com\/product\/pircing-intermedi\/#primaryimage"},"thumbnailUrl":"https:\/\/i0.wp.com\/titsandtatstattoo.com\/wp-content\/uploads\/2022\/10\/pircing-antihelix.jpg?fit=1575%2C1969&ssl=1","datePublished":"2022-10-11T14:04:42+00:00","dateModified":"2024-11-18T14:25:12+00:00","description":"Reserva la teva cita per a un p\u00edrcing intermedi a Tits and Tats Tattoo Studio.","breadcrumb":{"@id":"https:\/\/titsandtatstattoo.com\/product\/pircing-intermedi\/#breadcrumb"},"inLanguage":"es","potentialAction":[{"@type":"ReadAction","target":["https:\/\/titsandtatstattoo.com\/product\/pircing-intermedi\/"]}]},{"@type":"ImageObject","inLanguage":"es","@id":"https:\/\/titsandtatstattoo.com\/product\/pircing-intermedi\/#primaryimage","url":"https:\/\/i0.wp.com\/titsandtatstattoo.com\/wp-content\/uploads\/2022\/10\/pircing-antihelix.jpg?fit=1575%2C1969&ssl=1","contentUrl":"https:\/\/i0.wp.com\/titsandtatstattoo.com\/wp-content\/uploads\/2022\/10\/pircing-antihelix.jpg?fit=1575%2C1969&ssl=1","width":1575,"height":1969,"caption":"P\u00edrcing antihelix, situat a la part superior de l'orella."},{"@type":"BreadcrumbList","@id":"https:\/\/titsandtatstattoo.com\/product\/pircing-intermedi\/#breadcrumb","itemListElement":[{"@type":"ListItem","position":1,"name":"Home","item":"https:\/\/titsandtatstattoo.com\/"},{"@type":"ListItem","position":2,"name":"Botiga","item":"https:\/\/titsandtatstattoo.com\/botiga\/"},{"@type":"ListItem","position":3,"name":"P\u00edrcing intermedi"}]},{"@type":"WebSite","@id":"https:\/\/titsandtatstattoo.com\/#website","url":"https:\/\/titsandtatstattoo.com\/","name":"Tits and Tats Tattoo Studio","description":"Tattoo And Piercing Studio","potentialAction":[{"@type":"SearchAction","target":{"@type":"EntryPoint","urlTemplate":"https:\/\/titsandtatstattoo.com\/?s={search_term_string}"},"query-input":{"@type":"PropertyValueSpecification","valueRequired":true,"valueName":"search_term_string"}}],"inLanguage":"es"}]}},"jetpack_sharing_enabled":true,"_links":{"self":[{"href":"https:\/\/titsandtatstattoo.com\/es\/wp-json\/wp\/v2\/product\/2452"}],"collection":[{"href":"https:\/\/titsandtatstattoo.com\/es\/wp-json\/wp\/v2\/product"}],"about":[{"href":"https:\/\/titsandtatstattoo.com\/es\/wp-json\/wp\/v2\/types\/product"}],"wp:featuredmedia":[{"embeddable":true,"href":"https:\/\/titsandtatstattoo.com\/es\/wp-json\/wp\/v2\/media\/2714"}],"wp:attachment":[{"href":"https:\/\/titsandtatstattoo.com\/es\/wp-json\/wp\/v2\/media?parent=2452"}],"wp:term":[{"taxonomy":"product_brand","embeddable":true,"href":"https:\/\/titsandtatstattoo.com\/es\/wp-json\/wp\/v2\/product_brand?post=2452"},{"taxonomy":"product_cat","embeddable":true,"href":"https:\/\/titsandtatstattoo.com\/es\/wp-json\/wp\/v2\/product_cat?post=2452"},{"taxonomy":"product_tag","embeddable":true,"href":"https:\/\/titsandtatstattoo.com\/es\/wp-json\/wp\/v2\/product_tag?post=2452"}],"curies":[{"name":"wp","href":"https:\/\/api.w.org\/{rel}","templated":true}]}}