{"id":2566,"date":"2022-11-14T10:15:50","date_gmt":"2022-11-14T09:15:50","guid":{"rendered":"https:\/\/titsandtatstattoo.com\/?post_type=product&#038;p=2566"},"modified":"2025-05-24T13:21:43","modified_gmt":"2025-05-24T11:21:43","slug":"balmor","status":"publish","type":"product","link":"https:\/\/titsandtatstattoo.com\/es\/product\/balmor\/","title":{"rendered":"Crema tatuajes Balm Original"},"content":{"rendered":"<p>Pomada con elevada concentraci\u00f3n a Pantenol (5%) y Sepitonic M3, indicada para cuidar y proteger la piel sana tatuada. Mejora la reparaci\u00f3n de la piel, hidrata, alivia la irritaci\u00f3n y ayuda a embellecer los colores. Contiene una mezcla de tres importantes minerales para la piel, (Cu, Zn y Mg) combinados con aniones org\u00e1nicos (Aspartato y Gluconat), proporcionando as\u00ed el vector ideal para transportar los minerales y as\u00ed mejorar su absorci\u00f3n de la epidermis. Tambi\u00e9n est\u00e1 indicada para pieles muy secas, escamades y tambi\u00e9n sensibles al fr\u00edo, detergentes y sustancias irritantes, etc.<\/p>\n<p>Aprobado por tatuadors profesionales y especialistas en la cura de la piel.<\/p>\n<p>Especificaciones: Repara e hidrata. Ayuda a mantener el color original del tatuaje. F\u00f3rmula de alta tolerancia. Testado dermatol\u00f3gicamente en piel da\u00f1ada. Protecci\u00f3n contra radicales libres. No mancha la ropa. Act\u00faa como una segunda piel protegi\u00e9ndola de agentes externos. Con 3 relevantes minerales para la piel (Cu, Zn y Mg).<\/p>","protected":false},"excerpt":{"rendered":"<p>Pomada amb elevada concentraci\u00f3 a Pantenol (5%) i Sepitonic M3, indicada per cuidar i protegir la pell sana tatuada. Millora la reparaci\u00f3 de la pell, hidrata, alleuja la irritaci\u00f3 i [&hellip;]<\/p>\n","protected":false},"featured_media":2571,"template":"","meta":[],"product_brand":[],"product_cat":[15],"product_tag":[],"class_list":{"0":"post-2566","1":"product","2":"type-product","3":"status-publish","4":"has-post-thumbnail","6":"product_cat-cures","8":"first","9":"instock","10":"taxable","11":"shipping-taxable","12":"purchasable","13":"product-type-variable"},"yoast_head":"<!-- This site is optimized with the Yoast SEO plugin v25.5 - https:\/\/yoast.com\/wordpress\/plugins\/seo\/ -->\n<title>Crema tatuatges Balm Original - Tits and Tats Tattoo Studio<\/title>\n<meta name=\"description\" content=\"Crema per a la curaci\u00f3 de tatuatges Balm Original. Aprovat per tatuadors professionals i especialistes en la cura de la pell.\" \/>\n<meta name=\"robots\" content=\"index, follow, max-snippet:-1, max-image-preview:large, max-video-preview:-1\" \/>\n<link rel=\"canonical\" href=\"https:\/\/titsandtatstattoo.com\/es\/product\/balmor\/\" \/>\n<meta property=\"og:locale\" content=\"es_ES\" \/>\n<meta property=\"og:type\" content=\"article\" \/>\n<meta property=\"og:title\" content=\"Crema tatuatges Balm Original - Tits and Tats Tattoo Studio\" \/>\n<meta property=\"og:description\" content=\"Crema per a la curaci\u00f3 de tatuatges Balm Original. Aprovat per tatuadors professionals i especialistes en la cura de la pell.\" \/>\n<meta property=\"og:url\" content=\"https:\/\/titsandtatstattoo.com\/es\/product\/balmor\/\" \/>\n<meta property=\"og:site_name\" content=\"Tits and Tats Tattoo Studio\" \/>\n<meta property=\"article:modified_time\" content=\"2025-05-24T11:21:43+00:00\" \/>\n<meta property=\"og:image\" content=\"https:\/\/i0.wp.com\/titsandtatstattoo.com\/wp-content\/uploads\/2022\/11\/BALMOR.jpeg?fit=1100%2C1422&ssl=1\" \/>\n\t<meta property=\"og:image:width\" content=\"1100\" \/>\n\t<meta property=\"og:image:height\" content=\"1422\" \/>\n\t<meta property=\"og:image:type\" content=\"image\/jpeg\" \/>\n<meta name=\"twitter:card\" content=\"summary_large_image\" \/>\n<meta name=\"twitter:label1\" content=\"Tiempo de lectura\" \/>\n\t<meta name=\"twitter:data1\" content=\"2 minutos\" \/>\n<script type=\"application\/ld+json\" class=\"yoast-schema-graph\">{\"@context\":\"https:\/\/schema.org\",\"@graph\":[{\"@type\":\"WebPage\",\"@id\":\"https:\/\/titsandtatstattoo.com\/product\/balmor\/\",\"url\":\"https:\/\/titsandtatstattoo.com\/product\/balmor\/\",\"name\":\"Crema tatuatges Balm Original - Tits and Tats Tattoo Studio\",\"isPartOf\":{\"@id\":\"https:\/\/titsandtatstattoo.com\/#website\"},\"primaryImageOfPage\":{\"@id\":\"https:\/\/titsandtatstattoo.com\/product\/balmor\/#primaryimage\"},\"image\":{\"@id\":\"https:\/\/titsandtatstattoo.com\/product\/balmor\/#primaryimage\"},\"thumbnailUrl\":\"https:\/\/i0.wp.com\/titsandtatstattoo.com\/wp-content\/uploads\/2022\/11\/BALMOR.jpeg?fit=1100%2C1422&ssl=1\",\"datePublished\":\"2022-11-14T09:15:50+00:00\",\"dateModified\":\"2025-05-24T11:21:43+00:00\",\"description\":\"Crema per a la curaci\u00f3 de tatuatges Balm Original. Aprovat per tatuadors professionals i especialistes en la cura de la pell.\",\"breadcrumb\":{\"@id\":\"https:\/\/titsandtatstattoo.com\/product\/balmor\/#breadcrumb\"},\"inLanguage\":\"es\",\"potentialAction\":[{\"@type\":\"ReadAction\",\"target\":[\"https:\/\/titsandtatstattoo.com\/product\/balmor\/\"]}]},{\"@type\":\"ImageObject\",\"inLanguage\":\"es\",\"@id\":\"https:\/\/titsandtatstattoo.com\/product\/balmor\/#primaryimage\",\"url\":\"https:\/\/i0.wp.com\/titsandtatstattoo.com\/wp-content\/uploads\/2022\/11\/BALMOR.jpeg?fit=1100%2C1422&ssl=1\",\"contentUrl\":\"https:\/\/i0.wp.com\/titsandtatstattoo.com\/wp-content\/uploads\/2022\/11\/BALMOR.jpeg?fit=1100%2C1422&ssl=1\",\"width\":1100,\"height\":1422,\"caption\":\"Crema per la curaci\u00f3 de tatuatges Balm Original en diferentes mides a Tits and Tats Tattoo Studio\"},{\"@type\":\"BreadcrumbList\",\"@id\":\"https:\/\/titsandtatstattoo.com\/product\/balmor\/#breadcrumb\",\"itemListElement\":[{\"@type\":\"ListItem\",\"position\":1,\"name\":\"Home\",\"item\":\"https:\/\/titsandtatstattoo.com\/\"},{\"@type\":\"ListItem\",\"position\":2,\"name\":\"Botiga\",\"item\":\"https:\/\/titsandtatstattoo.com\/botiga\/\"},{\"@type\":\"ListItem\",\"position\":3,\"name\":\"Crema tatuatges Balm Original\"}]},{\"@type\":\"WebSite\",\"@id\":\"https:\/\/titsandtatstattoo.com\/#website\",\"url\":\"https:\/\/titsandtatstattoo.com\/\",\"name\":\"Tits and Tats Tattoo Studio\",\"description\":\"Tattoo And Piercing Studio\",\"potentialAction\":[{\"@type\":\"SearchAction\",\"target\":{\"@type\":\"EntryPoint\",\"urlTemplate\":\"https:\/\/titsandtatstattoo.com\/?s={search_term_string}\"},\"query-input\":{\"@type\":\"PropertyValueSpecification\",\"valueRequired\":true,\"valueName\":\"search_term_string\"}}],\"inLanguage\":\"es\"}]}<\/script>\n<!-- \/ Yoast SEO plugin. -->","yoast_head_json":{"title":"Crema tatuatges Balm Original - Tits and Tats Tattoo Studio","description":"Crema per a la curaci\u00f3 de tatuatges Balm Original. Aprovat per tatuadors professionals i especialistes en la cura de la pell.","robots":{"index":"index","follow":"follow","max-snippet":"max-snippet:-1","max-image-preview":"max-image-preview:large","max-video-preview":"max-video-preview:-1"},"canonical":"https:\/\/titsandtatstattoo.com\/es\/product\/balmor\/","og_locale":"es_ES","og_type":"article","og_title":"Crema tatuatges Balm Original - Tits and Tats Tattoo Studio","og_description":"Crema per a la curaci\u00f3 de tatuatges Balm Original. Aprovat per tatuadors professionals i especialistes en la cura de la pell.","og_url":"https:\/\/titsandtatstattoo.com\/es\/product\/balmor\/","og_site_name":"Tits and Tats Tattoo Studio","article_modified_time":"2025-05-24T11:21:43+00:00","og_image":[{"width":1100,"height":1422,"url":"https:\/\/i0.wp.com\/titsandtatstattoo.com\/wp-content\/uploads\/2022\/11\/BALMOR.jpeg?fit=1100%2C1422&ssl=1","type":"image\/jpeg"}],"twitter_card":"summary_large_image","twitter_misc":{"Tiempo de lectura":"2 minutos"},"schema":{"@context":"https:\/\/schema.org","@graph":[{"@type":"WebPage","@id":"https:\/\/titsandtatstattoo.com\/product\/balmor\/","url":"https:\/\/titsandtatstattoo.com\/product\/balmor\/","name":"Crema tatuatges Balm Original - Tits and Tats Tattoo Studio","isPartOf":{"@id":"https:\/\/titsandtatstattoo.com\/#website"},"primaryImageOfPage":{"@id":"https:\/\/titsandtatstattoo.com\/product\/balmor\/#primaryimage"},"image":{"@id":"https:\/\/titsandtatstattoo.com\/product\/balmor\/#primaryimage"},"thumbnailUrl":"https:\/\/i0.wp.com\/titsandtatstattoo.com\/wp-content\/uploads\/2022\/11\/BALMOR.jpeg?fit=1100%2C1422&ssl=1","datePublished":"2022-11-14T09:15:50+00:00","dateModified":"2025-05-24T11:21:43+00:00","description":"Crema per a la curaci\u00f3 de tatuatges Balm Original. Aprovat per tatuadors professionals i especialistes en la cura de la pell.","breadcrumb":{"@id":"https:\/\/titsandtatstattoo.com\/product\/balmor\/#breadcrumb"},"inLanguage":"es","potentialAction":[{"@type":"ReadAction","target":["https:\/\/titsandtatstattoo.com\/product\/balmor\/"]}]},{"@type":"ImageObject","inLanguage":"es","@id":"https:\/\/titsandtatstattoo.com\/product\/balmor\/#primaryimage","url":"https:\/\/i0.wp.com\/titsandtatstattoo.com\/wp-content\/uploads\/2022\/11\/BALMOR.jpeg?fit=1100%2C1422&ssl=1","contentUrl":"https:\/\/i0.wp.com\/titsandtatstattoo.com\/wp-content\/uploads\/2022\/11\/BALMOR.jpeg?fit=1100%2C1422&ssl=1","width":1100,"height":1422,"caption":"Crema per la curaci\u00f3 de tatuatges Balm Original en diferentes mides a Tits and Tats Tattoo Studio"},{"@type":"BreadcrumbList","@id":"https:\/\/titsandtatstattoo.com\/product\/balmor\/#breadcrumb","itemListElement":[{"@type":"ListItem","position":1,"name":"Home","item":"https:\/\/titsandtatstattoo.com\/"},{"@type":"ListItem","position":2,"name":"Botiga","item":"https:\/\/titsandtatstattoo.com\/botiga\/"},{"@type":"ListItem","position":3,"name":"Crema tatuatges Balm Original"}]},{"@type":"WebSite","@id":"https:\/\/titsandtatstattoo.com\/#website","url":"https:\/\/titsandtatstattoo.com\/","name":"Tits and Tats Tattoo Studio","description":"Tattoo And Piercing Studio","potentialAction":[{"@type":"SearchAction","target":{"@type":"EntryPoint","urlTemplate":"https:\/\/titsandtatstattoo.com\/?s={search_term_string}"},"query-input":{"@type":"PropertyValueSpecification","valueRequired":true,"valueName":"search_term_string"}}],"inLanguage":"es"}]}},"jetpack_sharing_enabled":true,"_links":{"self":[{"href":"https:\/\/titsandtatstattoo.com\/es\/wp-json\/wp\/v2\/product\/2566"}],"collection":[{"href":"https:\/\/titsandtatstattoo.com\/es\/wp-json\/wp\/v2\/product"}],"about":[{"href":"https:\/\/titsandtatstattoo.com\/es\/wp-json\/wp\/v2\/types\/product"}],"wp:featuredmedia":[{"embeddable":true,"href":"https:\/\/titsandtatstattoo.com\/es\/wp-json\/wp\/v2\/media\/2571"}],"wp:attachment":[{"href":"https:\/\/titsandtatstattoo.com\/es\/wp-json\/wp\/v2\/media?parent=2566"}],"wp:term":[{"taxonomy":"product_brand","embeddable":true,"href":"https:\/\/titsandtatstattoo.com\/es\/wp-json\/wp\/v2\/product_brand?post=2566"},{"taxonomy":"product_cat","embeddable":true,"href":"https:\/\/titsandtatstattoo.com\/es\/wp-json\/wp\/v2\/product_cat?post=2566"},{"taxonomy":"product_tag","embeddable":true,"href":"https:\/\/titsandtatstattoo.com\/es\/wp-json\/wp\/v2\/product_tag?post=2566"}],"curies":[{"name":"wp","href":"https:\/\/api.w.org\/{rel}","templated":true}]}}