{"id":2612,"date":"2022-11-14T16:25:52","date_gmt":"2022-11-14T15:25:52","guid":{"rendered":"https:\/\/titsandtatstattoo.com\/?post_type=product&#038;p=2612"},"modified":"2024-11-18T19:21:03","modified_gmt":"2024-11-18T18:21:03","slug":"dessuadora-over-size-polilla","status":"publish","type":"product","link":"https:\/\/titsandtatstattoo.com\/es\/product\/dessuadora-over-size-polilla\/","title":{"rendered":"RECAPTACI\u00d3 DANA VALENCIA"},"content":{"rendered":"<blockquote><p><strong>RECAPTACI\u00d3 DANA VAL\u00c8NCIA<\/strong><\/p><\/blockquote>\n<p>La recaptaci\u00f3 d&#8217;aquest producte anir\u00e0 \u00edntegrament destinat als damnificats de Val\u00e8ncia per la DANA.<\/p>\n<p>Els guanys es faran arribar a diverses entitats tals com:<\/p>\n<ul>\n<li>Banco Alimentos de Valencia<\/li>\n<li>Xarxa Solid\u00e0ria de Lleida<\/li>\n<\/ul>\n<p>Qui s&#8217;encarregaran de gestionar-los comprant el material i aliments, que manquin en el moment, a les zones afectades, per a millorar l&#8217;economia i ajudar de forma doble i efectiva.<\/p>\n<p>Totes les aportacions\u00a0seran\u00a0justificades.<\/p>\n<hr \/>\n<p class=\"p1\">Sudadera negra Over-*size de confecci\u00f3n propia con el dise\u00f1o de Ester Tattoo. Estampaci\u00f3n frontal mediante serigraf\u00eda, y detalles en las mangas. Interior de la capucha gris. Disponible en diferentes tallas, ver tabla de tallas a fotos.<\/p>","protected":false},"excerpt":{"rendered":"<p>RECAPTACI\u00d3 DANA VAL\u00c8NCIA La recaptaci\u00f3 d&#8217;aquest producte anir\u00e0 \u00edntegrament destinat als damnificats de Val\u00e8ncia per la DANA. Els guanys es faran arribar a diverses entitats tals com: Banco Alimentos de [&hellip;]<\/p>\n","protected":false},"featured_media":7118,"template":"","meta":[],"product_brand":[],"product_cat":[146,286],"product_tag":[388,390,391,389],"class_list":{"0":"post-2612","1":"product","2":"type-product","3":"status-publish","4":"has-post-thumbnail","6":"product_cat-streetwear","7":"product_cat-samarretes","8":"product_tag-dana","9":"product_tag-dessuadora","10":"product_tag-recaptacio","11":"product_tag-sudadera","13":"first","14":"instock","15":"sale","16":"taxable","17":"shipping-taxable","18":"purchasable","19":"product-type-variable"},"yoast_head":"<!-- This site is optimized with the Yoast SEO plugin v25.5 - https:\/\/yoast.com\/wordpress\/plugins\/seo\/ -->\n<title>RECAPTACI\u00d3 DANA VALENCIA - Tits and Tats Tattoo Studio<\/title>\n<meta name=\"description\" content=\"RECAPTACI\u00d3 DANA VALENCIA Dessuadora negra over-size de confecci\u00f3 pr\u00f2pia amb disseny d&#039;Ester Tattoo. Estampaci\u00f3 frontal amb detalls a les m\u00e0nigues.\" \/>\n<meta name=\"robots\" content=\"index, follow, max-snippet:-1, max-image-preview:large, max-video-preview:-1\" \/>\n<link rel=\"canonical\" href=\"https:\/\/titsandtatstattoo.com\/es\/product\/dessuadora-over-size-polilla\/\" \/>\n<meta property=\"og:locale\" content=\"es_ES\" \/>\n<meta property=\"og:type\" content=\"article\" \/>\n<meta property=\"og:title\" content=\"RECAPTACI\u00d3 DANA VALENCIA - Tits and Tats Tattoo Studio\" \/>\n<meta property=\"og:description\" content=\"RECAPTACI\u00d3 DANA VALENCIA Dessuadora negra over-size de confecci\u00f3 pr\u00f2pia amb disseny d&#039;Ester Tattoo. Estampaci\u00f3 frontal amb detalls a les m\u00e0nigues.\" \/>\n<meta property=\"og:url\" content=\"https:\/\/titsandtatstattoo.com\/es\/product\/dessuadora-over-size-polilla\/\" \/>\n<meta property=\"og:site_name\" content=\"Tits and Tats Tattoo Studio\" \/>\n<meta property=\"article:modified_time\" content=\"2024-11-18T18:21:03+00:00\" \/>\n<meta property=\"og:image\" content=\"https:\/\/i0.wp.com\/titsandtatstattoo.com\/wp-content\/uploads\/2022\/11\/IMG_9580.png?fit=1220%2C813&ssl=1\" \/>\n\t<meta property=\"og:image:width\" content=\"1220\" \/>\n\t<meta property=\"og:image:height\" content=\"813\" \/>\n\t<meta property=\"og:image:type\" content=\"image\/png\" \/>\n<meta name=\"twitter:card\" content=\"summary_large_image\" \/>\n<meta name=\"twitter:label1\" content=\"Tiempo de lectura\" \/>\n\t<meta name=\"twitter:data1\" content=\"1 minuto\" \/>\n<script type=\"application\/ld+json\" class=\"yoast-schema-graph\">{\"@context\":\"https:\/\/schema.org\",\"@graph\":[{\"@type\":\"WebPage\",\"@id\":\"https:\/\/titsandtatstattoo.com\/product\/dessuadora-over-size-polilla\/\",\"url\":\"https:\/\/titsandtatstattoo.com\/product\/dessuadora-over-size-polilla\/\",\"name\":\"RECAPTACI\u00d3 DANA VALENCIA - Tits and Tats Tattoo Studio\",\"isPartOf\":{\"@id\":\"https:\/\/titsandtatstattoo.com\/#website\"},\"primaryImageOfPage\":{\"@id\":\"https:\/\/titsandtatstattoo.com\/product\/dessuadora-over-size-polilla\/#primaryimage\"},\"image\":{\"@id\":\"https:\/\/titsandtatstattoo.com\/product\/dessuadora-over-size-polilla\/#primaryimage\"},\"thumbnailUrl\":\"https:\/\/i0.wp.com\/titsandtatstattoo.com\/wp-content\/uploads\/2022\/11\/IMG_9580.png?fit=1220%2C813&ssl=1\",\"datePublished\":\"2022-11-14T15:25:52+00:00\",\"dateModified\":\"2024-11-18T18:21:03+00:00\",\"description\":\"RECAPTACI\u00d3 DANA VALENCIA Dessuadora negra over-size de confecci\u00f3 pr\u00f2pia amb disseny d'Ester Tattoo. Estampaci\u00f3 frontal amb detalls a les m\u00e0nigues.\",\"breadcrumb\":{\"@id\":\"https:\/\/titsandtatstattoo.com\/product\/dessuadora-over-size-polilla\/#breadcrumb\"},\"inLanguage\":\"es\",\"potentialAction\":[{\"@type\":\"ReadAction\",\"target\":[\"https:\/\/titsandtatstattoo.com\/product\/dessuadora-over-size-polilla\/\"]}]},{\"@type\":\"ImageObject\",\"inLanguage\":\"es\",\"@id\":\"https:\/\/titsandtatstattoo.com\/product\/dessuadora-over-size-polilla\/#primaryimage\",\"url\":\"https:\/\/i0.wp.com\/titsandtatstattoo.com\/wp-content\/uploads\/2022\/11\/IMG_9580.png?fit=1220%2C813&ssl=1\",\"contentUrl\":\"https:\/\/i0.wp.com\/titsandtatstattoo.com\/wp-content\/uploads\/2022\/11\/IMG_9580.png?fit=1220%2C813&ssl=1\",\"width\":1220,\"height\":813,\"caption\":\"RECAUDACI\u00d3 DANA VALENCIA\"},{\"@type\":\"BreadcrumbList\",\"@id\":\"https:\/\/titsandtatstattoo.com\/product\/dessuadora-over-size-polilla\/#breadcrumb\",\"itemListElement\":[{\"@type\":\"ListItem\",\"position\":1,\"name\":\"Home\",\"item\":\"https:\/\/titsandtatstattoo.com\/\"},{\"@type\":\"ListItem\",\"position\":2,\"name\":\"Botiga\",\"item\":\"https:\/\/titsandtatstattoo.com\/botiga\/\"},{\"@type\":\"ListItem\",\"position\":3,\"name\":\"RECAPTACI\u00d3 DANA VALENCIA\"}]},{\"@type\":\"WebSite\",\"@id\":\"https:\/\/titsandtatstattoo.com\/#website\",\"url\":\"https:\/\/titsandtatstattoo.com\/\",\"name\":\"Tits and Tats Tattoo Studio\",\"description\":\"Tattoo And Piercing Studio\",\"potentialAction\":[{\"@type\":\"SearchAction\",\"target\":{\"@type\":\"EntryPoint\",\"urlTemplate\":\"https:\/\/titsandtatstattoo.com\/?s={search_term_string}\"},\"query-input\":{\"@type\":\"PropertyValueSpecification\",\"valueRequired\":true,\"valueName\":\"search_term_string\"}}],\"inLanguage\":\"es\"}]}<\/script>\n<!-- \/ Yoast SEO plugin. -->","yoast_head_json":{"title":"RECAPTACI\u00d3 DANA VALENCIA - Tits and Tats Tattoo Studio","description":"RECAPTACI\u00d3 DANA VALENCIA Dessuadora negra over-size de confecci\u00f3 pr\u00f2pia amb disseny d'Ester Tattoo. Estampaci\u00f3 frontal amb detalls a les m\u00e0nigues.","robots":{"index":"index","follow":"follow","max-snippet":"max-snippet:-1","max-image-preview":"max-image-preview:large","max-video-preview":"max-video-preview:-1"},"canonical":"https:\/\/titsandtatstattoo.com\/es\/product\/dessuadora-over-size-polilla\/","og_locale":"es_ES","og_type":"article","og_title":"RECAPTACI\u00d3 DANA VALENCIA - Tits and Tats Tattoo Studio","og_description":"RECAPTACI\u00d3 DANA VALENCIA Dessuadora negra over-size de confecci\u00f3 pr\u00f2pia amb disseny d'Ester Tattoo. Estampaci\u00f3 frontal amb detalls a les m\u00e0nigues.","og_url":"https:\/\/titsandtatstattoo.com\/es\/product\/dessuadora-over-size-polilla\/","og_site_name":"Tits and Tats Tattoo Studio","article_modified_time":"2024-11-18T18:21:03+00:00","og_image":[{"width":1220,"height":813,"url":"https:\/\/i0.wp.com\/titsandtatstattoo.com\/wp-content\/uploads\/2022\/11\/IMG_9580.png?fit=1220%2C813&ssl=1","type":"image\/png"}],"twitter_card":"summary_large_image","twitter_misc":{"Tiempo de lectura":"1 minuto"},"schema":{"@context":"https:\/\/schema.org","@graph":[{"@type":"WebPage","@id":"https:\/\/titsandtatstattoo.com\/product\/dessuadora-over-size-polilla\/","url":"https:\/\/titsandtatstattoo.com\/product\/dessuadora-over-size-polilla\/","name":"RECAPTACI\u00d3 DANA VALENCIA - Tits and Tats Tattoo Studio","isPartOf":{"@id":"https:\/\/titsandtatstattoo.com\/#website"},"primaryImageOfPage":{"@id":"https:\/\/titsandtatstattoo.com\/product\/dessuadora-over-size-polilla\/#primaryimage"},"image":{"@id":"https:\/\/titsandtatstattoo.com\/product\/dessuadora-over-size-polilla\/#primaryimage"},"thumbnailUrl":"https:\/\/i0.wp.com\/titsandtatstattoo.com\/wp-content\/uploads\/2022\/11\/IMG_9580.png?fit=1220%2C813&ssl=1","datePublished":"2022-11-14T15:25:52+00:00","dateModified":"2024-11-18T18:21:03+00:00","description":"RECAPTACI\u00d3 DANA VALENCIA Dessuadora negra over-size de confecci\u00f3 pr\u00f2pia amb disseny d'Ester Tattoo. Estampaci\u00f3 frontal amb detalls a les m\u00e0nigues.","breadcrumb":{"@id":"https:\/\/titsandtatstattoo.com\/product\/dessuadora-over-size-polilla\/#breadcrumb"},"inLanguage":"es","potentialAction":[{"@type":"ReadAction","target":["https:\/\/titsandtatstattoo.com\/product\/dessuadora-over-size-polilla\/"]}]},{"@type":"ImageObject","inLanguage":"es","@id":"https:\/\/titsandtatstattoo.com\/product\/dessuadora-over-size-polilla\/#primaryimage","url":"https:\/\/i0.wp.com\/titsandtatstattoo.com\/wp-content\/uploads\/2022\/11\/IMG_9580.png?fit=1220%2C813&ssl=1","contentUrl":"https:\/\/i0.wp.com\/titsandtatstattoo.com\/wp-content\/uploads\/2022\/11\/IMG_9580.png?fit=1220%2C813&ssl=1","width":1220,"height":813,"caption":"RECAUDACI\u00d3 DANA VALENCIA"},{"@type":"BreadcrumbList","@id":"https:\/\/titsandtatstattoo.com\/product\/dessuadora-over-size-polilla\/#breadcrumb","itemListElement":[{"@type":"ListItem","position":1,"name":"Home","item":"https:\/\/titsandtatstattoo.com\/"},{"@type":"ListItem","position":2,"name":"Botiga","item":"https:\/\/titsandtatstattoo.com\/botiga\/"},{"@type":"ListItem","position":3,"name":"RECAPTACI\u00d3 DANA VALENCIA"}]},{"@type":"WebSite","@id":"https:\/\/titsandtatstattoo.com\/#website","url":"https:\/\/titsandtatstattoo.com\/","name":"Tits and Tats Tattoo Studio","description":"Tattoo And Piercing Studio","potentialAction":[{"@type":"SearchAction","target":{"@type":"EntryPoint","urlTemplate":"https:\/\/titsandtatstattoo.com\/?s={search_term_string}"},"query-input":{"@type":"PropertyValueSpecification","valueRequired":true,"valueName":"search_term_string"}}],"inLanguage":"es"}]}},"jetpack_sharing_enabled":true,"_links":{"self":[{"href":"https:\/\/titsandtatstattoo.com\/es\/wp-json\/wp\/v2\/product\/2612"}],"collection":[{"href":"https:\/\/titsandtatstattoo.com\/es\/wp-json\/wp\/v2\/product"}],"about":[{"href":"https:\/\/titsandtatstattoo.com\/es\/wp-json\/wp\/v2\/types\/product"}],"wp:featuredmedia":[{"embeddable":true,"href":"https:\/\/titsandtatstattoo.com\/es\/wp-json\/wp\/v2\/media\/7118"}],"wp:attachment":[{"href":"https:\/\/titsandtatstattoo.com\/es\/wp-json\/wp\/v2\/media?parent=2612"}],"wp:term":[{"taxonomy":"product_brand","embeddable":true,"href":"https:\/\/titsandtatstattoo.com\/es\/wp-json\/wp\/v2\/product_brand?post=2612"},{"taxonomy":"product_cat","embeddable":true,"href":"https:\/\/titsandtatstattoo.com\/es\/wp-json\/wp\/v2\/product_cat?post=2612"},{"taxonomy":"product_tag","embeddable":true,"href":"https:\/\/titsandtatstattoo.com\/es\/wp-json\/wp\/v2\/product_tag?post=2612"}],"curies":[{"name":"wp","href":"https:\/\/api.w.org\/{rel}","templated":true}]}}