{"id":3816,"date":"2023-09-04T23:10:29","date_gmt":"2023-09-04T21:10:29","guid":{"rendered":"https:\/\/titsandtatstattoo.com\/?post_type=product&#038;p=3816"},"modified":"2024-11-18T19:02:16","modified_gmt":"2024-11-18T18:02:16","slug":"cercol-clicker-amb-boles-de-titani-al-centre","status":"publish","type":"product","link":"https:\/\/titsandtatstattoo.com\/es\/product\/cercol-clicker-amb-boles-de-titani-al-centre\/","title":{"rendered":"Aro clicker con bolas de titanio en el centro"},"content":{"rendered":"<p>Aro clicker con 24 bolas de Titanio en la parte frontal del aro, de Titanio Grado Implante ASTM F-136 de diferentes espesores y largos. Existe la opci\u00f3n de elegir el color de la joya. Existe la opci\u00f3n de elegir el color de la joya.<\/p>","protected":false},"excerpt":{"rendered":"<p>Aro clicker con bolas de titanio en el centro<\/p>","protected":false},"featured_media":3254,"template":"","meta":[],"product_brand":[],"product_cat":[84,85],"product_tag":[168,162,161,158,171,157,163,156,170,169,166,164,159,167,165,160],"class_list":{"0":"post-3816","1":"product","2":"type-product","3":"status-publish","4":"has-post-thumbnail","6":"product_cat-joieria","7":"product_cat-cercols","8":"product_tag-cella","9":"product_tag-conch","10":"product_tag-daith","11":"product_tag-forward-helix","12":"product_tag-genitals","13":"product_tag-helix","14":"product_tag-labret","15":"product_tag-lobul","16":"product_tag-melic","17":"product_tag-mugro","18":"product_tag-nostril","19":"product_tag-philtrum","20":"product_tag-rook","21":"product_tag-septum","22":"product_tag-smiley","23":"product_tag-tragus","25":"first","26":"instock","27":"taxable","28":"shipping-taxable","29":"purchasable","30":"product-type-variable"},"yoast_head":"<!-- This site is optimized with the Yoast SEO plugin v25.5 - https:\/\/yoast.com\/wordpress\/plugins\/seo\/ -->\n<title>C\u00e8rcol clicker amb boles de titani al centre - Tits and Tats Tattoo Studio<\/title>\n<meta name=\"description\" content=\"C\u00e8rcol clicker amb 24 boles de Titani a la part frontal del c\u00e8rcol, de Titani Grau Implant ASTM F-136 de diferents gruixos i llargs. Hi ha l&#039;opci\u00f3 de triar el color de la joia. Hay la opci\u00f3n de elegir el color de la joya.\" \/>\n<meta name=\"robots\" content=\"index, follow, max-snippet:-1, max-image-preview:large, max-video-preview:-1\" \/>\n<link rel=\"canonical\" href=\"https:\/\/titsandtatstattoo.com\/es\/product\/cercol-clicker-amb-boles-de-titani-al-centre\/\" \/>\n<meta property=\"og:locale\" content=\"es_ES\" \/>\n<meta property=\"og:type\" content=\"article\" \/>\n<meta property=\"og:title\" content=\"C\u00e8rcol clicker amb boles de titani al centre - Tits and Tats Tattoo Studio\" \/>\n<meta property=\"og:description\" content=\"C\u00e8rcol clicker amb 24 boles de Titani a la part frontal del c\u00e8rcol, de Titani Grau Implant ASTM F-136 de diferents gruixos i llargs. Hi ha l&#039;opci\u00f3 de triar el color de la joia. Hay la opci\u00f3n de elegir el color de la joya.\" \/>\n<meta property=\"og:url\" content=\"https:\/\/titsandtatstattoo.com\/es\/product\/cercol-clicker-amb-boles-de-titani-al-centre\/\" \/>\n<meta property=\"og:site_name\" content=\"Tits and Tats Tattoo Studio\" \/>\n<meta property=\"article:modified_time\" content=\"2024-11-18T18:02:16+00:00\" \/>\n<meta property=\"og:image\" content=\"https:\/\/i0.wp.com\/titsandtatstattoo.com\/wp-content\/uploads\/2023\/07\/HSR24TB.jpg?fit=1250%2C1000&ssl=1\" \/>\n\t<meta property=\"og:image:width\" content=\"1250\" \/>\n\t<meta property=\"og:image:height\" content=\"1000\" \/>\n\t<meta property=\"og:image:type\" content=\"image\/jpeg\" \/>\n<meta name=\"twitter:card\" content=\"summary_large_image\" \/>\n<meta name=\"twitter:label1\" content=\"Tiempo de lectura\" \/>\n\t<meta name=\"twitter:data1\" content=\"1 minuto\" \/>\n<script type=\"application\/ld+json\" class=\"yoast-schema-graph\">{\"@context\":\"https:\/\/schema.org\",\"@graph\":[{\"@type\":\"WebPage\",\"@id\":\"https:\/\/titsandtatstattoo.com\/product\/cercol-clicker-amb-boles-de-titani-al-centre\/\",\"url\":\"https:\/\/titsandtatstattoo.com\/product\/cercol-clicker-amb-boles-de-titani-al-centre\/\",\"name\":\"C\u00e8rcol clicker amb boles de titani al centre - Tits and Tats Tattoo Studio\",\"isPartOf\":{\"@id\":\"https:\/\/titsandtatstattoo.com\/#website\"},\"primaryImageOfPage\":{\"@id\":\"https:\/\/titsandtatstattoo.com\/product\/cercol-clicker-amb-boles-de-titani-al-centre\/#primaryimage\"},\"image\":{\"@id\":\"https:\/\/titsandtatstattoo.com\/product\/cercol-clicker-amb-boles-de-titani-al-centre\/#primaryimage\"},\"thumbnailUrl\":\"https:\/\/i0.wp.com\/titsandtatstattoo.com\/wp-content\/uploads\/2023\/07\/HSR24TB.jpg?fit=1250%2C1000&ssl=1\",\"datePublished\":\"2023-09-04T21:10:29+00:00\",\"dateModified\":\"2024-11-18T18:02:16+00:00\",\"description\":\"C\u00e8rcol clicker amb 24 boles de Titani a la part frontal del c\u00e8rcol, de Titani Grau Implant ASTM F-136 de diferents gruixos i llargs. Hi ha l'opci\u00f3 de triar el color de la joia. Hay la opci\u00f3n de elegir el color de la joya.\",\"breadcrumb\":{\"@id\":\"https:\/\/titsandtatstattoo.com\/product\/cercol-clicker-amb-boles-de-titani-al-centre\/#breadcrumb\"},\"inLanguage\":\"es\",\"potentialAction\":[{\"@type\":\"ReadAction\",\"target\":[\"https:\/\/titsandtatstattoo.com\/product\/cercol-clicker-amb-boles-de-titani-al-centre\/\"]}]},{\"@type\":\"ImageObject\",\"inLanguage\":\"es\",\"@id\":\"https:\/\/titsandtatstattoo.com\/product\/cercol-clicker-amb-boles-de-titani-al-centre\/#primaryimage\",\"url\":\"https:\/\/i0.wp.com\/titsandtatstattoo.com\/wp-content\/uploads\/2023\/07\/HSR24TB.jpg?fit=1250%2C1000&ssl=1\",\"contentUrl\":\"https:\/\/i0.wp.com\/titsandtatstattoo.com\/wp-content\/uploads\/2023\/07\/HSR24TB.jpg?fit=1250%2C1000&ssl=1\",\"width\":1250,\"height\":1000,\"caption\":\"C\u00e8rcol clicker amb boles de titani al centre\"},{\"@type\":\"BreadcrumbList\",\"@id\":\"https:\/\/titsandtatstattoo.com\/product\/cercol-clicker-amb-boles-de-titani-al-centre\/#breadcrumb\",\"itemListElement\":[{\"@type\":\"ListItem\",\"position\":1,\"name\":\"Home\",\"item\":\"https:\/\/titsandtatstattoo.com\/\"},{\"@type\":\"ListItem\",\"position\":2,\"name\":\"Botiga\",\"item\":\"https:\/\/titsandtatstattoo.com\/botiga\/\"},{\"@type\":\"ListItem\",\"position\":3,\"name\":\"C\u00e8rcol clicker amb boles de titani al centre\"}]},{\"@type\":\"WebSite\",\"@id\":\"https:\/\/titsandtatstattoo.com\/#website\",\"url\":\"https:\/\/titsandtatstattoo.com\/\",\"name\":\"Tits and Tats Tattoo Studio\",\"description\":\"Tattoo And Piercing Studio\",\"potentialAction\":[{\"@type\":\"SearchAction\",\"target\":{\"@type\":\"EntryPoint\",\"urlTemplate\":\"https:\/\/titsandtatstattoo.com\/?s={search_term_string}\"},\"query-input\":{\"@type\":\"PropertyValueSpecification\",\"valueRequired\":true,\"valueName\":\"search_term_string\"}}],\"inLanguage\":\"es\"}]}<\/script>\n<!-- \/ Yoast SEO plugin. -->","yoast_head_json":{"title":"C\u00e8rcol clicker amb boles de titani al centre - Tits and Tats Tattoo Studio","description":"C\u00e8rcol clicker amb 24 boles de Titani a la part frontal del c\u00e8rcol, de Titani Grau Implant ASTM F-136 de diferents gruixos i llargs. Hi ha l'opci\u00f3 de triar el color de la joia. Hay la opci\u00f3n de elegir el color de la joya.","robots":{"index":"index","follow":"follow","max-snippet":"max-snippet:-1","max-image-preview":"max-image-preview:large","max-video-preview":"max-video-preview:-1"},"canonical":"https:\/\/titsandtatstattoo.com\/es\/product\/cercol-clicker-amb-boles-de-titani-al-centre\/","og_locale":"es_ES","og_type":"article","og_title":"C\u00e8rcol clicker amb boles de titani al centre - Tits and Tats Tattoo Studio","og_description":"C\u00e8rcol clicker amb 24 boles de Titani a la part frontal del c\u00e8rcol, de Titani Grau Implant ASTM F-136 de diferents gruixos i llargs. Hi ha l'opci\u00f3 de triar el color de la joia. Hay la opci\u00f3n de elegir el color de la joya.","og_url":"https:\/\/titsandtatstattoo.com\/es\/product\/cercol-clicker-amb-boles-de-titani-al-centre\/","og_site_name":"Tits and Tats Tattoo Studio","article_modified_time":"2024-11-18T18:02:16+00:00","og_image":[{"width":1250,"height":1000,"url":"https:\/\/i0.wp.com\/titsandtatstattoo.com\/wp-content\/uploads\/2023\/07\/HSR24TB.jpg?fit=1250%2C1000&ssl=1","type":"image\/jpeg"}],"twitter_card":"summary_large_image","twitter_misc":{"Tiempo de lectura":"1 minuto"},"schema":{"@context":"https:\/\/schema.org","@graph":[{"@type":"WebPage","@id":"https:\/\/titsandtatstattoo.com\/product\/cercol-clicker-amb-boles-de-titani-al-centre\/","url":"https:\/\/titsandtatstattoo.com\/product\/cercol-clicker-amb-boles-de-titani-al-centre\/","name":"C\u00e8rcol clicker amb boles de titani al centre - Tits and Tats Tattoo Studio","isPartOf":{"@id":"https:\/\/titsandtatstattoo.com\/#website"},"primaryImageOfPage":{"@id":"https:\/\/titsandtatstattoo.com\/product\/cercol-clicker-amb-boles-de-titani-al-centre\/#primaryimage"},"image":{"@id":"https:\/\/titsandtatstattoo.com\/product\/cercol-clicker-amb-boles-de-titani-al-centre\/#primaryimage"},"thumbnailUrl":"https:\/\/i0.wp.com\/titsandtatstattoo.com\/wp-content\/uploads\/2023\/07\/HSR24TB.jpg?fit=1250%2C1000&ssl=1","datePublished":"2023-09-04T21:10:29+00:00","dateModified":"2024-11-18T18:02:16+00:00","description":"C\u00e8rcol clicker amb 24 boles de Titani a la part frontal del c\u00e8rcol, de Titani Grau Implant ASTM F-136 de diferents gruixos i llargs. Hi ha l'opci\u00f3 de triar el color de la joia. Hay la opci\u00f3n de elegir el color de la joya.","breadcrumb":{"@id":"https:\/\/titsandtatstattoo.com\/product\/cercol-clicker-amb-boles-de-titani-al-centre\/#breadcrumb"},"inLanguage":"es","potentialAction":[{"@type":"ReadAction","target":["https:\/\/titsandtatstattoo.com\/product\/cercol-clicker-amb-boles-de-titani-al-centre\/"]}]},{"@type":"ImageObject","inLanguage":"es","@id":"https:\/\/titsandtatstattoo.com\/product\/cercol-clicker-amb-boles-de-titani-al-centre\/#primaryimage","url":"https:\/\/i0.wp.com\/titsandtatstattoo.com\/wp-content\/uploads\/2023\/07\/HSR24TB.jpg?fit=1250%2C1000&ssl=1","contentUrl":"https:\/\/i0.wp.com\/titsandtatstattoo.com\/wp-content\/uploads\/2023\/07\/HSR24TB.jpg?fit=1250%2C1000&ssl=1","width":1250,"height":1000,"caption":"C\u00e8rcol clicker amb boles de titani al centre"},{"@type":"BreadcrumbList","@id":"https:\/\/titsandtatstattoo.com\/product\/cercol-clicker-amb-boles-de-titani-al-centre\/#breadcrumb","itemListElement":[{"@type":"ListItem","position":1,"name":"Home","item":"https:\/\/titsandtatstattoo.com\/"},{"@type":"ListItem","position":2,"name":"Botiga","item":"https:\/\/titsandtatstattoo.com\/botiga\/"},{"@type":"ListItem","position":3,"name":"C\u00e8rcol clicker amb boles de titani al centre"}]},{"@type":"WebSite","@id":"https:\/\/titsandtatstattoo.com\/#website","url":"https:\/\/titsandtatstattoo.com\/","name":"Tits and Tats Tattoo Studio","description":"Tattoo And Piercing Studio","potentialAction":[{"@type":"SearchAction","target":{"@type":"EntryPoint","urlTemplate":"https:\/\/titsandtatstattoo.com\/?s={search_term_string}"},"query-input":{"@type":"PropertyValueSpecification","valueRequired":true,"valueName":"search_term_string"}}],"inLanguage":"es"}]}},"jetpack_sharing_enabled":true,"_links":{"self":[{"href":"https:\/\/titsandtatstattoo.com\/es\/wp-json\/wp\/v2\/product\/3816"}],"collection":[{"href":"https:\/\/titsandtatstattoo.com\/es\/wp-json\/wp\/v2\/product"}],"about":[{"href":"https:\/\/titsandtatstattoo.com\/es\/wp-json\/wp\/v2\/types\/product"}],"wp:featuredmedia":[{"embeddable":true,"href":"https:\/\/titsandtatstattoo.com\/es\/wp-json\/wp\/v2\/media\/3254"}],"wp:attachment":[{"href":"https:\/\/titsandtatstattoo.com\/es\/wp-json\/wp\/v2\/media?parent=3816"}],"wp:term":[{"taxonomy":"product_brand","embeddable":true,"href":"https:\/\/titsandtatstattoo.com\/es\/wp-json\/wp\/v2\/product_brand?post=3816"},{"taxonomy":"product_cat","embeddable":true,"href":"https:\/\/titsandtatstattoo.com\/es\/wp-json\/wp\/v2\/product_cat?post=3816"},{"taxonomy":"product_tag","embeddable":true,"href":"https:\/\/titsandtatstattoo.com\/es\/wp-json\/wp\/v2\/product_tag?post=3816"}],"curies":[{"name":"wp","href":"https:\/\/api.w.org\/{rel}","templated":true}]}}