{"id":3854,"date":"2023-09-04T23:11:00","date_gmt":"2023-09-04T21:11:00","guid":{"rendered":"https:\/\/titsandtatstattoo.com\/?post_type=product&#038;p=3854"},"modified":"2024-11-18T19:06:22","modified_gmt":"2024-11-18T18:06:22","slug":"top-punxa-de-titani","status":"publish","type":"product","link":"https:\/\/titsandtatstattoo.com\/es\/product\/top-punxa-de-titani\/","title":{"rendered":"Top pincho de Titanio"},"content":{"rendered":"<p>Top en forma de pinxo , ideal per muntar en un barbell, flat back barbell, banana o circular barbell d&#8217;1,2 mm. de rosca interna.<\/p>\n<ul>\n<li>Material: Titani Grau Implant ASTM F-136.<\/li>\n<li>Color: Hi ha l&#8217;opci\u00f3 de triar el color de la joia (titani anoditzat).*<\/li>\n<li>Varies mesures de tija per a elegir:\n<ul>\n<li>Sense tija (nom\u00e9s el top)<\/li>\n<li>Tija de 8mm.<\/li>\n<li>Tija de 10mm.<\/li>\n<li>Tija de 12mm.<\/li>\n<li>Altres (especifica la dimensi\u00f3 de la tija als comentaris de la comanda).<\/li>\n<\/ul>\n<\/li>\n<\/ul>\n<blockquote><p>La nostra recomanaci\u00f3 \u00e9s que consultis amb el teu aplicador la dist\u00e0ncia que necessita la teva anatomia o que ens preguntis sense cap mena de comprom\u00eds al nostre <a href=\"https:\/\/wa.me\/+34669670393\" target=\"_blank\" rel=\"noopener\">whatsapp<\/a>!<\/p><\/blockquote>\n<p>* Les imatges dels productes poden diferir lleugerament, igual que la refer\u00e8ncia de color del Titani Anoditzat. Per a m\u00e9s informaci\u00f3 sobre el proc\u00e9s d&#8217;anoditzat, cliqueu <a href=\"https:\/\/titsandtatstattoo.com\/es\/anoditzacio\/\">aqu\u00ed<\/a>.<\/p>\n<p>&nbsp;<\/p>","protected":false},"excerpt":{"rendered":"<p>Top pincho de Titanio<\/p>","protected":false},"featured_media":3376,"template":"","meta":[],"product_brand":[],"product_cat":[84,184],"product_tag":[168,162,161,158,171,157,163,156,170,169,166,164,159,167,165,160],"class_list":{"0":"post-3854","1":"product","2":"type-product","3":"status-publish","4":"has-post-thumbnail","6":"product_cat-joieria","7":"product_cat-tops","8":"product_tag-cella","9":"product_tag-conch","10":"product_tag-daith","11":"product_tag-forward-helix","12":"product_tag-genitals","13":"product_tag-helix","14":"product_tag-labret","15":"product_tag-lobul","16":"product_tag-melic","17":"product_tag-mugro","18":"product_tag-nostril","19":"product_tag-philtrum","20":"product_tag-rook","21":"product_tag-septum","22":"product_tag-smiley","23":"product_tag-tragus","25":"first","26":"instock","27":"taxable","28":"shipping-taxable","29":"purchasable","30":"product-type-variable"},"yoast_head":"<!-- This site is optimized with the Yoast SEO plugin v25.5 - https:\/\/yoast.com\/wordpress\/plugins\/seo\/ -->\n<title>Top punxa de Titani - Tits and Tats Tattoo Studio<\/title>\n<meta name=\"description\" content=\"Top en forma de pinxo , ideal per muntar en un barbell o flat back barbell d&#039;1,2 mm. de rosca interna. Material: Titani Grau Implant ASTM F-136\" \/>\n<meta name=\"robots\" content=\"index, follow, max-snippet:-1, max-image-preview:large, max-video-preview:-1\" \/>\n<link rel=\"canonical\" href=\"https:\/\/titsandtatstattoo.com\/es\/product\/top-punxa-de-titani\/\" \/>\n<meta property=\"og:locale\" content=\"es_ES\" \/>\n<meta property=\"og:type\" content=\"article\" \/>\n<meta property=\"og:title\" content=\"Top punxa de Titani - Tits and Tats Tattoo Studio\" \/>\n<meta property=\"og:description\" content=\"Top en forma de pinxo , ideal per muntar en un barbell o flat back barbell d&#039;1,2 mm. de rosca interna. Material: Titani Grau Implant ASTM F-136\" \/>\n<meta property=\"og:url\" content=\"https:\/\/titsandtatstattoo.com\/es\/product\/top-punxa-de-titani\/\" \/>\n<meta property=\"og:site_name\" content=\"Tits and Tats Tattoo Studio\" \/>\n<meta property=\"article:modified_time\" content=\"2024-11-18T18:06:22+00:00\" \/>\n<meta property=\"og:image\" content=\"https:\/\/i0.wp.com\/titsandtatstattoo.com\/wp-content\/uploads\/2023\/07\/PUNK12.jpg?fit=1250%2C1000&ssl=1\" \/>\n\t<meta property=\"og:image:width\" content=\"1250\" \/>\n\t<meta property=\"og:image:height\" content=\"1000\" \/>\n\t<meta property=\"og:image:type\" content=\"image\/jpeg\" \/>\n<meta name=\"twitter:card\" content=\"summary_large_image\" \/>\n<meta name=\"twitter:label1\" content=\"Tiempo de lectura\" \/>\n\t<meta name=\"twitter:data1\" content=\"1 minuto\" \/>\n<script type=\"application\/ld+json\" class=\"yoast-schema-graph\">{\"@context\":\"https:\/\/schema.org\",\"@graph\":[{\"@type\":\"WebPage\",\"@id\":\"https:\/\/titsandtatstattoo.com\/product\/top-punxa-de-titani\/\",\"url\":\"https:\/\/titsandtatstattoo.com\/product\/top-punxa-de-titani\/\",\"name\":\"Top punxa de Titani - Tits and Tats Tattoo Studio\",\"isPartOf\":{\"@id\":\"https:\/\/titsandtatstattoo.com\/#website\"},\"primaryImageOfPage\":{\"@id\":\"https:\/\/titsandtatstattoo.com\/product\/top-punxa-de-titani\/#primaryimage\"},\"image\":{\"@id\":\"https:\/\/titsandtatstattoo.com\/product\/top-punxa-de-titani\/#primaryimage\"},\"thumbnailUrl\":\"https:\/\/i0.wp.com\/titsandtatstattoo.com\/wp-content\/uploads\/2023\/07\/PUNK12.jpg?fit=1250%2C1000&ssl=1\",\"datePublished\":\"2023-09-04T21:11:00+00:00\",\"dateModified\":\"2024-11-18T18:06:22+00:00\",\"description\":\"Top en forma de pinxo , ideal per muntar en un barbell o flat back barbell d'1,2 mm. de rosca interna. Material: Titani Grau Implant ASTM F-136\",\"breadcrumb\":{\"@id\":\"https:\/\/titsandtatstattoo.com\/product\/top-punxa-de-titani\/#breadcrumb\"},\"inLanguage\":\"es\",\"potentialAction\":[{\"@type\":\"ReadAction\",\"target\":[\"https:\/\/titsandtatstattoo.com\/product\/top-punxa-de-titani\/\"]}]},{\"@type\":\"ImageObject\",\"inLanguage\":\"es\",\"@id\":\"https:\/\/titsandtatstattoo.com\/product\/top-punxa-de-titani\/#primaryimage\",\"url\":\"https:\/\/i0.wp.com\/titsandtatstattoo.com\/wp-content\/uploads\/2023\/07\/PUNK12.jpg?fit=1250%2C1000&ssl=1\",\"contentUrl\":\"https:\/\/i0.wp.com\/titsandtatstattoo.com\/wp-content\/uploads\/2023\/07\/PUNK12.jpg?fit=1250%2C1000&ssl=1\",\"width\":1250,\"height\":1000,\"caption\":\"Top punxa de Titani\"},{\"@type\":\"BreadcrumbList\",\"@id\":\"https:\/\/titsandtatstattoo.com\/product\/top-punxa-de-titani\/#breadcrumb\",\"itemListElement\":[{\"@type\":\"ListItem\",\"position\":1,\"name\":\"Home\",\"item\":\"https:\/\/titsandtatstattoo.com\/\"},{\"@type\":\"ListItem\",\"position\":2,\"name\":\"Botiga\",\"item\":\"https:\/\/titsandtatstattoo.com\/botiga\/\"},{\"@type\":\"ListItem\",\"position\":3,\"name\":\"Top punxa de Titani\"}]},{\"@type\":\"WebSite\",\"@id\":\"https:\/\/titsandtatstattoo.com\/#website\",\"url\":\"https:\/\/titsandtatstattoo.com\/\",\"name\":\"Tits and Tats Tattoo Studio\",\"description\":\"Tattoo And Piercing Studio\",\"potentialAction\":[{\"@type\":\"SearchAction\",\"target\":{\"@type\":\"EntryPoint\",\"urlTemplate\":\"https:\/\/titsandtatstattoo.com\/?s={search_term_string}\"},\"query-input\":{\"@type\":\"PropertyValueSpecification\",\"valueRequired\":true,\"valueName\":\"search_term_string\"}}],\"inLanguage\":\"es\"}]}<\/script>\n<!-- \/ Yoast SEO plugin. -->","yoast_head_json":{"title":"Top punxa de Titani - Tits and Tats Tattoo Studio","description":"Top en forma de pinxo , ideal per muntar en un barbell o flat back barbell d'1,2 mm. de rosca interna. Material: Titani Grau Implant ASTM F-136","robots":{"index":"index","follow":"follow","max-snippet":"max-snippet:-1","max-image-preview":"max-image-preview:large","max-video-preview":"max-video-preview:-1"},"canonical":"https:\/\/titsandtatstattoo.com\/es\/product\/top-punxa-de-titani\/","og_locale":"es_ES","og_type":"article","og_title":"Top punxa de Titani - Tits and Tats Tattoo Studio","og_description":"Top en forma de pinxo , ideal per muntar en un barbell o flat back barbell d'1,2 mm. de rosca interna. Material: Titani Grau Implant ASTM F-136","og_url":"https:\/\/titsandtatstattoo.com\/es\/product\/top-punxa-de-titani\/","og_site_name":"Tits and Tats Tattoo Studio","article_modified_time":"2024-11-18T18:06:22+00:00","og_image":[{"width":1250,"height":1000,"url":"https:\/\/i0.wp.com\/titsandtatstattoo.com\/wp-content\/uploads\/2023\/07\/PUNK12.jpg?fit=1250%2C1000&ssl=1","type":"image\/jpeg"}],"twitter_card":"summary_large_image","twitter_misc":{"Tiempo de lectura":"1 minuto"},"schema":{"@context":"https:\/\/schema.org","@graph":[{"@type":"WebPage","@id":"https:\/\/titsandtatstattoo.com\/product\/top-punxa-de-titani\/","url":"https:\/\/titsandtatstattoo.com\/product\/top-punxa-de-titani\/","name":"Top punxa de Titani - Tits and Tats Tattoo Studio","isPartOf":{"@id":"https:\/\/titsandtatstattoo.com\/#website"},"primaryImageOfPage":{"@id":"https:\/\/titsandtatstattoo.com\/product\/top-punxa-de-titani\/#primaryimage"},"image":{"@id":"https:\/\/titsandtatstattoo.com\/product\/top-punxa-de-titani\/#primaryimage"},"thumbnailUrl":"https:\/\/i0.wp.com\/titsandtatstattoo.com\/wp-content\/uploads\/2023\/07\/PUNK12.jpg?fit=1250%2C1000&ssl=1","datePublished":"2023-09-04T21:11:00+00:00","dateModified":"2024-11-18T18:06:22+00:00","description":"Top en forma de pinxo , ideal per muntar en un barbell o flat back barbell d'1,2 mm. de rosca interna. Material: Titani Grau Implant ASTM F-136","breadcrumb":{"@id":"https:\/\/titsandtatstattoo.com\/product\/top-punxa-de-titani\/#breadcrumb"},"inLanguage":"es","potentialAction":[{"@type":"ReadAction","target":["https:\/\/titsandtatstattoo.com\/product\/top-punxa-de-titani\/"]}]},{"@type":"ImageObject","inLanguage":"es","@id":"https:\/\/titsandtatstattoo.com\/product\/top-punxa-de-titani\/#primaryimage","url":"https:\/\/i0.wp.com\/titsandtatstattoo.com\/wp-content\/uploads\/2023\/07\/PUNK12.jpg?fit=1250%2C1000&ssl=1","contentUrl":"https:\/\/i0.wp.com\/titsandtatstattoo.com\/wp-content\/uploads\/2023\/07\/PUNK12.jpg?fit=1250%2C1000&ssl=1","width":1250,"height":1000,"caption":"Top punxa de Titani"},{"@type":"BreadcrumbList","@id":"https:\/\/titsandtatstattoo.com\/product\/top-punxa-de-titani\/#breadcrumb","itemListElement":[{"@type":"ListItem","position":1,"name":"Home","item":"https:\/\/titsandtatstattoo.com\/"},{"@type":"ListItem","position":2,"name":"Botiga","item":"https:\/\/titsandtatstattoo.com\/botiga\/"},{"@type":"ListItem","position":3,"name":"Top punxa de Titani"}]},{"@type":"WebSite","@id":"https:\/\/titsandtatstattoo.com\/#website","url":"https:\/\/titsandtatstattoo.com\/","name":"Tits and Tats Tattoo Studio","description":"Tattoo And Piercing Studio","potentialAction":[{"@type":"SearchAction","target":{"@type":"EntryPoint","urlTemplate":"https:\/\/titsandtatstattoo.com\/?s={search_term_string}"},"query-input":{"@type":"PropertyValueSpecification","valueRequired":true,"valueName":"search_term_string"}}],"inLanguage":"es"}]}},"jetpack_sharing_enabled":true,"_links":{"self":[{"href":"https:\/\/titsandtatstattoo.com\/es\/wp-json\/wp\/v2\/product\/3854"}],"collection":[{"href":"https:\/\/titsandtatstattoo.com\/es\/wp-json\/wp\/v2\/product"}],"about":[{"href":"https:\/\/titsandtatstattoo.com\/es\/wp-json\/wp\/v2\/types\/product"}],"wp:featuredmedia":[{"embeddable":true,"href":"https:\/\/titsandtatstattoo.com\/es\/wp-json\/wp\/v2\/media\/3376"}],"wp:attachment":[{"href":"https:\/\/titsandtatstattoo.com\/es\/wp-json\/wp\/v2\/media?parent=3854"}],"wp:term":[{"taxonomy":"product_brand","embeddable":true,"href":"https:\/\/titsandtatstattoo.com\/es\/wp-json\/wp\/v2\/product_brand?post=3854"},{"taxonomy":"product_cat","embeddable":true,"href":"https:\/\/titsandtatstattoo.com\/es\/wp-json\/wp\/v2\/product_cat?post=3854"},{"taxonomy":"product_tag","embeddable":true,"href":"https:\/\/titsandtatstattoo.com\/es\/wp-json\/wp\/v2\/product_tag?post=3854"}],"curies":[{"name":"wp","href":"https:\/\/api.w.org\/{rel}","templated":true}]}}