{"id":4006,"date":"2023-09-04T23:13:43","date_gmt":"2023-09-04T21:13:43","guid":{"rendered":"https:\/\/titsandtatstattoo.com\/?post_type=product&#038;p=4006"},"modified":"2024-11-18T19:05:02","modified_gmt":"2024-11-18T18:05:02","slug":"top-caputxo-dopal-de-titani-12","status":"publish","type":"product","link":"https:\/\/titsandtatstattoo.com\/es\/product\/top-caputxo-dopal-de-titani-12\/","title":{"rendered":"Top caputx\u00f3 d&#8217;\u00f2pal d&#8217;1,6 mm. de Titani"},"content":{"rendered":"<p>Top caputx\u00f3 d&#8217;\u00f2pal, en diferents mides i colors, ideals per muntar en un barbell o flat back barbell d&#8217; 1&#8217;6 mm. de rosca interna.<\/p>\n<ul>\n<li>Material: Titani Grau Implant ASTM F-136.<\/li>\n<li>Color: Hi ha l&#8217;opci\u00f3 de triar el color de la joia (titani anoditzat).*<\/li>\n<li>Varies mesures de tija per a elegir:\n<ul>\n<li>Sense tija (nom\u00e9s el top)<\/li>\n<li>Tija de 8mm.<\/li>\n<li>Tija de 10mm.<\/li>\n<li>Tija de 12mm.<\/li>\n<li>Altres (especifica la dimensi\u00f3 de la tija als comentaris de la comanda).<\/li>\n<\/ul>\n<\/li>\n<\/ul>\n<blockquote><p>La nostra recomanaci\u00f3 \u00e9s que consultis amb el teu aplicador la dist\u00e0ncia que necessita la teva anatomia o que ens preguntis sense cap mena de comprom\u00eds al nostre <a href=\"https:\/\/wa.me\/+34669670393\" target=\"_blank\" rel=\"noopener\">whatsapp<\/a>!<\/p><\/blockquote>\n<p>* Les imatges dels productes poden diferir lleugerament, igual que la refer\u00e8ncia de color del Titani Anoditzat. Per a m\u00e9s informaci\u00f3 sobre el proc\u00e9s d&#8217;anoditzat, cliqueu <a href=\"https:\/\/titsandtatstattoo.com\/es\/anoditzacio\/\">aqu\u00ed<\/a>.<\/p>\n<p>&nbsp;<\/p>","protected":false},"excerpt":{"rendered":"<p>Top capuch\u00f3n de \u00f3palo de Titani<\/p>","protected":false},"featured_media":5695,"template":"","meta":[],"product_brand":[],"product_cat":[184],"product_tag":[168,162,161,158,171,157,200,163,227,156,170,169,214,166,296,164,159,167,165,293,160],"class_list":{"0":"post-4006","1":"product","2":"type-product","3":"status-publish","4":"has-post-thumbnail","6":"product_cat-tops","7":"product_tag-cella","8":"product_tag-conch","9":"product_tag-daith","10":"product_tag-forward-helix","11":"product_tag-genitals","12":"product_tag-helix","13":"product_tag-industrial","14":"product_tag-labret","15":"product_tag-llengua","16":"product_tag-lobul","17":"product_tag-melic","18":"product_tag-mugro","19":"product_tag-navel","20":"product_tag-nostril","21":"product_tag-opal","22":"product_tag-philtrum","23":"product_tag-rook","24":"product_tag-septum","25":"product_tag-smiley","26":"product_tag-titani","27":"product_tag-tragus","29":"first","30":"instock","31":"taxable","32":"shipping-taxable","33":"purchasable","34":"product-type-variable"},"yoast_head":"<!-- This site is optimized with the Yoast SEO plugin v25.5 - https:\/\/yoast.com\/wordpress\/plugins\/seo\/ -->\n<title>Top caputx\u00f3 d&#039;\u00f2pal d&#039;1,6 mm. de Titani - Tits and Tats Tattoo Studio<\/title>\n<meta name=\"description\" content=\"Top caputx\u00f3 d&#039;\u00f2pal, en diferents mides, ideals per muntar en un barbell o flat back barbell d&#039; 1&#039;6 mm. de rosca interna. Material: Titani Grau Implant\" \/>\n<meta name=\"robots\" content=\"index, follow, max-snippet:-1, max-image-preview:large, max-video-preview:-1\" \/>\n<link rel=\"canonical\" href=\"https:\/\/titsandtatstattoo.com\/es\/product\/top-caputxo-dopal-de-titani-12\/\" \/>\n<meta property=\"og:locale\" content=\"es_ES\" \/>\n<meta property=\"og:type\" content=\"article\" \/>\n<meta property=\"og:title\" content=\"Top caputx\u00f3 d&#039;\u00f2pal d&#039;1,6 mm. de Titani - Tits and Tats Tattoo Studio\" \/>\n<meta property=\"og:description\" content=\"Top caputx\u00f3 d&#039;\u00f2pal, en diferents mides, ideals per muntar en un barbell o flat back barbell d&#039; 1&#039;6 mm. de rosca interna. Material: Titani Grau Implant\" \/>\n<meta property=\"og:url\" content=\"https:\/\/titsandtatstattoo.com\/es\/product\/top-caputxo-dopal-de-titani-12\/\" \/>\n<meta property=\"og:site_name\" content=\"Tits and Tats Tattoo Studio\" \/>\n<meta property=\"article:modified_time\" content=\"2024-11-18T18:05:02+00:00\" \/>\n<meta property=\"og:image\" content=\"https:\/\/i0.wp.com\/titsandtatstattoo.com\/wp-content\/uploads\/2023\/09\/IMG_6669.jpg?fit=1000%2C1000&ssl=1\" \/>\n\t<meta property=\"og:image:width\" content=\"1000\" \/>\n\t<meta property=\"og:image:height\" content=\"1000\" \/>\n\t<meta property=\"og:image:type\" content=\"image\/jpeg\" \/>\n<meta name=\"twitter:card\" content=\"summary_large_image\" \/>\n<meta name=\"twitter:label1\" content=\"Tiempo de lectura\" \/>\n\t<meta name=\"twitter:data1\" content=\"1 minuto\" \/>\n<script type=\"application\/ld+json\" class=\"yoast-schema-graph\">{\"@context\":\"https:\/\/schema.org\",\"@graph\":[{\"@type\":\"WebPage\",\"@id\":\"https:\/\/titsandtatstattoo.com\/product\/top-caputxo-dopal-de-titani-12\/\",\"url\":\"https:\/\/titsandtatstattoo.com\/product\/top-caputxo-dopal-de-titani-12\/\",\"name\":\"Top caputx\u00f3 d'\u00f2pal d'1,6 mm. de Titani - Tits and Tats Tattoo Studio\",\"isPartOf\":{\"@id\":\"https:\/\/titsandtatstattoo.com\/#website\"},\"primaryImageOfPage\":{\"@id\":\"https:\/\/titsandtatstattoo.com\/product\/top-caputxo-dopal-de-titani-12\/#primaryimage\"},\"image\":{\"@id\":\"https:\/\/titsandtatstattoo.com\/product\/top-caputxo-dopal-de-titani-12\/#primaryimage\"},\"thumbnailUrl\":\"https:\/\/i0.wp.com\/titsandtatstattoo.com\/wp-content\/uploads\/2023\/09\/IMG_6669.jpg?fit=1000%2C1000&ssl=1\",\"datePublished\":\"2023-09-04T21:13:43+00:00\",\"dateModified\":\"2024-11-18T18:05:02+00:00\",\"description\":\"Top caputx\u00f3 d'\u00f2pal, en diferents mides, ideals per muntar en un barbell o flat back barbell d' 1'6 mm. de rosca interna. Material: Titani Grau Implant\",\"breadcrumb\":{\"@id\":\"https:\/\/titsandtatstattoo.com\/product\/top-caputxo-dopal-de-titani-12\/#breadcrumb\"},\"inLanguage\":\"es\",\"potentialAction\":[{\"@type\":\"ReadAction\",\"target\":[\"https:\/\/titsandtatstattoo.com\/product\/top-caputxo-dopal-de-titani-12\/\"]}]},{\"@type\":\"ImageObject\",\"inLanguage\":\"es\",\"@id\":\"https:\/\/titsandtatstattoo.com\/product\/top-caputxo-dopal-de-titani-12\/#primaryimage\",\"url\":\"https:\/\/i0.wp.com\/titsandtatstattoo.com\/wp-content\/uploads\/2023\/09\/IMG_6669.jpg?fit=1000%2C1000&ssl=1\",\"contentUrl\":\"https:\/\/i0.wp.com\/titsandtatstattoo.com\/wp-content\/uploads\/2023\/09\/IMG_6669.jpg?fit=1000%2C1000&ssl=1\",\"width\":1000,\"height\":1000,\"caption\":\"Top caputx\u00f3 d'\u00f2pal de Titani\"},{\"@type\":\"BreadcrumbList\",\"@id\":\"https:\/\/titsandtatstattoo.com\/product\/top-caputxo-dopal-de-titani-12\/#breadcrumb\",\"itemListElement\":[{\"@type\":\"ListItem\",\"position\":1,\"name\":\"Home\",\"item\":\"https:\/\/titsandtatstattoo.com\/\"},{\"@type\":\"ListItem\",\"position\":2,\"name\":\"Botiga\",\"item\":\"https:\/\/titsandtatstattoo.com\/botiga\/\"},{\"@type\":\"ListItem\",\"position\":3,\"name\":\"Top caputx\u00f3 d&#8217;\u00f2pal d&#8217;1,6 mm. de Titani\"}]},{\"@type\":\"WebSite\",\"@id\":\"https:\/\/titsandtatstattoo.com\/#website\",\"url\":\"https:\/\/titsandtatstattoo.com\/\",\"name\":\"Tits and Tats Tattoo Studio\",\"description\":\"Tattoo And Piercing Studio\",\"potentialAction\":[{\"@type\":\"SearchAction\",\"target\":{\"@type\":\"EntryPoint\",\"urlTemplate\":\"https:\/\/titsandtatstattoo.com\/?s={search_term_string}\"},\"query-input\":{\"@type\":\"PropertyValueSpecification\",\"valueRequired\":true,\"valueName\":\"search_term_string\"}}],\"inLanguage\":\"es\"}]}<\/script>\n<!-- \/ Yoast SEO plugin. -->","yoast_head_json":{"title":"Top caputx\u00f3 d'\u00f2pal d'1,6 mm. de Titani - Tits and Tats Tattoo Studio","description":"Top caputx\u00f3 d'\u00f2pal, en diferents mides, ideals per muntar en un barbell o flat back barbell d' 1'6 mm. de rosca interna. Material: Titani Grau Implant","robots":{"index":"index","follow":"follow","max-snippet":"max-snippet:-1","max-image-preview":"max-image-preview:large","max-video-preview":"max-video-preview:-1"},"canonical":"https:\/\/titsandtatstattoo.com\/es\/product\/top-caputxo-dopal-de-titani-12\/","og_locale":"es_ES","og_type":"article","og_title":"Top caputx\u00f3 d'\u00f2pal d'1,6 mm. de Titani - Tits and Tats Tattoo Studio","og_description":"Top caputx\u00f3 d'\u00f2pal, en diferents mides, ideals per muntar en un barbell o flat back barbell d' 1'6 mm. de rosca interna. Material: Titani Grau Implant","og_url":"https:\/\/titsandtatstattoo.com\/es\/product\/top-caputxo-dopal-de-titani-12\/","og_site_name":"Tits and Tats Tattoo Studio","article_modified_time":"2024-11-18T18:05:02+00:00","og_image":[{"width":1000,"height":1000,"url":"https:\/\/i0.wp.com\/titsandtatstattoo.com\/wp-content\/uploads\/2023\/09\/IMG_6669.jpg?fit=1000%2C1000&ssl=1","type":"image\/jpeg"}],"twitter_card":"summary_large_image","twitter_misc":{"Tiempo de lectura":"1 minuto"},"schema":{"@context":"https:\/\/schema.org","@graph":[{"@type":"WebPage","@id":"https:\/\/titsandtatstattoo.com\/product\/top-caputxo-dopal-de-titani-12\/","url":"https:\/\/titsandtatstattoo.com\/product\/top-caputxo-dopal-de-titani-12\/","name":"Top caputx\u00f3 d'\u00f2pal d'1,6 mm. de Titani - Tits and Tats Tattoo Studio","isPartOf":{"@id":"https:\/\/titsandtatstattoo.com\/#website"},"primaryImageOfPage":{"@id":"https:\/\/titsandtatstattoo.com\/product\/top-caputxo-dopal-de-titani-12\/#primaryimage"},"image":{"@id":"https:\/\/titsandtatstattoo.com\/product\/top-caputxo-dopal-de-titani-12\/#primaryimage"},"thumbnailUrl":"https:\/\/i0.wp.com\/titsandtatstattoo.com\/wp-content\/uploads\/2023\/09\/IMG_6669.jpg?fit=1000%2C1000&ssl=1","datePublished":"2023-09-04T21:13:43+00:00","dateModified":"2024-11-18T18:05:02+00:00","description":"Top caputx\u00f3 d'\u00f2pal, en diferents mides, ideals per muntar en un barbell o flat back barbell d' 1'6 mm. de rosca interna. Material: Titani Grau Implant","breadcrumb":{"@id":"https:\/\/titsandtatstattoo.com\/product\/top-caputxo-dopal-de-titani-12\/#breadcrumb"},"inLanguage":"es","potentialAction":[{"@type":"ReadAction","target":["https:\/\/titsandtatstattoo.com\/product\/top-caputxo-dopal-de-titani-12\/"]}]},{"@type":"ImageObject","inLanguage":"es","@id":"https:\/\/titsandtatstattoo.com\/product\/top-caputxo-dopal-de-titani-12\/#primaryimage","url":"https:\/\/i0.wp.com\/titsandtatstattoo.com\/wp-content\/uploads\/2023\/09\/IMG_6669.jpg?fit=1000%2C1000&ssl=1","contentUrl":"https:\/\/i0.wp.com\/titsandtatstattoo.com\/wp-content\/uploads\/2023\/09\/IMG_6669.jpg?fit=1000%2C1000&ssl=1","width":1000,"height":1000,"caption":"Top caputx\u00f3 d'\u00f2pal de Titani"},{"@type":"BreadcrumbList","@id":"https:\/\/titsandtatstattoo.com\/product\/top-caputxo-dopal-de-titani-12\/#breadcrumb","itemListElement":[{"@type":"ListItem","position":1,"name":"Home","item":"https:\/\/titsandtatstattoo.com\/"},{"@type":"ListItem","position":2,"name":"Botiga","item":"https:\/\/titsandtatstattoo.com\/botiga\/"},{"@type":"ListItem","position":3,"name":"Top caputx\u00f3 d&#8217;\u00f2pal d&#8217;1,6 mm. de Titani"}]},{"@type":"WebSite","@id":"https:\/\/titsandtatstattoo.com\/#website","url":"https:\/\/titsandtatstattoo.com\/","name":"Tits and Tats Tattoo Studio","description":"Tattoo And Piercing Studio","potentialAction":[{"@type":"SearchAction","target":{"@type":"EntryPoint","urlTemplate":"https:\/\/titsandtatstattoo.com\/?s={search_term_string}"},"query-input":{"@type":"PropertyValueSpecification","valueRequired":true,"valueName":"search_term_string"}}],"inLanguage":"es"}]}},"jetpack_sharing_enabled":true,"_links":{"self":[{"href":"https:\/\/titsandtatstattoo.com\/es\/wp-json\/wp\/v2\/product\/4006"}],"collection":[{"href":"https:\/\/titsandtatstattoo.com\/es\/wp-json\/wp\/v2\/product"}],"about":[{"href":"https:\/\/titsandtatstattoo.com\/es\/wp-json\/wp\/v2\/types\/product"}],"wp:featuredmedia":[{"embeddable":true,"href":"https:\/\/titsandtatstattoo.com\/es\/wp-json\/wp\/v2\/media\/5695"}],"wp:attachment":[{"href":"https:\/\/titsandtatstattoo.com\/es\/wp-json\/wp\/v2\/media?parent=4006"}],"wp:term":[{"taxonomy":"product_brand","embeddable":true,"href":"https:\/\/titsandtatstattoo.com\/es\/wp-json\/wp\/v2\/product_brand?post=4006"},{"taxonomy":"product_cat","embeddable":true,"href":"https:\/\/titsandtatstattoo.com\/es\/wp-json\/wp\/v2\/product_cat?post=4006"},{"taxonomy":"product_tag","embeddable":true,"href":"https:\/\/titsandtatstattoo.com\/es\/wp-json\/wp\/v2\/product_tag?post=4006"}],"curies":[{"name":"wp","href":"https:\/\/api.w.org\/{rel}","templated":true}]}}