{"id":4014,"date":"2023-09-04T23:13:47","date_gmt":"2023-09-04T21:13:47","guid":{"rendered":"https:\/\/titsandtatstattoo.com\/?post_type=product&#038;p=4014"},"modified":"2024-11-18T19:16:40","modified_gmt":"2024-11-18T18:16:40","slug":"top-enfilat-de-pedra-natural-turquesa-de-titani","status":"publish","type":"product","link":"https:\/\/titsandtatstattoo.com\/es\/product\/top-enfilat-de-pedra-natural-turquesa-de-titani\/","title":{"rendered":"Top enfilat de pedra natural turquesa de Titani d&#8217;1,6 mm."},"content":{"rendered":"<p>Top enfilat de pedra natural turquesa, en diferents colors, ideals per muntar en un barbell o flat back barbell d&#8217; 1,6 mm. de rosca interna.<\/p>\n<ul>\n<li>Material: Titani Grau Implant ASTM F-136.<\/li>\n<li>Color de la pedra: blau, vermell i verd.<\/li>\n<li>Color: Hi ha l&#8217;opci\u00f3 de triar el color de la joia (titani anoditzat).*<\/li>\n<\/ul>\n<blockquote><p>La nostra recomanaci\u00f3 \u00e9s que consultis amb el teu aplicador la dist\u00e0ncia que necessita la teva anatomia o que ens preguntis sense cap mena de comprom\u00eds al nostre <a href=\"https:\/\/wa.me\/+34669670393\" target=\"_blank\" rel=\"noopener\">whatsapp<\/a>!<\/p><\/blockquote>\n<p>* Les imatges dels productes poden diferir lleugerament, igual que la refer\u00e8ncia de color del Titani Anoditzat. Per a m\u00e9s informaci\u00f3 sobre el proc\u00e9s d&#8217;anoditzat, cliqueu <a href=\"https:\/\/titsandtatstattoo.com\/es\/anoditzacio\/\">aqu\u00ed<\/a>.<\/p>\n<p>&nbsp;<\/p>","protected":false},"excerpt":{"rendered":"<p>Top encaramado de piedra natural turquesa de Titanio<\/p>","protected":false},"featured_media":3394,"template":"","meta":[],"product_brand":[],"product_cat":[282],"product_tag":[168,162,161,158,171,157,200,163,227,156,170,169,214,166,299,164,159,167,165,293,160],"class_list":{"0":"post-4014","1":"product","2":"type-product","3":"status-publish","4":"has-post-thumbnail","6":"product_cat-balls","7":"product_tag-cella","8":"product_tag-conch","9":"product_tag-daith","10":"product_tag-forward-helix","11":"product_tag-genitals","12":"product_tag-helix","13":"product_tag-industrial","14":"product_tag-labret","15":"product_tag-llengua","16":"product_tag-lobul","17":"product_tag-melic","18":"product_tag-mugro","19":"product_tag-navel","20":"product_tag-nostril","21":"product_tag-pedra-natural","22":"product_tag-philtrum","23":"product_tag-rook","24":"product_tag-septum","25":"product_tag-smiley","26":"product_tag-titani","27":"product_tag-tragus","29":"first","30":"instock","31":"taxable","32":"shipping-taxable","33":"purchasable","34":"product-type-variable"},"yoast_head":"<!-- This site is optimized with the Yoast SEO plugin v25.5 - https:\/\/yoast.com\/wordpress\/plugins\/seo\/ -->\n<title>Top enfilat de pedra natural turquesa de Titani d&#039;1,6 mm. - Tits and Tats Tattoo Studio<\/title>\n<meta name=\"description\" content=\"Top enfilat de pedra natural turquesa, en diferents colors, ideals per muntar en un barbell o flat back barbell d&#039; 1,6 mm. de rosca interna.\" \/>\n<meta name=\"robots\" content=\"index, follow, max-snippet:-1, max-image-preview:large, max-video-preview:-1\" \/>\n<link rel=\"canonical\" href=\"https:\/\/titsandtatstattoo.com\/es\/product\/top-enfilat-de-pedra-natural-turquesa-de-titani\/\" \/>\n<meta property=\"og:locale\" content=\"es_ES\" \/>\n<meta property=\"og:type\" content=\"article\" \/>\n<meta property=\"og:title\" content=\"Top enfilat de pedra natural turquesa de Titani d&#039;1,6 mm. - Tits and Tats Tattoo Studio\" \/>\n<meta property=\"og:description\" content=\"Top enfilat de pedra natural turquesa, en diferents colors, ideals per muntar en un barbell o flat back barbell d&#039; 1,6 mm. de rosca interna.\" \/>\n<meta property=\"og:url\" content=\"https:\/\/titsandtatstattoo.com\/es\/product\/top-enfilat-de-pedra-natural-turquesa-de-titani\/\" \/>\n<meta property=\"og:site_name\" content=\"Tits and Tats Tattoo Studio\" \/>\n<meta property=\"article:modified_time\" content=\"2024-11-18T18:16:40+00:00\" \/>\n<meta property=\"og:image\" content=\"https:\/\/i0.wp.com\/titsandtatstattoo.com\/wp-content\/uploads\/2023\/07\/TQCR161.jpg?fit=1250%2C1000&ssl=1\" \/>\n\t<meta property=\"og:image:width\" content=\"1250\" \/>\n\t<meta property=\"og:image:height\" content=\"1000\" \/>\n\t<meta property=\"og:image:type\" content=\"image\/jpeg\" \/>\n<meta name=\"twitter:card\" content=\"summary_large_image\" \/>\n<meta name=\"twitter:label1\" content=\"Tiempo de lectura\" \/>\n\t<meta name=\"twitter:data1\" content=\"1 minuto\" \/>\n<script type=\"application\/ld+json\" class=\"yoast-schema-graph\">{\"@context\":\"https:\/\/schema.org\",\"@graph\":[{\"@type\":\"WebPage\",\"@id\":\"https:\/\/titsandtatstattoo.com\/product\/top-enfilat-de-pedra-natural-turquesa-de-titani\/\",\"url\":\"https:\/\/titsandtatstattoo.com\/product\/top-enfilat-de-pedra-natural-turquesa-de-titani\/\",\"name\":\"Top enfilat de pedra natural turquesa de Titani d'1,6 mm. - Tits and Tats Tattoo Studio\",\"isPartOf\":{\"@id\":\"https:\/\/titsandtatstattoo.com\/#website\"},\"primaryImageOfPage\":{\"@id\":\"https:\/\/titsandtatstattoo.com\/product\/top-enfilat-de-pedra-natural-turquesa-de-titani\/#primaryimage\"},\"image\":{\"@id\":\"https:\/\/titsandtatstattoo.com\/product\/top-enfilat-de-pedra-natural-turquesa-de-titani\/#primaryimage\"},\"thumbnailUrl\":\"https:\/\/i0.wp.com\/titsandtatstattoo.com\/wp-content\/uploads\/2023\/07\/TQCR161.jpg?fit=1250%2C1000&ssl=1\",\"datePublished\":\"2023-09-04T21:13:47+00:00\",\"dateModified\":\"2024-11-18T18:16:40+00:00\",\"description\":\"Top enfilat de pedra natural turquesa, en diferents colors, ideals per muntar en un barbell o flat back barbell d' 1,6 mm. de rosca interna.\",\"breadcrumb\":{\"@id\":\"https:\/\/titsandtatstattoo.com\/product\/top-enfilat-de-pedra-natural-turquesa-de-titani\/#breadcrumb\"},\"inLanguage\":\"es\",\"potentialAction\":[{\"@type\":\"ReadAction\",\"target\":[\"https:\/\/titsandtatstattoo.com\/product\/top-enfilat-de-pedra-natural-turquesa-de-titani\/\"]}]},{\"@type\":\"ImageObject\",\"inLanguage\":\"es\",\"@id\":\"https:\/\/titsandtatstattoo.com\/product\/top-enfilat-de-pedra-natural-turquesa-de-titani\/#primaryimage\",\"url\":\"https:\/\/i0.wp.com\/titsandtatstattoo.com\/wp-content\/uploads\/2023\/07\/TQCR161.jpg?fit=1250%2C1000&ssl=1\",\"contentUrl\":\"https:\/\/i0.wp.com\/titsandtatstattoo.com\/wp-content\/uploads\/2023\/07\/TQCR161.jpg?fit=1250%2C1000&ssl=1\",\"width\":1250,\"height\":1000,\"caption\":\"Top enfilat de pedra natural turquesa de Titani - Tits and Tats Tattoo Estudi Tatuatge Mollerussa Lleida\"},{\"@type\":\"BreadcrumbList\",\"@id\":\"https:\/\/titsandtatstattoo.com\/product\/top-enfilat-de-pedra-natural-turquesa-de-titani\/#breadcrumb\",\"itemListElement\":[{\"@type\":\"ListItem\",\"position\":1,\"name\":\"Home\",\"item\":\"https:\/\/titsandtatstattoo.com\/\"},{\"@type\":\"ListItem\",\"position\":2,\"name\":\"Botiga\",\"item\":\"https:\/\/titsandtatstattoo.com\/botiga\/\"},{\"@type\":\"ListItem\",\"position\":3,\"name\":\"Top enfilat de pedra natural turquesa de Titani d&#8217;1,6 mm.\"}]},{\"@type\":\"WebSite\",\"@id\":\"https:\/\/titsandtatstattoo.com\/#website\",\"url\":\"https:\/\/titsandtatstattoo.com\/\",\"name\":\"Tits and Tats Tattoo Studio\",\"description\":\"Tattoo And Piercing Studio\",\"potentialAction\":[{\"@type\":\"SearchAction\",\"target\":{\"@type\":\"EntryPoint\",\"urlTemplate\":\"https:\/\/titsandtatstattoo.com\/?s={search_term_string}\"},\"query-input\":{\"@type\":\"PropertyValueSpecification\",\"valueRequired\":true,\"valueName\":\"search_term_string\"}}],\"inLanguage\":\"es\"}]}<\/script>\n<!-- \/ Yoast SEO plugin. -->","yoast_head_json":{"title":"Top enfilat de pedra natural turquesa de Titani d'1,6 mm. - Tits and Tats Tattoo Studio","description":"Top enfilat de pedra natural turquesa, en diferents colors, ideals per muntar en un barbell o flat back barbell d' 1,6 mm. de rosca interna.","robots":{"index":"index","follow":"follow","max-snippet":"max-snippet:-1","max-image-preview":"max-image-preview:large","max-video-preview":"max-video-preview:-1"},"canonical":"https:\/\/titsandtatstattoo.com\/es\/product\/top-enfilat-de-pedra-natural-turquesa-de-titani\/","og_locale":"es_ES","og_type":"article","og_title":"Top enfilat de pedra natural turquesa de Titani d'1,6 mm. - Tits and Tats Tattoo Studio","og_description":"Top enfilat de pedra natural turquesa, en diferents colors, ideals per muntar en un barbell o flat back barbell d' 1,6 mm. de rosca interna.","og_url":"https:\/\/titsandtatstattoo.com\/es\/product\/top-enfilat-de-pedra-natural-turquesa-de-titani\/","og_site_name":"Tits and Tats Tattoo Studio","article_modified_time":"2024-11-18T18:16:40+00:00","og_image":[{"width":1250,"height":1000,"url":"https:\/\/i0.wp.com\/titsandtatstattoo.com\/wp-content\/uploads\/2023\/07\/TQCR161.jpg?fit=1250%2C1000&ssl=1","type":"image\/jpeg"}],"twitter_card":"summary_large_image","twitter_misc":{"Tiempo de lectura":"1 minuto"},"schema":{"@context":"https:\/\/schema.org","@graph":[{"@type":"WebPage","@id":"https:\/\/titsandtatstattoo.com\/product\/top-enfilat-de-pedra-natural-turquesa-de-titani\/","url":"https:\/\/titsandtatstattoo.com\/product\/top-enfilat-de-pedra-natural-turquesa-de-titani\/","name":"Top enfilat de pedra natural turquesa de Titani d'1,6 mm. - Tits and Tats Tattoo Studio","isPartOf":{"@id":"https:\/\/titsandtatstattoo.com\/#website"},"primaryImageOfPage":{"@id":"https:\/\/titsandtatstattoo.com\/product\/top-enfilat-de-pedra-natural-turquesa-de-titani\/#primaryimage"},"image":{"@id":"https:\/\/titsandtatstattoo.com\/product\/top-enfilat-de-pedra-natural-turquesa-de-titani\/#primaryimage"},"thumbnailUrl":"https:\/\/i0.wp.com\/titsandtatstattoo.com\/wp-content\/uploads\/2023\/07\/TQCR161.jpg?fit=1250%2C1000&ssl=1","datePublished":"2023-09-04T21:13:47+00:00","dateModified":"2024-11-18T18:16:40+00:00","description":"Top enfilat de pedra natural turquesa, en diferents colors, ideals per muntar en un barbell o flat back barbell d' 1,6 mm. de rosca interna.","breadcrumb":{"@id":"https:\/\/titsandtatstattoo.com\/product\/top-enfilat-de-pedra-natural-turquesa-de-titani\/#breadcrumb"},"inLanguage":"es","potentialAction":[{"@type":"ReadAction","target":["https:\/\/titsandtatstattoo.com\/product\/top-enfilat-de-pedra-natural-turquesa-de-titani\/"]}]},{"@type":"ImageObject","inLanguage":"es","@id":"https:\/\/titsandtatstattoo.com\/product\/top-enfilat-de-pedra-natural-turquesa-de-titani\/#primaryimage","url":"https:\/\/i0.wp.com\/titsandtatstattoo.com\/wp-content\/uploads\/2023\/07\/TQCR161.jpg?fit=1250%2C1000&ssl=1","contentUrl":"https:\/\/i0.wp.com\/titsandtatstattoo.com\/wp-content\/uploads\/2023\/07\/TQCR161.jpg?fit=1250%2C1000&ssl=1","width":1250,"height":1000,"caption":"Top enfilat de pedra natural turquesa de Titani - Tits and Tats Tattoo Estudi Tatuatge Mollerussa Lleida"},{"@type":"BreadcrumbList","@id":"https:\/\/titsandtatstattoo.com\/product\/top-enfilat-de-pedra-natural-turquesa-de-titani\/#breadcrumb","itemListElement":[{"@type":"ListItem","position":1,"name":"Home","item":"https:\/\/titsandtatstattoo.com\/"},{"@type":"ListItem","position":2,"name":"Botiga","item":"https:\/\/titsandtatstattoo.com\/botiga\/"},{"@type":"ListItem","position":3,"name":"Top enfilat de pedra natural turquesa de Titani d&#8217;1,6 mm."}]},{"@type":"WebSite","@id":"https:\/\/titsandtatstattoo.com\/#website","url":"https:\/\/titsandtatstattoo.com\/","name":"Tits and Tats Tattoo Studio","description":"Tattoo And Piercing Studio","potentialAction":[{"@type":"SearchAction","target":{"@type":"EntryPoint","urlTemplate":"https:\/\/titsandtatstattoo.com\/?s={search_term_string}"},"query-input":{"@type":"PropertyValueSpecification","valueRequired":true,"valueName":"search_term_string"}}],"inLanguage":"es"}]}},"jetpack_sharing_enabled":true,"_links":{"self":[{"href":"https:\/\/titsandtatstattoo.com\/es\/wp-json\/wp\/v2\/product\/4014"}],"collection":[{"href":"https:\/\/titsandtatstattoo.com\/es\/wp-json\/wp\/v2\/product"}],"about":[{"href":"https:\/\/titsandtatstattoo.com\/es\/wp-json\/wp\/v2\/types\/product"}],"wp:featuredmedia":[{"embeddable":true,"href":"https:\/\/titsandtatstattoo.com\/es\/wp-json\/wp\/v2\/media\/3394"}],"wp:attachment":[{"href":"https:\/\/titsandtatstattoo.com\/es\/wp-json\/wp\/v2\/media?parent=4014"}],"wp:term":[{"taxonomy":"product_brand","embeddable":true,"href":"https:\/\/titsandtatstattoo.com\/es\/wp-json\/wp\/v2\/product_brand?post=4014"},{"taxonomy":"product_cat","embeddable":true,"href":"https:\/\/titsandtatstattoo.com\/es\/wp-json\/wp\/v2\/product_cat?post=4014"},{"taxonomy":"product_tag","embeddable":true,"href":"https:\/\/titsandtatstattoo.com\/es\/wp-json\/wp\/v2\/product_tag?post=4014"}],"curies":[{"name":"wp","href":"https:\/\/api.w.org\/{rel}","templated":true}]}}