{"id":4045,"date":"2023-09-05T15:00:09","date_gmt":"2023-09-05T13:00:09","guid":{"rendered":"https:\/\/titsandtatstattoo.com\/?post_type=product&#038;p=4045"},"modified":"2024-02-05T18:18:56","modified_gmt":"2024-02-05T17:18:56","slug":"cercol-clicker-amb-tres-opals-al-centre","status":"publish","type":"product","link":"https:\/\/titsandtatstattoo.com\/es\/product\/cercol-clicker-amb-tres-opals-al-centre\/","title":{"rendered":"C\u00e8rcol clicker amb tres \u00f2pals al centre d&#8217;1,2 mm."},"content":{"rendered":"<p>C\u00e8rcol d&#8217;1,2 mm. amb frontissa amb 3 discs d&#8217;\u00f2pal de diversos colors:<\/p>\n<ul>\n<li>Material: Titani Grau Implant ASTM F-136.<\/li>\n<li>Color: Hi ha l&#8217;opci\u00f3 de triar el color de la joia (titani anoditzat).*<\/li>\n<li>Varies mesures de tija per a elegir.<\/li>\n<\/ul>\n<blockquote><p>La nostra recomanaci\u00f3 \u00e9s que consultis amb el teu aplicador la dist\u00e0ncia que necessita la teva anatomia o que ens preguntis sense cap mena de comprom\u00eds al nostre <a href=\"https:\/\/wa.me\/+34669670393\" target=\"_blank\" rel=\"noopener\">whatsapp<\/a>!<\/p><\/blockquote>\n<p>* Les imatges dels productes poden diferir lleugerament, igual que la refer\u00e8ncia de color del Titani Anoditzat. Per a m\u00e9s informaci\u00f3 sobre el proc\u00e9s d&#8217;anoditzat, cliqueu <a href=\"https:\/\/titsandtatstattoo.com\/es\/anoditzacio\/\">aqu\u00ed<\/a>.<\/p>\n<p>&nbsp;<\/p>","protected":false},"excerpt":{"rendered":"<p>Aro clicker con tres \u00f3palos en el centro<\/p>","protected":false},"featured_media":3227,"template":"","meta":[],"product_brand":[],"product_cat":[281],"product_tag":[162,161,158,171,157,163,156,170,169,166,164,159,167,165,160],"class_list":{"0":"post-4045","1":"product","2":"type-product","3":"status-publish","4":"has-post-thumbnail","6":"product_cat-clickers","7":"product_tag-conch","8":"product_tag-daith","9":"product_tag-forward-helix","10":"product_tag-genitals","11":"product_tag-helix","12":"product_tag-labret","13":"product_tag-lobul","14":"product_tag-melic","15":"product_tag-mugro","16":"product_tag-nostril","17":"product_tag-philtrum","18":"product_tag-rook","19":"product_tag-septum","20":"product_tag-smiley","21":"product_tag-tragus","23":"first","24":"instock","25":"taxable","26":"shipping-taxable","27":"purchasable","28":"product-type-variable"},"yoast_head":"<!-- This site is optimized with the Yoast SEO plugin v25.5 - https:\/\/yoast.com\/wordpress\/plugins\/seo\/ -->\n<title>C\u00e8rcol clicker amb tres \u00f2pals al centre d&#039;1,2 mm. - Tits and Tats Tattoo Studio<\/title>\n<meta name=\"description\" content=\"C\u00e8rcol amb frontissa amb 3 discs d&#039;\u00f2pal de diversos colors, de Titani Grau Implant ASTM F-136 de diferents gruixos i llargs.\" \/>\n<meta name=\"robots\" content=\"index, follow, max-snippet:-1, max-image-preview:large, max-video-preview:-1\" \/>\n<link rel=\"canonical\" href=\"https:\/\/titsandtatstattoo.com\/es\/product\/cercol-clicker-amb-tres-opals-al-centre\/\" \/>\n<meta property=\"og:locale\" content=\"es_ES\" \/>\n<meta property=\"og:type\" content=\"article\" \/>\n<meta property=\"og:title\" content=\"C\u00e8rcol clicker amb tres \u00f2pals al centre d&#039;1,2 mm. - Tits and Tats Tattoo Studio\" \/>\n<meta property=\"og:description\" content=\"C\u00e8rcol amb frontissa amb 3 discs d&#039;\u00f2pal de diversos colors, de Titani Grau Implant ASTM F-136 de diferents gruixos i llargs.\" \/>\n<meta property=\"og:url\" content=\"https:\/\/titsandtatstattoo.com\/es\/product\/cercol-clicker-amb-tres-opals-al-centre\/\" \/>\n<meta property=\"og:site_name\" content=\"Tits and Tats Tattoo Studio\" \/>\n<meta property=\"article:modified_time\" content=\"2024-02-05T17:18:56+00:00\" \/>\n<meta property=\"og:image\" content=\"https:\/\/i0.wp.com\/titsandtatstattoo.com\/wp-content\/uploads\/2023\/07\/H1210OP3WH.jpg?fit=1250%2C1000&ssl=1\" \/>\n\t<meta property=\"og:image:width\" content=\"1250\" \/>\n\t<meta property=\"og:image:height\" content=\"1000\" \/>\n\t<meta property=\"og:image:type\" content=\"image\/jpeg\" \/>\n<meta name=\"twitter:card\" content=\"summary_large_image\" \/>\n<meta name=\"twitter:label1\" content=\"Tiempo de lectura\" \/>\n\t<meta name=\"twitter:data1\" content=\"1 minuto\" \/>\n<script type=\"application\/ld+json\" class=\"yoast-schema-graph\">{\"@context\":\"https:\/\/schema.org\",\"@graph\":[{\"@type\":\"WebPage\",\"@id\":\"https:\/\/titsandtatstattoo.com\/product\/cercol-clicker-amb-tres-opals-al-centre\/\",\"url\":\"https:\/\/titsandtatstattoo.com\/product\/cercol-clicker-amb-tres-opals-al-centre\/\",\"name\":\"C\u00e8rcol clicker amb tres \u00f2pals al centre d'1,2 mm. - Tits and Tats Tattoo Studio\",\"isPartOf\":{\"@id\":\"https:\/\/titsandtatstattoo.com\/#website\"},\"primaryImageOfPage\":{\"@id\":\"https:\/\/titsandtatstattoo.com\/product\/cercol-clicker-amb-tres-opals-al-centre\/#primaryimage\"},\"image\":{\"@id\":\"https:\/\/titsandtatstattoo.com\/product\/cercol-clicker-amb-tres-opals-al-centre\/#primaryimage\"},\"thumbnailUrl\":\"https:\/\/i0.wp.com\/titsandtatstattoo.com\/wp-content\/uploads\/2023\/07\/H1210OP3WH.jpg?fit=1250%2C1000&ssl=1\",\"datePublished\":\"2023-09-05T13:00:09+00:00\",\"dateModified\":\"2024-02-05T17:18:56+00:00\",\"description\":\"C\u00e8rcol amb frontissa amb 3 discs d'\u00f2pal de diversos colors, de Titani Grau Implant ASTM F-136 de diferents gruixos i llargs.\",\"breadcrumb\":{\"@id\":\"https:\/\/titsandtatstattoo.com\/product\/cercol-clicker-amb-tres-opals-al-centre\/#breadcrumb\"},\"inLanguage\":\"es\",\"potentialAction\":[{\"@type\":\"ReadAction\",\"target\":[\"https:\/\/titsandtatstattoo.com\/product\/cercol-clicker-amb-tres-opals-al-centre\/\"]}]},{\"@type\":\"ImageObject\",\"inLanguage\":\"es\",\"@id\":\"https:\/\/titsandtatstattoo.com\/product\/cercol-clicker-amb-tres-opals-al-centre\/#primaryimage\",\"url\":\"https:\/\/i0.wp.com\/titsandtatstattoo.com\/wp-content\/uploads\/2023\/07\/H1210OP3WH.jpg?fit=1250%2C1000&ssl=1\",\"contentUrl\":\"https:\/\/i0.wp.com\/titsandtatstattoo.com\/wp-content\/uploads\/2023\/07\/H1210OP3WH.jpg?fit=1250%2C1000&ssl=1\",\"width\":1250,\"height\":1000,\"caption\":\"C\u00e8rcol clicker amb tres \u00f2pals al centre\"},{\"@type\":\"BreadcrumbList\",\"@id\":\"https:\/\/titsandtatstattoo.com\/product\/cercol-clicker-amb-tres-opals-al-centre\/#breadcrumb\",\"itemListElement\":[{\"@type\":\"ListItem\",\"position\":1,\"name\":\"Home\",\"item\":\"https:\/\/titsandtatstattoo.com\/\"},{\"@type\":\"ListItem\",\"position\":2,\"name\":\"Botiga\",\"item\":\"https:\/\/titsandtatstattoo.com\/botiga\/\"},{\"@type\":\"ListItem\",\"position\":3,\"name\":\"C\u00e8rcol clicker amb tres \u00f2pals al centre d&#8217;1,2 mm.\"}]},{\"@type\":\"WebSite\",\"@id\":\"https:\/\/titsandtatstattoo.com\/#website\",\"url\":\"https:\/\/titsandtatstattoo.com\/\",\"name\":\"Tits and Tats Tattoo Studio\",\"description\":\"Tattoo And Piercing Studio\",\"potentialAction\":[{\"@type\":\"SearchAction\",\"target\":{\"@type\":\"EntryPoint\",\"urlTemplate\":\"https:\/\/titsandtatstattoo.com\/?s={search_term_string}\"},\"query-input\":{\"@type\":\"PropertyValueSpecification\",\"valueRequired\":true,\"valueName\":\"search_term_string\"}}],\"inLanguage\":\"es\"}]}<\/script>\n<!-- \/ Yoast SEO plugin. -->","yoast_head_json":{"title":"C\u00e8rcol clicker amb tres \u00f2pals al centre d'1,2 mm. - Tits and Tats Tattoo Studio","description":"C\u00e8rcol amb frontissa amb 3 discs d'\u00f2pal de diversos colors, de Titani Grau Implant ASTM F-136 de diferents gruixos i llargs.","robots":{"index":"index","follow":"follow","max-snippet":"max-snippet:-1","max-image-preview":"max-image-preview:large","max-video-preview":"max-video-preview:-1"},"canonical":"https:\/\/titsandtatstattoo.com\/es\/product\/cercol-clicker-amb-tres-opals-al-centre\/","og_locale":"es_ES","og_type":"article","og_title":"C\u00e8rcol clicker amb tres \u00f2pals al centre d'1,2 mm. - Tits and Tats Tattoo Studio","og_description":"C\u00e8rcol amb frontissa amb 3 discs d'\u00f2pal de diversos colors, de Titani Grau Implant ASTM F-136 de diferents gruixos i llargs.","og_url":"https:\/\/titsandtatstattoo.com\/es\/product\/cercol-clicker-amb-tres-opals-al-centre\/","og_site_name":"Tits and Tats Tattoo Studio","article_modified_time":"2024-02-05T17:18:56+00:00","og_image":[{"width":1250,"height":1000,"url":"https:\/\/i0.wp.com\/titsandtatstattoo.com\/wp-content\/uploads\/2023\/07\/H1210OP3WH.jpg?fit=1250%2C1000&ssl=1","type":"image\/jpeg"}],"twitter_card":"summary_large_image","twitter_misc":{"Tiempo de lectura":"1 minuto"},"schema":{"@context":"https:\/\/schema.org","@graph":[{"@type":"WebPage","@id":"https:\/\/titsandtatstattoo.com\/product\/cercol-clicker-amb-tres-opals-al-centre\/","url":"https:\/\/titsandtatstattoo.com\/product\/cercol-clicker-amb-tres-opals-al-centre\/","name":"C\u00e8rcol clicker amb tres \u00f2pals al centre d'1,2 mm. - Tits and Tats Tattoo Studio","isPartOf":{"@id":"https:\/\/titsandtatstattoo.com\/#website"},"primaryImageOfPage":{"@id":"https:\/\/titsandtatstattoo.com\/product\/cercol-clicker-amb-tres-opals-al-centre\/#primaryimage"},"image":{"@id":"https:\/\/titsandtatstattoo.com\/product\/cercol-clicker-amb-tres-opals-al-centre\/#primaryimage"},"thumbnailUrl":"https:\/\/i0.wp.com\/titsandtatstattoo.com\/wp-content\/uploads\/2023\/07\/H1210OP3WH.jpg?fit=1250%2C1000&ssl=1","datePublished":"2023-09-05T13:00:09+00:00","dateModified":"2024-02-05T17:18:56+00:00","description":"C\u00e8rcol amb frontissa amb 3 discs d'\u00f2pal de diversos colors, de Titani Grau Implant ASTM F-136 de diferents gruixos i llargs.","breadcrumb":{"@id":"https:\/\/titsandtatstattoo.com\/product\/cercol-clicker-amb-tres-opals-al-centre\/#breadcrumb"},"inLanguage":"es","potentialAction":[{"@type":"ReadAction","target":["https:\/\/titsandtatstattoo.com\/product\/cercol-clicker-amb-tres-opals-al-centre\/"]}]},{"@type":"ImageObject","inLanguage":"es","@id":"https:\/\/titsandtatstattoo.com\/product\/cercol-clicker-amb-tres-opals-al-centre\/#primaryimage","url":"https:\/\/i0.wp.com\/titsandtatstattoo.com\/wp-content\/uploads\/2023\/07\/H1210OP3WH.jpg?fit=1250%2C1000&ssl=1","contentUrl":"https:\/\/i0.wp.com\/titsandtatstattoo.com\/wp-content\/uploads\/2023\/07\/H1210OP3WH.jpg?fit=1250%2C1000&ssl=1","width":1250,"height":1000,"caption":"C\u00e8rcol clicker amb tres \u00f2pals al centre"},{"@type":"BreadcrumbList","@id":"https:\/\/titsandtatstattoo.com\/product\/cercol-clicker-amb-tres-opals-al-centre\/#breadcrumb","itemListElement":[{"@type":"ListItem","position":1,"name":"Home","item":"https:\/\/titsandtatstattoo.com\/"},{"@type":"ListItem","position":2,"name":"Botiga","item":"https:\/\/titsandtatstattoo.com\/botiga\/"},{"@type":"ListItem","position":3,"name":"C\u00e8rcol clicker amb tres \u00f2pals al centre d&#8217;1,2 mm."}]},{"@type":"WebSite","@id":"https:\/\/titsandtatstattoo.com\/#website","url":"https:\/\/titsandtatstattoo.com\/","name":"Tits and Tats Tattoo Studio","description":"Tattoo And Piercing Studio","potentialAction":[{"@type":"SearchAction","target":{"@type":"EntryPoint","urlTemplate":"https:\/\/titsandtatstattoo.com\/?s={search_term_string}"},"query-input":{"@type":"PropertyValueSpecification","valueRequired":true,"valueName":"search_term_string"}}],"inLanguage":"es"}]}},"jetpack_sharing_enabled":true,"_links":{"self":[{"href":"https:\/\/titsandtatstattoo.com\/es\/wp-json\/wp\/v2\/product\/4045"}],"collection":[{"href":"https:\/\/titsandtatstattoo.com\/es\/wp-json\/wp\/v2\/product"}],"about":[{"href":"https:\/\/titsandtatstattoo.com\/es\/wp-json\/wp\/v2\/types\/product"}],"wp:featuredmedia":[{"embeddable":true,"href":"https:\/\/titsandtatstattoo.com\/es\/wp-json\/wp\/v2\/media\/3227"}],"wp:attachment":[{"href":"https:\/\/titsandtatstattoo.com\/es\/wp-json\/wp\/v2\/media?parent=4045"}],"wp:term":[{"taxonomy":"product_brand","embeddable":true,"href":"https:\/\/titsandtatstattoo.com\/es\/wp-json\/wp\/v2\/product_brand?post=4045"},{"taxonomy":"product_cat","embeddable":true,"href":"https:\/\/titsandtatstattoo.com\/es\/wp-json\/wp\/v2\/product_cat?post=4045"},{"taxonomy":"product_tag","embeddable":true,"href":"https:\/\/titsandtatstattoo.com\/es\/wp-json\/wp\/v2\/product_tag?post=4045"}],"curies":[{"name":"wp","href":"https:\/\/api.w.org\/{rel}","templated":true}]}}