{"id":4055,"date":"2023-09-05T15:00:12","date_gmt":"2023-09-05T13:00:12","guid":{"rendered":"https:\/\/titsandtatstattoo.com\/?post_type=product&#038;p=4055"},"modified":"2024-04-02T19:03:59","modified_gmt":"2024-04-02T17:03:59","slug":"barra-amb-xapa-fixa-darrera-flat-back-barbell-2","status":"publish","type":"product","link":"https:\/\/titsandtatstattoo.com\/es\/product\/barra-amb-xapa-fixa-darrera-flat-back-barbell-2\/","title":{"rendered":"Barra amb xapa fixa darrera (Flat Back Barbell) d&#8217;1,6 mm."},"content":{"rendered":"<p>Joia de barra recta amb xapa fixa posterior b\u00e0sica (inclou bola de 4mm.), diferents gruixos i llargs:<\/p>\n<ul>\n<li>Material: Titani Grau Implant ASTM F-136.<\/li>\n<li>Color: Hi ha l&#8217;opci\u00f3 de triar el color de la joia (titani anoditzat).*<\/li>\n<li>Varies mesures de tija per a elegir.<\/li>\n<\/ul>\n<blockquote><p>La nostra recomanaci\u00f3 \u00e9s que consultis amb el teu aplicador la dist\u00e0ncia que necessita la teva anatomia o que ens preguntis sense cap mena de comprom\u00eds al nostre <a href=\"https:\/\/wa.me\/+34669670393\" target=\"_blank\" rel=\"noopener\">whatsapp<\/a>!<\/p><\/blockquote>\n<p>* Les imatges dels productes poden diferir lleugerament, igual que la refer\u00e8ncia de color del Titani Anoditzat. Per a m\u00e9s informaci\u00f3 sobre el proc\u00e9s d&#8217;anoditzat, cliqueu <a href=\"https:\/\/titsandtatstattoo.com\/es\/anoditzacio\/\">aqu\u00ed<\/a>.<\/p>\n<p>&nbsp;<\/p>","protected":false},"excerpt":{"rendered":"<p>Barra con chapa fija trasera (Flat Back Barbell)<\/p>","protected":false},"featured_media":4296,"template":"","meta":[],"product_brand":[],"product_cat":[199],"product_tag":[162,202,158,157,163,156,166,164,201,293,160],"class_list":{"0":"post-4055","1":"product","2":"type-product","3":"status-publish","4":"has-post-thumbnail","6":"product_cat-barbells","7":"product_tag-conch","8":"product_tag-flat-piercing","9":"product_tag-forward-helix","10":"product_tag-helix","11":"product_tag-labret","12":"product_tag-lobul","13":"product_tag-nostril","14":"product_tag-philtrum","15":"product_tag-scapha","16":"product_tag-titani","17":"product_tag-tragus","19":"first","20":"instock","21":"taxable","22":"shipping-taxable","23":"purchasable","24":"product-type-variable"},"yoast_head":"<!-- This site is optimized with the Yoast SEO plugin v25.5 - https:\/\/yoast.com\/wordpress\/plugins\/seo\/ -->\n<title>Barra amb xapa fixa darrera (Flat Back Barbell) d&#039;1,6 mm. - Tits and Tats Tattoo Studio<\/title>\n<meta name=\"description\" content=\"Joia de barra recta amb xapa fixa posterior b\u00e0sica, de Titani Grau Implant ASTM F-136 de diferents gruixos i llargs.\" \/>\n<meta name=\"robots\" content=\"index, follow, max-snippet:-1, max-image-preview:large, max-video-preview:-1\" \/>\n<link rel=\"canonical\" href=\"https:\/\/titsandtatstattoo.com\/es\/product\/barra-amb-xapa-fixa-darrera-flat-back-barbell-2\/\" \/>\n<meta property=\"og:locale\" content=\"es_ES\" \/>\n<meta property=\"og:type\" content=\"article\" \/>\n<meta property=\"og:title\" content=\"Barra amb xapa fixa darrera (Flat Back Barbell) d&#039;1,6 mm. - Tits and Tats Tattoo Studio\" \/>\n<meta property=\"og:description\" content=\"Joia de barra recta amb xapa fixa posterior b\u00e0sica, de Titani Grau Implant ASTM F-136 de diferents gruixos i llargs.\" \/>\n<meta property=\"og:url\" content=\"https:\/\/titsandtatstattoo.com\/es\/product\/barra-amb-xapa-fixa-darrera-flat-back-barbell-2\/\" \/>\n<meta property=\"og:site_name\" content=\"Tits and Tats Tattoo Studio\" \/>\n<meta property=\"article:modified_time\" content=\"2024-04-02T17:03:59+00:00\" \/>\n<meta property=\"og:image\" content=\"https:\/\/i0.wp.com\/titsandtatstattoo.com\/wp-content\/uploads\/2023\/09\/LAB_10.jpg?fit=1250%2C1000&ssl=1\" \/>\n\t<meta property=\"og:image:width\" content=\"1250\" \/>\n\t<meta property=\"og:image:height\" content=\"1000\" \/>\n\t<meta property=\"og:image:type\" content=\"image\/jpeg\" \/>\n<meta name=\"twitter:card\" content=\"summary_large_image\" \/>\n<meta name=\"twitter:label1\" content=\"Tiempo de lectura\" \/>\n\t<meta name=\"twitter:data1\" content=\"1 minuto\" \/>\n<script type=\"application\/ld+json\" class=\"yoast-schema-graph\">{\"@context\":\"https:\/\/schema.org\",\"@graph\":[{\"@type\":\"WebPage\",\"@id\":\"https:\/\/titsandtatstattoo.com\/product\/barra-amb-xapa-fixa-darrera-flat-back-barbell-2\/\",\"url\":\"https:\/\/titsandtatstattoo.com\/product\/barra-amb-xapa-fixa-darrera-flat-back-barbell-2\/\",\"name\":\"Barra amb xapa fixa darrera (Flat Back Barbell) d'1,6 mm. - Tits and Tats Tattoo Studio\",\"isPartOf\":{\"@id\":\"https:\/\/titsandtatstattoo.com\/#website\"},\"primaryImageOfPage\":{\"@id\":\"https:\/\/titsandtatstattoo.com\/product\/barra-amb-xapa-fixa-darrera-flat-back-barbell-2\/#primaryimage\"},\"image\":{\"@id\":\"https:\/\/titsandtatstattoo.com\/product\/barra-amb-xapa-fixa-darrera-flat-back-barbell-2\/#primaryimage\"},\"thumbnailUrl\":\"https:\/\/i0.wp.com\/titsandtatstattoo.com\/wp-content\/uploads\/2023\/09\/LAB_10.jpg?fit=1250%2C1000&ssl=1\",\"datePublished\":\"2023-09-05T13:00:12+00:00\",\"dateModified\":\"2024-04-02T17:03:59+00:00\",\"description\":\"Joia de barra recta amb xapa fixa posterior b\u00e0sica, de Titani Grau Implant ASTM F-136 de diferents gruixos i llargs.\",\"breadcrumb\":{\"@id\":\"https:\/\/titsandtatstattoo.com\/product\/barra-amb-xapa-fixa-darrera-flat-back-barbell-2\/#breadcrumb\"},\"inLanguage\":\"es\",\"potentialAction\":[{\"@type\":\"ReadAction\",\"target\":[\"https:\/\/titsandtatstattoo.com\/product\/barra-amb-xapa-fixa-darrera-flat-back-barbell-2\/\"]}]},{\"@type\":\"ImageObject\",\"inLanguage\":\"es\",\"@id\":\"https:\/\/titsandtatstattoo.com\/product\/barra-amb-xapa-fixa-darrera-flat-back-barbell-2\/#primaryimage\",\"url\":\"https:\/\/i0.wp.com\/titsandtatstattoo.com\/wp-content\/uploads\/2023\/09\/LAB_10.jpg?fit=1250%2C1000&ssl=1\",\"contentUrl\":\"https:\/\/i0.wp.com\/titsandtatstattoo.com\/wp-content\/uploads\/2023\/09\/LAB_10.jpg?fit=1250%2C1000&ssl=1\",\"width\":1250,\"height\":1000,\"caption\":\"Barra amb xapa fixa darrera (Flat Back Barbell)\"},{\"@type\":\"BreadcrumbList\",\"@id\":\"https:\/\/titsandtatstattoo.com\/product\/barra-amb-xapa-fixa-darrera-flat-back-barbell-2\/#breadcrumb\",\"itemListElement\":[{\"@type\":\"ListItem\",\"position\":1,\"name\":\"Home\",\"item\":\"https:\/\/titsandtatstattoo.com\/\"},{\"@type\":\"ListItem\",\"position\":2,\"name\":\"Botiga\",\"item\":\"https:\/\/titsandtatstattoo.com\/botiga\/\"},{\"@type\":\"ListItem\",\"position\":3,\"name\":\"Barra amb xapa fixa darrera (Flat Back Barbell) d&#8217;1,6 mm.\"}]},{\"@type\":\"WebSite\",\"@id\":\"https:\/\/titsandtatstattoo.com\/#website\",\"url\":\"https:\/\/titsandtatstattoo.com\/\",\"name\":\"Tits and Tats Tattoo Studio\",\"description\":\"Tattoo And Piercing Studio\",\"potentialAction\":[{\"@type\":\"SearchAction\",\"target\":{\"@type\":\"EntryPoint\",\"urlTemplate\":\"https:\/\/titsandtatstattoo.com\/?s={search_term_string}\"},\"query-input\":{\"@type\":\"PropertyValueSpecification\",\"valueRequired\":true,\"valueName\":\"search_term_string\"}}],\"inLanguage\":\"es\"}]}<\/script>\n<!-- \/ Yoast SEO plugin. -->","yoast_head_json":{"title":"Barra amb xapa fixa darrera (Flat Back Barbell) d'1,6 mm. - Tits and Tats Tattoo Studio","description":"Joia de barra recta amb xapa fixa posterior b\u00e0sica, de Titani Grau Implant ASTM F-136 de diferents gruixos i llargs.","robots":{"index":"index","follow":"follow","max-snippet":"max-snippet:-1","max-image-preview":"max-image-preview:large","max-video-preview":"max-video-preview:-1"},"canonical":"https:\/\/titsandtatstattoo.com\/es\/product\/barra-amb-xapa-fixa-darrera-flat-back-barbell-2\/","og_locale":"es_ES","og_type":"article","og_title":"Barra amb xapa fixa darrera (Flat Back Barbell) d'1,6 mm. - Tits and Tats Tattoo Studio","og_description":"Joia de barra recta amb xapa fixa posterior b\u00e0sica, de Titani Grau Implant ASTM F-136 de diferents gruixos i llargs.","og_url":"https:\/\/titsandtatstattoo.com\/es\/product\/barra-amb-xapa-fixa-darrera-flat-back-barbell-2\/","og_site_name":"Tits and Tats Tattoo Studio","article_modified_time":"2024-04-02T17:03:59+00:00","og_image":[{"width":1250,"height":1000,"url":"https:\/\/i0.wp.com\/titsandtatstattoo.com\/wp-content\/uploads\/2023\/09\/LAB_10.jpg?fit=1250%2C1000&ssl=1","type":"image\/jpeg"}],"twitter_card":"summary_large_image","twitter_misc":{"Tiempo de lectura":"1 minuto"},"schema":{"@context":"https:\/\/schema.org","@graph":[{"@type":"WebPage","@id":"https:\/\/titsandtatstattoo.com\/product\/barra-amb-xapa-fixa-darrera-flat-back-barbell-2\/","url":"https:\/\/titsandtatstattoo.com\/product\/barra-amb-xapa-fixa-darrera-flat-back-barbell-2\/","name":"Barra amb xapa fixa darrera (Flat Back Barbell) d'1,6 mm. - Tits and Tats Tattoo Studio","isPartOf":{"@id":"https:\/\/titsandtatstattoo.com\/#website"},"primaryImageOfPage":{"@id":"https:\/\/titsandtatstattoo.com\/product\/barra-amb-xapa-fixa-darrera-flat-back-barbell-2\/#primaryimage"},"image":{"@id":"https:\/\/titsandtatstattoo.com\/product\/barra-amb-xapa-fixa-darrera-flat-back-barbell-2\/#primaryimage"},"thumbnailUrl":"https:\/\/i0.wp.com\/titsandtatstattoo.com\/wp-content\/uploads\/2023\/09\/LAB_10.jpg?fit=1250%2C1000&ssl=1","datePublished":"2023-09-05T13:00:12+00:00","dateModified":"2024-04-02T17:03:59+00:00","description":"Joia de barra recta amb xapa fixa posterior b\u00e0sica, de Titani Grau Implant ASTM F-136 de diferents gruixos i llargs.","breadcrumb":{"@id":"https:\/\/titsandtatstattoo.com\/product\/barra-amb-xapa-fixa-darrera-flat-back-barbell-2\/#breadcrumb"},"inLanguage":"es","potentialAction":[{"@type":"ReadAction","target":["https:\/\/titsandtatstattoo.com\/product\/barra-amb-xapa-fixa-darrera-flat-back-barbell-2\/"]}]},{"@type":"ImageObject","inLanguage":"es","@id":"https:\/\/titsandtatstattoo.com\/product\/barra-amb-xapa-fixa-darrera-flat-back-barbell-2\/#primaryimage","url":"https:\/\/i0.wp.com\/titsandtatstattoo.com\/wp-content\/uploads\/2023\/09\/LAB_10.jpg?fit=1250%2C1000&ssl=1","contentUrl":"https:\/\/i0.wp.com\/titsandtatstattoo.com\/wp-content\/uploads\/2023\/09\/LAB_10.jpg?fit=1250%2C1000&ssl=1","width":1250,"height":1000,"caption":"Barra amb xapa fixa darrera (Flat Back Barbell)"},{"@type":"BreadcrumbList","@id":"https:\/\/titsandtatstattoo.com\/product\/barra-amb-xapa-fixa-darrera-flat-back-barbell-2\/#breadcrumb","itemListElement":[{"@type":"ListItem","position":1,"name":"Home","item":"https:\/\/titsandtatstattoo.com\/"},{"@type":"ListItem","position":2,"name":"Botiga","item":"https:\/\/titsandtatstattoo.com\/botiga\/"},{"@type":"ListItem","position":3,"name":"Barra amb xapa fixa darrera (Flat Back Barbell) d&#8217;1,6 mm."}]},{"@type":"WebSite","@id":"https:\/\/titsandtatstattoo.com\/#website","url":"https:\/\/titsandtatstattoo.com\/","name":"Tits and Tats Tattoo Studio","description":"Tattoo And Piercing Studio","potentialAction":[{"@type":"SearchAction","target":{"@type":"EntryPoint","urlTemplate":"https:\/\/titsandtatstattoo.com\/?s={search_term_string}"},"query-input":{"@type":"PropertyValueSpecification","valueRequired":true,"valueName":"search_term_string"}}],"inLanguage":"es"}]}},"jetpack_sharing_enabled":true,"_links":{"self":[{"href":"https:\/\/titsandtatstattoo.com\/es\/wp-json\/wp\/v2\/product\/4055"}],"collection":[{"href":"https:\/\/titsandtatstattoo.com\/es\/wp-json\/wp\/v2\/product"}],"about":[{"href":"https:\/\/titsandtatstattoo.com\/es\/wp-json\/wp\/v2\/types\/product"}],"wp:featuredmedia":[{"embeddable":true,"href":"https:\/\/titsandtatstattoo.com\/es\/wp-json\/wp\/v2\/media\/4296"}],"wp:attachment":[{"href":"https:\/\/titsandtatstattoo.com\/es\/wp-json\/wp\/v2\/media?parent=4055"}],"wp:term":[{"taxonomy":"product_brand","embeddable":true,"href":"https:\/\/titsandtatstattoo.com\/es\/wp-json\/wp\/v2\/product_brand?post=4055"},{"taxonomy":"product_cat","embeddable":true,"href":"https:\/\/titsandtatstattoo.com\/es\/wp-json\/wp\/v2\/product_cat?post=4055"},{"taxonomy":"product_tag","embeddable":true,"href":"https:\/\/titsandtatstattoo.com\/es\/wp-json\/wp\/v2\/product_tag?post=4055"}],"curies":[{"name":"wp","href":"https:\/\/api.w.org\/{rel}","templated":true}]}}