{"id":4249,"date":"2023-09-05T22:28:08","date_gmt":"2023-09-05T20:28:08","guid":{"rendered":"https:\/\/titsandtatstattoo.com\/?post_type=product&#038;p=4249"},"modified":"2024-11-18T19:17:54","modified_gmt":"2024-11-18T18:17:54","slug":"pre-venda-samarreta-neosebo","status":"publish","type":"product","link":"https:\/\/titsandtatstattoo.com\/es\/product\/pre-venda-samarreta-neosebo\/","title":{"rendered":"Samarreta Ne\u00f6seb\u00f6"},"content":{"rendered":"<p>Samarreta amb el disseny del Logotip del grup de Ne\u00f6seb\u00f6. Estampaci\u00f3 frontal al pit. Disponible en diferents talles i colors.<\/p>","protected":false},"excerpt":{"rendered":"<p>Samarreta amb el disseny del Logotip del grup de Ne\u00f6seb\u00f6. Estampaci\u00f3 frontal al pit. Disponible en diferents talles i colors.<\/p>","protected":false},"featured_media":4246,"template":"","meta":[],"product_brand":[],"product_cat":[311,286],"product_tag":[],"class_list":{"0":"post-4249","1":"product","2":"type-product","3":"status-publish","4":"has-post-thumbnail","6":"product_cat-neosebo","7":"product_cat-samarretes","9":"first","10":"instock","11":"taxable","12":"shipping-taxable","13":"purchasable","14":"product-type-variable"},"yoast_head":"<!-- This site is optimized with the Yoast SEO plugin v25.5 - https:\/\/yoast.com\/wordpress\/plugins\/seo\/ -->\n<title>Samarreta Ne\u00f6seb\u00f6 - Tits and Tats Tattoo Studio<\/title>\n<meta name=\"description\" content=\"PRE-VENDA de la Samarreta amb el disseny del Logotip del grup de Ne\u00f6seb\u00f6. Estampaci\u00f3 frontal al pit. Disponible en diferents talles. M\u00e9s informaci\u00f3 de les condicions de compra dels art\u00edcles en reserva a &quot;condicions de venda&quot;.\" \/>\n<meta name=\"robots\" content=\"index, follow, max-snippet:-1, max-image-preview:large, max-video-preview:-1\" \/>\n<link rel=\"canonical\" href=\"https:\/\/titsandtatstattoo.com\/es\/product\/pre-venda-samarreta-neosebo\/\" \/>\n<meta property=\"og:locale\" content=\"es_ES\" \/>\n<meta property=\"og:type\" content=\"article\" \/>\n<meta property=\"og:title\" content=\"Samarreta Ne\u00f6seb\u00f6 - Tits and Tats Tattoo Studio\" \/>\n<meta property=\"og:description\" content=\"PRE-VENDA de la Samarreta amb el disseny del Logotip del grup de Ne\u00f6seb\u00f6. Estampaci\u00f3 frontal al pit. Disponible en diferents talles. M\u00e9s informaci\u00f3 de les condicions de compra dels art\u00edcles en reserva a &quot;condicions de venda&quot;.\" \/>\n<meta property=\"og:url\" content=\"https:\/\/titsandtatstattoo.com\/es\/product\/pre-venda-samarreta-neosebo\/\" \/>\n<meta property=\"og:site_name\" content=\"Tits and Tats Tattoo Studio\" \/>\n<meta property=\"article:modified_time\" content=\"2024-11-18T18:17:54+00:00\" \/>\n<meta property=\"og:image\" content=\"https:\/\/i0.wp.com\/titsandtatstattoo.com\/wp-content\/uploads\/2023\/09\/PhotoRoom_20230905_221053.jpg?fit=1468%2C1836&ssl=1\" \/>\n\t<meta property=\"og:image:width\" content=\"1468\" \/>\n\t<meta property=\"og:image:height\" content=\"1836\" \/>\n\t<meta property=\"og:image:type\" content=\"image\/jpeg\" \/>\n<meta name=\"twitter:card\" content=\"summary_large_image\" \/>\n<meta name=\"twitter:label1\" content=\"Tiempo de lectura\" \/>\n\t<meta name=\"twitter:data1\" content=\"1 minuto\" \/>\n<script type=\"application\/ld+json\" class=\"yoast-schema-graph\">{\"@context\":\"https:\/\/schema.org\",\"@graph\":[{\"@type\":\"WebPage\",\"@id\":\"https:\/\/titsandtatstattoo.com\/product\/pre-venda-samarreta-neosebo\/\",\"url\":\"https:\/\/titsandtatstattoo.com\/product\/pre-venda-samarreta-neosebo\/\",\"name\":\"Samarreta Ne\u00f6seb\u00f6 - Tits and Tats Tattoo Studio\",\"isPartOf\":{\"@id\":\"https:\/\/titsandtatstattoo.com\/#website\"},\"primaryImageOfPage\":{\"@id\":\"https:\/\/titsandtatstattoo.com\/product\/pre-venda-samarreta-neosebo\/#primaryimage\"},\"image\":{\"@id\":\"https:\/\/titsandtatstattoo.com\/product\/pre-venda-samarreta-neosebo\/#primaryimage\"},\"thumbnailUrl\":\"https:\/\/i0.wp.com\/titsandtatstattoo.com\/wp-content\/uploads\/2023\/09\/PhotoRoom_20230905_221053.jpg?fit=1468%2C1836&ssl=1\",\"datePublished\":\"2023-09-05T20:28:08+00:00\",\"dateModified\":\"2024-11-18T18:17:54+00:00\",\"description\":\"PRE-VENDA de la Samarreta amb el disseny del Logotip del grup de Ne\u00f6seb\u00f6. Estampaci\u00f3 frontal al pit. Disponible en diferents talles. M\u00e9s informaci\u00f3 de les condicions de compra dels art\u00edcles en reserva a \\\"condicions de venda\\\".\",\"breadcrumb\":{\"@id\":\"https:\/\/titsandtatstattoo.com\/product\/pre-venda-samarreta-neosebo\/#breadcrumb\"},\"inLanguage\":\"es\",\"potentialAction\":[{\"@type\":\"ReadAction\",\"target\":[\"https:\/\/titsandtatstattoo.com\/product\/pre-venda-samarreta-neosebo\/\"]}]},{\"@type\":\"ImageObject\",\"inLanguage\":\"es\",\"@id\":\"https:\/\/titsandtatstattoo.com\/product\/pre-venda-samarreta-neosebo\/#primaryimage\",\"url\":\"https:\/\/i0.wp.com\/titsandtatstattoo.com\/wp-content\/uploads\/2023\/09\/PhotoRoom_20230905_221053.jpg?fit=1468%2C1836&ssl=1\",\"contentUrl\":\"https:\/\/i0.wp.com\/titsandtatstattoo.com\/wp-content\/uploads\/2023\/09\/PhotoRoom_20230905_221053.jpg?fit=1468%2C1836&ssl=1\",\"width\":1468,\"height\":1836,\"caption\":\"Camiseta Ne\u00f6seb\u00f6\"},{\"@type\":\"BreadcrumbList\",\"@id\":\"https:\/\/titsandtatstattoo.com\/product\/pre-venda-samarreta-neosebo\/#breadcrumb\",\"itemListElement\":[{\"@type\":\"ListItem\",\"position\":1,\"name\":\"Home\",\"item\":\"https:\/\/titsandtatstattoo.com\/\"},{\"@type\":\"ListItem\",\"position\":2,\"name\":\"Botiga\",\"item\":\"https:\/\/titsandtatstattoo.com\/botiga\/\"},{\"@type\":\"ListItem\",\"position\":3,\"name\":\"Samarreta Ne\u00f6seb\u00f6\"}]},{\"@type\":\"WebSite\",\"@id\":\"https:\/\/titsandtatstattoo.com\/#website\",\"url\":\"https:\/\/titsandtatstattoo.com\/\",\"name\":\"Tits and Tats Tattoo Studio\",\"description\":\"Tattoo And Piercing Studio\",\"potentialAction\":[{\"@type\":\"SearchAction\",\"target\":{\"@type\":\"EntryPoint\",\"urlTemplate\":\"https:\/\/titsandtatstattoo.com\/?s={search_term_string}\"},\"query-input\":{\"@type\":\"PropertyValueSpecification\",\"valueRequired\":true,\"valueName\":\"search_term_string\"}}],\"inLanguage\":\"es\"}]}<\/script>\n<!-- \/ Yoast SEO plugin. -->","yoast_head_json":{"title":"Samarreta Ne\u00f6seb\u00f6 - Tits and Tats Tattoo Studio","description":"PRE-VENDA de la Samarreta amb el disseny del Logotip del grup de Ne\u00f6seb\u00f6. Estampaci\u00f3 frontal al pit. Disponible en diferents talles. M\u00e9s informaci\u00f3 de les condicions de compra dels art\u00edcles en reserva a \"condicions de venda\".","robots":{"index":"index","follow":"follow","max-snippet":"max-snippet:-1","max-image-preview":"max-image-preview:large","max-video-preview":"max-video-preview:-1"},"canonical":"https:\/\/titsandtatstattoo.com\/es\/product\/pre-venda-samarreta-neosebo\/","og_locale":"es_ES","og_type":"article","og_title":"Samarreta Ne\u00f6seb\u00f6 - Tits and Tats Tattoo Studio","og_description":"PRE-VENDA de la Samarreta amb el disseny del Logotip del grup de Ne\u00f6seb\u00f6. Estampaci\u00f3 frontal al pit. Disponible en diferents talles. M\u00e9s informaci\u00f3 de les condicions de compra dels art\u00edcles en reserva a \"condicions de venda\".","og_url":"https:\/\/titsandtatstattoo.com\/es\/product\/pre-venda-samarreta-neosebo\/","og_site_name":"Tits and Tats Tattoo Studio","article_modified_time":"2024-11-18T18:17:54+00:00","og_image":[{"width":1468,"height":1836,"url":"https:\/\/i0.wp.com\/titsandtatstattoo.com\/wp-content\/uploads\/2023\/09\/PhotoRoom_20230905_221053.jpg?fit=1468%2C1836&ssl=1","type":"image\/jpeg"}],"twitter_card":"summary_large_image","twitter_misc":{"Tiempo de lectura":"1 minuto"},"schema":{"@context":"https:\/\/schema.org","@graph":[{"@type":"WebPage","@id":"https:\/\/titsandtatstattoo.com\/product\/pre-venda-samarreta-neosebo\/","url":"https:\/\/titsandtatstattoo.com\/product\/pre-venda-samarreta-neosebo\/","name":"Samarreta Ne\u00f6seb\u00f6 - Tits and Tats Tattoo Studio","isPartOf":{"@id":"https:\/\/titsandtatstattoo.com\/#website"},"primaryImageOfPage":{"@id":"https:\/\/titsandtatstattoo.com\/product\/pre-venda-samarreta-neosebo\/#primaryimage"},"image":{"@id":"https:\/\/titsandtatstattoo.com\/product\/pre-venda-samarreta-neosebo\/#primaryimage"},"thumbnailUrl":"https:\/\/i0.wp.com\/titsandtatstattoo.com\/wp-content\/uploads\/2023\/09\/PhotoRoom_20230905_221053.jpg?fit=1468%2C1836&ssl=1","datePublished":"2023-09-05T20:28:08+00:00","dateModified":"2024-11-18T18:17:54+00:00","description":"PRE-VENDA de la Samarreta amb el disseny del Logotip del grup de Ne\u00f6seb\u00f6. Estampaci\u00f3 frontal al pit. Disponible en diferents talles. M\u00e9s informaci\u00f3 de les condicions de compra dels art\u00edcles en reserva a \"condicions de venda\".","breadcrumb":{"@id":"https:\/\/titsandtatstattoo.com\/product\/pre-venda-samarreta-neosebo\/#breadcrumb"},"inLanguage":"es","potentialAction":[{"@type":"ReadAction","target":["https:\/\/titsandtatstattoo.com\/product\/pre-venda-samarreta-neosebo\/"]}]},{"@type":"ImageObject","inLanguage":"es","@id":"https:\/\/titsandtatstattoo.com\/product\/pre-venda-samarreta-neosebo\/#primaryimage","url":"https:\/\/i0.wp.com\/titsandtatstattoo.com\/wp-content\/uploads\/2023\/09\/PhotoRoom_20230905_221053.jpg?fit=1468%2C1836&ssl=1","contentUrl":"https:\/\/i0.wp.com\/titsandtatstattoo.com\/wp-content\/uploads\/2023\/09\/PhotoRoom_20230905_221053.jpg?fit=1468%2C1836&ssl=1","width":1468,"height":1836,"caption":"Camiseta Ne\u00f6seb\u00f6"},{"@type":"BreadcrumbList","@id":"https:\/\/titsandtatstattoo.com\/product\/pre-venda-samarreta-neosebo\/#breadcrumb","itemListElement":[{"@type":"ListItem","position":1,"name":"Home","item":"https:\/\/titsandtatstattoo.com\/"},{"@type":"ListItem","position":2,"name":"Botiga","item":"https:\/\/titsandtatstattoo.com\/botiga\/"},{"@type":"ListItem","position":3,"name":"Samarreta Ne\u00f6seb\u00f6"}]},{"@type":"WebSite","@id":"https:\/\/titsandtatstattoo.com\/#website","url":"https:\/\/titsandtatstattoo.com\/","name":"Tits and Tats Tattoo Studio","description":"Tattoo And Piercing Studio","potentialAction":[{"@type":"SearchAction","target":{"@type":"EntryPoint","urlTemplate":"https:\/\/titsandtatstattoo.com\/?s={search_term_string}"},"query-input":{"@type":"PropertyValueSpecification","valueRequired":true,"valueName":"search_term_string"}}],"inLanguage":"es"}]}},"jetpack_sharing_enabled":true,"_links":{"self":[{"href":"https:\/\/titsandtatstattoo.com\/es\/wp-json\/wp\/v2\/product\/4249"}],"collection":[{"href":"https:\/\/titsandtatstattoo.com\/es\/wp-json\/wp\/v2\/product"}],"about":[{"href":"https:\/\/titsandtatstattoo.com\/es\/wp-json\/wp\/v2\/types\/product"}],"wp:featuredmedia":[{"embeddable":true,"href":"https:\/\/titsandtatstattoo.com\/es\/wp-json\/wp\/v2\/media\/4246"}],"wp:attachment":[{"href":"https:\/\/titsandtatstattoo.com\/es\/wp-json\/wp\/v2\/media?parent=4249"}],"wp:term":[{"taxonomy":"product_brand","embeddable":true,"href":"https:\/\/titsandtatstattoo.com\/es\/wp-json\/wp\/v2\/product_brand?post=4249"},{"taxonomy":"product_cat","embeddable":true,"href":"https:\/\/titsandtatstattoo.com\/es\/wp-json\/wp\/v2\/product_cat?post=4249"},{"taxonomy":"product_tag","embeddable":true,"href":"https:\/\/titsandtatstattoo.com\/es\/wp-json\/wp\/v2\/product_tag?post=4249"}],"curies":[{"name":"wp","href":"https:\/\/api.w.org\/{rel}","templated":true}]}}