{"id":4615,"date":"2023-09-27T21:59:57","date_gmt":"2023-09-27T19:59:57","guid":{"rendered":"https:\/\/titsandtatstattoo.com\/?post_type=product&#038;p=4615"},"modified":"2024-11-18T15:21:58","modified_gmt":"2024-11-18T14:21:58","slug":"cd-crema-rostoll","status":"publish","type":"product","link":"https:\/\/titsandtatstattoo.com\/es\/product\/cd-crema-rostoll\/","title":{"rendered":"Disc de Rostoll CREMA"},"content":{"rendered":"<p><span>ROSTOLL presenta CREMA, un disc<\/span><span><span class=\"Apple-converted-space\">&nbsp;<\/span><\/span><span>compost<\/span><span><span class=\"Apple-converted-space\">&nbsp;<\/span><\/span><span>per 13 temes en catal\u00e0.<\/span><\/p>\n<p><span>Ritmes<\/span><span><span class=\"Apple-converted-space\">&nbsp;<\/span><\/span><span>r\u00e0pids<\/span><span>,<\/span><span><span class=\"Apple-converted-space\">&nbsp;<\/span><\/span><span class=\"hiddenSpellError\">riffs<\/span><span><span class=\"Apple-converted-space\">&nbsp;<\/span><\/span><span>elaborats<\/span><span><span class=\"Apple-converted-space\">&nbsp;<\/span><\/span><span>i lletres reivindicatives caracteritzen aquest disc que no<\/span><span><span class=\"Apple-converted-space\">&nbsp;<\/span><\/span><span>deixar\u00e0<\/span><span><span class=\"Apple-converted-space\">&nbsp;<\/span><\/span><span>a ning\u00fa indiferent.<\/span><\/p>\n<p><span>Gravat<\/span><span><span class=\"Apple-converted-space\">&nbsp;<\/span><\/span><span>a<\/span><span><span class=\"Apple-converted-space\">&nbsp;<\/span><\/span><span class=\"hiddenSpellError\">iLogicStudio<\/span><span><span class=\"Apple-converted-space\">&nbsp;<\/span><\/span><span>i mesclat i masteritzat a<\/span><span><span class=\"Apple-converted-space\">&nbsp;<\/span><\/span><span class=\"hiddenSpellError\">LloveraProAudio<\/span>.<\/p>\n<p>En mig de les terres de Ponent, neix Rostoll,<\/p>\n<p>Una banda de Punk clarament influenciat pel punk rock americ\u00e0 dels 80 i 90 amb generoses espurnes del millor punk nacional. Grups com Dead Kennedys, Bad Religion, Misfits, NOFX o Ramones d\u2019entre altres, han influenciat a la banda, intentant jugar amb els extrems i vomitant-ho en els assajos i directes.<\/p>\n<p>Ximi, Titus, Vic i Lolo formen aquest quartet que, amb anys dins del circuit punk amb les seves antigues formacions, els ha portat a editar un debut madur on es veuen els fruits d\u2019anys a dalt dels escenaris<\/p>","protected":false},"excerpt":{"rendered":"<p>ROSTOLL presenta CREMA, un disc&nbsp;compost&nbsp;per 13 temes en catal\u00e0. Ritmes&nbsp;r\u00e0pids,&nbsp;riffs&nbsp;elaborats&nbsp;i lletres reivindicatives caracteritzen aquest disc que no&nbsp;deixar\u00e0&nbsp;a ning\u00fa indiferent. Gravat&nbsp;a&nbsp;iLogicStudio&nbsp;i mesclat i masteritzat a&nbsp;LloveraProAudio. En mig de les terres de [&hellip;]<\/p>\n","protected":false},"featured_media":4622,"template":"","meta":[],"product_brand":[],"product_cat":[285],"product_tag":[251,252,250,249],"class_list":{"0":"post-4615","1":"product","2":"type-product","3":"status-publish","4":"has-post-thumbnail","6":"product_cat-discs","7":"product_tag-disc","8":"product_tag-musica","9":"product_tag-punk","10":"product_tag-rostoll","12":"first","13":"instock","14":"taxable","15":"shipping-taxable","16":"purchasable","17":"product-type-simple"},"yoast_head":"<!-- This site is optimized with the Yoast SEO plugin v25.5 - https:\/\/yoast.com\/wordpress\/plugins\/seo\/ -->\n<title>Disc de Rostoll CREMA - Tits and Tats Tattoo Studio<\/title>\n<meta name=\"robots\" content=\"index, follow, max-snippet:-1, max-image-preview:large, max-video-preview:-1\" \/>\n<link rel=\"canonical\" href=\"https:\/\/titsandtatstattoo.com\/es\/product\/cd-crema-rostoll\/\" \/>\n<meta property=\"og:locale\" content=\"es_ES\" \/>\n<meta property=\"og:type\" content=\"article\" \/>\n<meta property=\"og:title\" content=\"Disc de Rostoll CREMA - Tits and Tats Tattoo Studio\" \/>\n<meta property=\"og:description\" content=\"ROSTOLL presenta CREMA, un disc&nbsp;compost&nbsp;per 13 temes en catal\u00e0. Ritmes&nbsp;r\u00e0pids,&nbsp;riffs&nbsp;elaborats&nbsp;i lletres reivindicatives caracteritzen aquest disc que no&nbsp;deixar\u00e0&nbsp;a ning\u00fa indiferent. Gravat&nbsp;a&nbsp;iLogicStudio&nbsp;i mesclat i masteritzat a&nbsp;LloveraProAudio. En mig de les terres de [&hellip;]\" \/>\n<meta property=\"og:url\" content=\"https:\/\/titsandtatstattoo.com\/es\/product\/cd-crema-rostoll\/\" \/>\n<meta property=\"og:site_name\" content=\"Tits and Tats Tattoo Studio\" \/>\n<meta property=\"article:modified_time\" content=\"2024-11-18T14:21:58+00:00\" \/>\n<meta property=\"og:image\" content=\"https:\/\/i0.wp.com\/titsandtatstattoo.com\/wp-content\/uploads\/2023\/09\/img_1628-scaled.jpeg?fit=2048%2C1536&ssl=1\" \/>\n\t<meta property=\"og:image:width\" content=\"2048\" \/>\n\t<meta property=\"og:image:height\" content=\"1536\" \/>\n\t<meta property=\"og:image:type\" content=\"image\/jpeg\" \/>\n<meta name=\"twitter:card\" content=\"summary_large_image\" \/>\n<meta name=\"twitter:label1\" content=\"Tiempo de lectura\" \/>\n\t<meta name=\"twitter:data1\" content=\"1 minuto\" \/>\n<script type=\"application\/ld+json\" class=\"yoast-schema-graph\">{\"@context\":\"https:\/\/schema.org\",\"@graph\":[{\"@type\":\"WebPage\",\"@id\":\"https:\/\/titsandtatstattoo.com\/product\/cd-crema-rostoll\/\",\"url\":\"https:\/\/titsandtatstattoo.com\/product\/cd-crema-rostoll\/\",\"name\":\"Disc de Rostoll CREMA - Tits and Tats Tattoo Studio\",\"isPartOf\":{\"@id\":\"https:\/\/titsandtatstattoo.com\/#website\"},\"primaryImageOfPage\":{\"@id\":\"https:\/\/titsandtatstattoo.com\/product\/cd-crema-rostoll\/#primaryimage\"},\"image\":{\"@id\":\"https:\/\/titsandtatstattoo.com\/product\/cd-crema-rostoll\/#primaryimage\"},\"thumbnailUrl\":\"https:\/\/i0.wp.com\/titsandtatstattoo.com\/wp-content\/uploads\/2023\/09\/img_1628-scaled.jpeg?fit=2048%2C1536&ssl=1\",\"datePublished\":\"2023-09-27T19:59:57+00:00\",\"dateModified\":\"2024-11-18T14:21:58+00:00\",\"breadcrumb\":{\"@id\":\"https:\/\/titsandtatstattoo.com\/product\/cd-crema-rostoll\/#breadcrumb\"},\"inLanguage\":\"es\",\"potentialAction\":[{\"@type\":\"ReadAction\",\"target\":[\"https:\/\/titsandtatstattoo.com\/product\/cd-crema-rostoll\/\"]}]},{\"@type\":\"ImageObject\",\"inLanguage\":\"es\",\"@id\":\"https:\/\/titsandtatstattoo.com\/product\/cd-crema-rostoll\/#primaryimage\",\"url\":\"https:\/\/i0.wp.com\/titsandtatstattoo.com\/wp-content\/uploads\/2023\/09\/img_1628-scaled.jpeg?fit=2048%2C1536&ssl=1\",\"contentUrl\":\"https:\/\/i0.wp.com\/titsandtatstattoo.com\/wp-content\/uploads\/2023\/09\/img_1628-scaled.jpeg?fit=2048%2C1536&ssl=1\",\"width\":2048,\"height\":1536},{\"@type\":\"BreadcrumbList\",\"@id\":\"https:\/\/titsandtatstattoo.com\/product\/cd-crema-rostoll\/#breadcrumb\",\"itemListElement\":[{\"@type\":\"ListItem\",\"position\":1,\"name\":\"Home\",\"item\":\"https:\/\/titsandtatstattoo.com\/\"},{\"@type\":\"ListItem\",\"position\":2,\"name\":\"Botiga\",\"item\":\"https:\/\/titsandtatstattoo.com\/botiga\/\"},{\"@type\":\"ListItem\",\"position\":3,\"name\":\"Disc de Rostoll CREMA\"}]},{\"@type\":\"WebSite\",\"@id\":\"https:\/\/titsandtatstattoo.com\/#website\",\"url\":\"https:\/\/titsandtatstattoo.com\/\",\"name\":\"Tits and Tats Tattoo Studio\",\"description\":\"Tattoo And Piercing Studio\",\"potentialAction\":[{\"@type\":\"SearchAction\",\"target\":{\"@type\":\"EntryPoint\",\"urlTemplate\":\"https:\/\/titsandtatstattoo.com\/?s={search_term_string}\"},\"query-input\":{\"@type\":\"PropertyValueSpecification\",\"valueRequired\":true,\"valueName\":\"search_term_string\"}}],\"inLanguage\":\"es\"}]}<\/script>\n<!-- \/ Yoast SEO plugin. -->","yoast_head_json":{"title":"Disc de Rostoll CREMA - Tits and Tats Tattoo Studio","robots":{"index":"index","follow":"follow","max-snippet":"max-snippet:-1","max-image-preview":"max-image-preview:large","max-video-preview":"max-video-preview:-1"},"canonical":"https:\/\/titsandtatstattoo.com\/es\/product\/cd-crema-rostoll\/","og_locale":"es_ES","og_type":"article","og_title":"Disc de Rostoll CREMA - Tits and Tats Tattoo Studio","og_description":"ROSTOLL presenta CREMA, un disc&nbsp;compost&nbsp;per 13 temes en catal\u00e0. Ritmes&nbsp;r\u00e0pids,&nbsp;riffs&nbsp;elaborats&nbsp;i lletres reivindicatives caracteritzen aquest disc que no&nbsp;deixar\u00e0&nbsp;a ning\u00fa indiferent. Gravat&nbsp;a&nbsp;iLogicStudio&nbsp;i mesclat i masteritzat a&nbsp;LloveraProAudio. En mig de les terres de [&hellip;]","og_url":"https:\/\/titsandtatstattoo.com\/es\/product\/cd-crema-rostoll\/","og_site_name":"Tits and Tats Tattoo Studio","article_modified_time":"2024-11-18T14:21:58+00:00","og_image":[{"width":2048,"height":1536,"url":"https:\/\/i0.wp.com\/titsandtatstattoo.com\/wp-content\/uploads\/2023\/09\/img_1628-scaled.jpeg?fit=2048%2C1536&ssl=1","type":"image\/jpeg"}],"twitter_card":"summary_large_image","twitter_misc":{"Tiempo de lectura":"1 minuto"},"schema":{"@context":"https:\/\/schema.org","@graph":[{"@type":"WebPage","@id":"https:\/\/titsandtatstattoo.com\/product\/cd-crema-rostoll\/","url":"https:\/\/titsandtatstattoo.com\/product\/cd-crema-rostoll\/","name":"Disc de Rostoll CREMA - Tits and Tats Tattoo Studio","isPartOf":{"@id":"https:\/\/titsandtatstattoo.com\/#website"},"primaryImageOfPage":{"@id":"https:\/\/titsandtatstattoo.com\/product\/cd-crema-rostoll\/#primaryimage"},"image":{"@id":"https:\/\/titsandtatstattoo.com\/product\/cd-crema-rostoll\/#primaryimage"},"thumbnailUrl":"https:\/\/i0.wp.com\/titsandtatstattoo.com\/wp-content\/uploads\/2023\/09\/img_1628-scaled.jpeg?fit=2048%2C1536&ssl=1","datePublished":"2023-09-27T19:59:57+00:00","dateModified":"2024-11-18T14:21:58+00:00","breadcrumb":{"@id":"https:\/\/titsandtatstattoo.com\/product\/cd-crema-rostoll\/#breadcrumb"},"inLanguage":"es","potentialAction":[{"@type":"ReadAction","target":["https:\/\/titsandtatstattoo.com\/product\/cd-crema-rostoll\/"]}]},{"@type":"ImageObject","inLanguage":"es","@id":"https:\/\/titsandtatstattoo.com\/product\/cd-crema-rostoll\/#primaryimage","url":"https:\/\/i0.wp.com\/titsandtatstattoo.com\/wp-content\/uploads\/2023\/09\/img_1628-scaled.jpeg?fit=2048%2C1536&ssl=1","contentUrl":"https:\/\/i0.wp.com\/titsandtatstattoo.com\/wp-content\/uploads\/2023\/09\/img_1628-scaled.jpeg?fit=2048%2C1536&ssl=1","width":2048,"height":1536},{"@type":"BreadcrumbList","@id":"https:\/\/titsandtatstattoo.com\/product\/cd-crema-rostoll\/#breadcrumb","itemListElement":[{"@type":"ListItem","position":1,"name":"Home","item":"https:\/\/titsandtatstattoo.com\/"},{"@type":"ListItem","position":2,"name":"Botiga","item":"https:\/\/titsandtatstattoo.com\/botiga\/"},{"@type":"ListItem","position":3,"name":"Disc de Rostoll CREMA"}]},{"@type":"WebSite","@id":"https:\/\/titsandtatstattoo.com\/#website","url":"https:\/\/titsandtatstattoo.com\/","name":"Tits and Tats Tattoo Studio","description":"Tattoo And Piercing Studio","potentialAction":[{"@type":"SearchAction","target":{"@type":"EntryPoint","urlTemplate":"https:\/\/titsandtatstattoo.com\/?s={search_term_string}"},"query-input":{"@type":"PropertyValueSpecification","valueRequired":true,"valueName":"search_term_string"}}],"inLanguage":"es"}]}},"jetpack_sharing_enabled":true,"_links":{"self":[{"href":"https:\/\/titsandtatstattoo.com\/es\/wp-json\/wp\/v2\/product\/4615"}],"collection":[{"href":"https:\/\/titsandtatstattoo.com\/es\/wp-json\/wp\/v2\/product"}],"about":[{"href":"https:\/\/titsandtatstattoo.com\/es\/wp-json\/wp\/v2\/types\/product"}],"wp:featuredmedia":[{"embeddable":true,"href":"https:\/\/titsandtatstattoo.com\/es\/wp-json\/wp\/v2\/media\/4622"}],"wp:attachment":[{"href":"https:\/\/titsandtatstattoo.com\/es\/wp-json\/wp\/v2\/media?parent=4615"}],"wp:term":[{"taxonomy":"product_brand","embeddable":true,"href":"https:\/\/titsandtatstattoo.com\/es\/wp-json\/wp\/v2\/product_brand?post=4615"},{"taxonomy":"product_cat","embeddable":true,"href":"https:\/\/titsandtatstattoo.com\/es\/wp-json\/wp\/v2\/product_cat?post=4615"},{"taxonomy":"product_tag","embeddable":true,"href":"https:\/\/titsandtatstattoo.com\/es\/wp-json\/wp\/v2\/product_tag?post=4615"}],"curies":[{"name":"wp","href":"https:\/\/api.w.org\/{rel}","templated":true}]}}