{"id":4936,"date":"2023-12-21T19:23:48","date_gmt":"2023-12-21T18:23:48","guid":{"rendered":"https:\/\/titsandtatstattoo.com\/?post_type=product&#038;p=4936"},"modified":"2024-12-21T13:55:51","modified_gmt":"2024-12-21T12:55:51","slug":"senyal","status":"publish","type":"product","link":"https:\/\/titsandtatstattoo.com\/es\/product\/senyal\/","title":{"rendered":"Paga i senyal Tits and Tats"},"content":{"rendered":"<p>Paga i senyal necess\u00e0ria per a reservar cita per a l&#8217;aplicaci\u00f3 de tatuatges o sessi\u00f3 d&#8217;eliminaci\u00f3 de <span class=\"hiddenSpellError\">tattoos<\/span>\u00a0a l&#8217;estudi Tits\u00a0<span class=\"hiddenSpellError\">y<\/span> Tats de Lleida i Mollerussa.<\/p>\n<ul>\n<li>Senyal de 50\u202f\u20ac.<\/li>\n<\/ul>\n<p>&nbsp;<\/p>\n<p>Aquest dip\u00f2sit es descomptar\u00e0 del preu final del servei el dia de la cita (o \u00faltima cita). <span class=\"hiddenGrammarError\">La senyal<\/span>\u00a0no es retorna.<\/p>\n<p>Les cancel\u00b7lacions hauran de fer-se 48 h. abans del dia de la cita i sol\u00b7licitant canvi d&#8217;hora i dia a trav\u00e9s del tel\u00e8fon del centre, si no s&#8217;avisa amb antelaci\u00f3 el dip\u00f2sit, es perdria.<\/p>\n<p>Si la cita s&#8217;ha d&#8217;ajornar durant un per\u00edode llarg,\u00a0<span class=\"hiddenGrammarError\">la senyal<\/span>\u00a0es mantindria fins a\u00a0<span class=\"hiddenGreenError\">6<\/span>\u00a0mesos, prorrogable a sis mesos m\u00e9s, si es notifica.<\/p>\n<p>Una reserva de cita mitjan\u00e7ant una paga i senyal \u00e9s un contracte vinculant, i el pagament d&#8217;aquesta, confirma l&#8217;acceptaci\u00f3 de les condicions abans especificades. Qualsevol consulta ser\u00e0 resolta als tel\u00e8fons de contacte habituals.<\/p>","protected":false},"excerpt":{"rendered":"<p>Paga i senyal necess\u00e0ria per a reservar cita per a l&#8217;aplicaci\u00f3 de tatuatges o sessi\u00f3 d&#8217;eliminaci\u00f3 de <span class=\"hiddenSpellError\">tattoos<\/span>\u00a0a l&#8217;estudi Tits\u00a0<span class=\"hiddenSpellError\">y<\/span> Tats de Lleida i Mollerussa.<\/p>","protected":false},"featured_media":1496,"template":"","meta":[],"product_brand":[],"product_cat":[124],"product_tag":[],"class_list":{"0":"post-4936","1":"product","2":"type-product","3":"status-publish","4":"has-post-thumbnail","6":"product_cat-reserves","8":"first","9":"instock","10":"taxable","11":"shipping-taxable","12":"purchasable","13":"product-type-variable"},"yoast_head":"<!-- This site is optimized with the Yoast SEO plugin v25.5 - https:\/\/yoast.com\/wordpress\/plugins\/seo\/ -->\n<title>Paga i senyal Tits and Tats - Tits and Tats Tattoo Studio<\/title>\n<meta name=\"description\" content=\"Paga i senyal necess\u00e0ria per a reservar cita per a l&#039;aplicaci\u00f3 de tatuatges o sessi\u00f3 d&#039;eliminaci\u00f3 de tattoos\u00a0a l&#039;estudi Tits\u00a0and Tats de Lleida i Mollerussa\" \/>\n<meta name=\"robots\" content=\"index, follow, max-snippet:-1, max-image-preview:large, max-video-preview:-1\" \/>\n<link rel=\"canonical\" href=\"https:\/\/titsandtatstattoo.com\/es\/product\/senyal\/\" \/>\n<meta property=\"og:locale\" content=\"es_ES\" \/>\n<meta property=\"og:type\" content=\"article\" \/>\n<meta property=\"og:title\" content=\"Paga i senyal Tits and Tats - Tits and Tats Tattoo Studio\" \/>\n<meta property=\"og:description\" content=\"Paga i senyal necess\u00e0ria per a reservar cita per a l&#039;aplicaci\u00f3 de tatuatges o sessi\u00f3 d&#039;eliminaci\u00f3 de tattoos\u00a0a l&#039;estudi Tits\u00a0and Tats de Lleida i Mollerussa\" \/>\n<meta property=\"og:url\" content=\"https:\/\/titsandtatstattoo.com\/es\/product\/senyal\/\" \/>\n<meta property=\"og:site_name\" content=\"Tits and Tats Tattoo Studio\" \/>\n<meta property=\"article:modified_time\" content=\"2024-12-21T12:55:51+00:00\" \/>\n<meta property=\"og:image\" content=\"https:\/\/titsandtatstattoo.com\/wp-content\/uploads\/2021\/03\/Tattoo-Fondo-Tits-BW-scaled-scaled.jpg\" \/>\n\t<meta property=\"og:image:width\" content=\"2048\" \/>\n\t<meta property=\"og:image:height\" content=\"1152\" \/>\n\t<meta property=\"og:image:type\" content=\"image\/jpeg\" \/>\n<meta name=\"twitter:card\" content=\"summary_large_image\" \/>\n<meta name=\"twitter:label1\" content=\"Tiempo de lectura\" \/>\n\t<meta name=\"twitter:data1\" content=\"1 minuto\" \/>\n<script type=\"application\/ld+json\" class=\"yoast-schema-graph\">{\"@context\":\"https:\/\/schema.org\",\"@graph\":[{\"@type\":\"WebPage\",\"@id\":\"https:\/\/titsandtatstattoo.com\/product\/senyal\/\",\"url\":\"https:\/\/titsandtatstattoo.com\/product\/senyal\/\",\"name\":\"Paga i senyal Tits and Tats - Tits and Tats Tattoo Studio\",\"isPartOf\":{\"@id\":\"https:\/\/titsandtatstattoo.com\/#website\"},\"primaryImageOfPage\":{\"@id\":\"https:\/\/titsandtatstattoo.com\/product\/senyal\/#primaryimage\"},\"image\":{\"@id\":\"https:\/\/titsandtatstattoo.com\/product\/senyal\/#primaryimage\"},\"thumbnailUrl\":\"https:\/\/i0.wp.com\/titsandtatstattoo.com\/wp-content\/uploads\/2021\/03\/Tattoo-Fondo-Tits-BW-scaled-scaled.jpg?fit=2048%2C1152&ssl=1\",\"datePublished\":\"2023-12-21T18:23:48+00:00\",\"dateModified\":\"2024-12-21T12:55:51+00:00\",\"description\":\"Paga i senyal necess\u00e0ria per a reservar cita per a l'aplicaci\u00f3 de tatuatges o sessi\u00f3 d'eliminaci\u00f3 de tattoos\u00a0a l'estudi Tits\u00a0and Tats de Lleida i Mollerussa\",\"breadcrumb\":{\"@id\":\"https:\/\/titsandtatstattoo.com\/product\/senyal\/#breadcrumb\"},\"inLanguage\":\"es\",\"potentialAction\":[{\"@type\":\"ReadAction\",\"target\":[\"https:\/\/titsandtatstattoo.com\/product\/senyal\/\"]}]},{\"@type\":\"ImageObject\",\"inLanguage\":\"es\",\"@id\":\"https:\/\/titsandtatstattoo.com\/product\/senyal\/#primaryimage\",\"url\":\"https:\/\/i0.wp.com\/titsandtatstattoo.com\/wp-content\/uploads\/2021\/03\/Tattoo-Fondo-Tits-BW-scaled-scaled.jpg?fit=2048%2C1152&ssl=1\",\"contentUrl\":\"https:\/\/i0.wp.com\/titsandtatstattoo.com\/wp-content\/uploads\/2021\/03\/Tattoo-Fondo-Tits-BW-scaled-scaled.jpg?fit=2048%2C1152&ssl=1\",\"width\":2048,\"height\":1152,\"caption\":\"tattoo\"},{\"@type\":\"BreadcrumbList\",\"@id\":\"https:\/\/titsandtatstattoo.com\/product\/senyal\/#breadcrumb\",\"itemListElement\":[{\"@type\":\"ListItem\",\"position\":1,\"name\":\"Home\",\"item\":\"https:\/\/titsandtatstattoo.com\/\"},{\"@type\":\"ListItem\",\"position\":2,\"name\":\"Botiga\",\"item\":\"https:\/\/titsandtatstattoo.com\/botiga\/\"},{\"@type\":\"ListItem\",\"position\":3,\"name\":\"Paga i senyal Tits and Tats\"}]},{\"@type\":\"WebSite\",\"@id\":\"https:\/\/titsandtatstattoo.com\/#website\",\"url\":\"https:\/\/titsandtatstattoo.com\/\",\"name\":\"Tits and Tats Tattoo Studio\",\"description\":\"Tattoo And Piercing Studio\",\"potentialAction\":[{\"@type\":\"SearchAction\",\"target\":{\"@type\":\"EntryPoint\",\"urlTemplate\":\"https:\/\/titsandtatstattoo.com\/?s={search_term_string}\"},\"query-input\":{\"@type\":\"PropertyValueSpecification\",\"valueRequired\":true,\"valueName\":\"search_term_string\"}}],\"inLanguage\":\"es\"}]}<\/script>\n<!-- \/ Yoast SEO plugin. -->","yoast_head_json":{"title":"Paga i senyal Tits and Tats - Tits and Tats Tattoo Studio","description":"Paga i senyal necess\u00e0ria per a reservar cita per a l'aplicaci\u00f3 de tatuatges o sessi\u00f3 d'eliminaci\u00f3 de tattoos\u00a0a l'estudi Tits\u00a0and Tats de Lleida i Mollerussa","robots":{"index":"index","follow":"follow","max-snippet":"max-snippet:-1","max-image-preview":"max-image-preview:large","max-video-preview":"max-video-preview:-1"},"canonical":"https:\/\/titsandtatstattoo.com\/es\/product\/senyal\/","og_locale":"es_ES","og_type":"article","og_title":"Paga i senyal Tits and Tats - Tits and Tats Tattoo Studio","og_description":"Paga i senyal necess\u00e0ria per a reservar cita per a l'aplicaci\u00f3 de tatuatges o sessi\u00f3 d'eliminaci\u00f3 de tattoos\u00a0a l'estudi Tits\u00a0and Tats de Lleida i Mollerussa","og_url":"https:\/\/titsandtatstattoo.com\/es\/product\/senyal\/","og_site_name":"Tits and Tats Tattoo Studio","article_modified_time":"2024-12-21T12:55:51+00:00","og_image":[{"width":2048,"height":1152,"url":"https:\/\/titsandtatstattoo.com\/wp-content\/uploads\/2021\/03\/Tattoo-Fondo-Tits-BW-scaled-scaled.jpg","type":"image\/jpeg"}],"twitter_card":"summary_large_image","twitter_misc":{"Tiempo de lectura":"1 minuto"},"schema":{"@context":"https:\/\/schema.org","@graph":[{"@type":"WebPage","@id":"https:\/\/titsandtatstattoo.com\/product\/senyal\/","url":"https:\/\/titsandtatstattoo.com\/product\/senyal\/","name":"Paga i senyal Tits and Tats - Tits and Tats Tattoo Studio","isPartOf":{"@id":"https:\/\/titsandtatstattoo.com\/#website"},"primaryImageOfPage":{"@id":"https:\/\/titsandtatstattoo.com\/product\/senyal\/#primaryimage"},"image":{"@id":"https:\/\/titsandtatstattoo.com\/product\/senyal\/#primaryimage"},"thumbnailUrl":"https:\/\/i0.wp.com\/titsandtatstattoo.com\/wp-content\/uploads\/2021\/03\/Tattoo-Fondo-Tits-BW-scaled-scaled.jpg?fit=2048%2C1152&ssl=1","datePublished":"2023-12-21T18:23:48+00:00","dateModified":"2024-12-21T12:55:51+00:00","description":"Paga i senyal necess\u00e0ria per a reservar cita per a l'aplicaci\u00f3 de tatuatges o sessi\u00f3 d'eliminaci\u00f3 de tattoos\u00a0a l'estudi Tits\u00a0and Tats de Lleida i Mollerussa","breadcrumb":{"@id":"https:\/\/titsandtatstattoo.com\/product\/senyal\/#breadcrumb"},"inLanguage":"es","potentialAction":[{"@type":"ReadAction","target":["https:\/\/titsandtatstattoo.com\/product\/senyal\/"]}]},{"@type":"ImageObject","inLanguage":"es","@id":"https:\/\/titsandtatstattoo.com\/product\/senyal\/#primaryimage","url":"https:\/\/i0.wp.com\/titsandtatstattoo.com\/wp-content\/uploads\/2021\/03\/Tattoo-Fondo-Tits-BW-scaled-scaled.jpg?fit=2048%2C1152&ssl=1","contentUrl":"https:\/\/i0.wp.com\/titsandtatstattoo.com\/wp-content\/uploads\/2021\/03\/Tattoo-Fondo-Tits-BW-scaled-scaled.jpg?fit=2048%2C1152&ssl=1","width":2048,"height":1152,"caption":"tattoo"},{"@type":"BreadcrumbList","@id":"https:\/\/titsandtatstattoo.com\/product\/senyal\/#breadcrumb","itemListElement":[{"@type":"ListItem","position":1,"name":"Home","item":"https:\/\/titsandtatstattoo.com\/"},{"@type":"ListItem","position":2,"name":"Botiga","item":"https:\/\/titsandtatstattoo.com\/botiga\/"},{"@type":"ListItem","position":3,"name":"Paga i senyal Tits and Tats"}]},{"@type":"WebSite","@id":"https:\/\/titsandtatstattoo.com\/#website","url":"https:\/\/titsandtatstattoo.com\/","name":"Tits and Tats Tattoo Studio","description":"Tattoo And Piercing Studio","potentialAction":[{"@type":"SearchAction","target":{"@type":"EntryPoint","urlTemplate":"https:\/\/titsandtatstattoo.com\/?s={search_term_string}"},"query-input":{"@type":"PropertyValueSpecification","valueRequired":true,"valueName":"search_term_string"}}],"inLanguage":"es"}]}},"jetpack_sharing_enabled":true,"_links":{"self":[{"href":"https:\/\/titsandtatstattoo.com\/es\/wp-json\/wp\/v2\/product\/4936"}],"collection":[{"href":"https:\/\/titsandtatstattoo.com\/es\/wp-json\/wp\/v2\/product"}],"about":[{"href":"https:\/\/titsandtatstattoo.com\/es\/wp-json\/wp\/v2\/types\/product"}],"wp:featuredmedia":[{"embeddable":true,"href":"https:\/\/titsandtatstattoo.com\/es\/wp-json\/wp\/v2\/media\/1496"}],"wp:attachment":[{"href":"https:\/\/titsandtatstattoo.com\/es\/wp-json\/wp\/v2\/media?parent=4936"}],"wp:term":[{"taxonomy":"product_brand","embeddable":true,"href":"https:\/\/titsandtatstattoo.com\/es\/wp-json\/wp\/v2\/product_brand?post=4936"},{"taxonomy":"product_cat","embeddable":true,"href":"https:\/\/titsandtatstattoo.com\/es\/wp-json\/wp\/v2\/product_cat?post=4936"},{"taxonomy":"product_tag","embeddable":true,"href":"https:\/\/titsandtatstattoo.com\/es\/wp-json\/wp\/v2\/product_tag?post=4936"}],"curies":[{"name":"wp","href":"https:\/\/api.w.org\/{rel}","templated":true}]}}