{"id":4990,"date":"2023-12-28T15:31:04","date_gmt":"2023-12-28T14:31:04","guid":{"rendered":"https:\/\/titsandtatstattoo.com\/?post_type=product&#038;p=4990"},"modified":"2024-11-18T19:01:28","modified_gmt":"2024-11-18T18:01:28","slug":"cd-ruina","status":"publish","type":"product","link":"https:\/\/titsandtatstattoo.com\/es\/product\/cd-ruina\/","title":{"rendered":"Disc de RUINA \u201cAbismo Floral\u201d (CD \/ K7 \/ Vinyl )"},"content":{"rendered":"<p>Nou Disc de la banda RUINA &#8220;Abismo Floral&#8221; en tres formats diferents: Disc, Cassette i en rom\u00e0ntic Vinyl.<\/p>\n<blockquote>\n<p class=\"p2\">En la amalgama de emociones que la m\u00fasica puede evocar, RUINA teje en sus temas una conmovedora narrativa entre el amor perdido y la belleza del mismo.<span class=\"Apple-converted-space\">\u00a0<\/span><\/p>\n<p>&nbsp;<\/p>\n<p class=\"p2\">En sus temas y directos estilan rabia y energ\u00eda sin dar tregua, pero a la par no caen en el descontrol t\u00edpico acelerado del g\u00e9nero.<span class=\"Apple-converted-space\">\u00a0<\/span><\/p>\n<p>&nbsp;<\/p>\n<p class=\"p2\">-&#8220;En su disco debut &#8220;ABISMO FLORAL&#8221; se nos presenta un viaje a trav\u00e9s del accidentado paisaje del hardcore, suavizado por la calidez de intrincadas melod\u00edas y la desgarradora crudeza de las letras.<span class=\"Apple-converted-space\">\u00a0<\/span><\/p>\n<p>&nbsp;<\/p>\n<p class=\"p2\">Una oda al amor en su forma m\u00e1s espiritual explora el profundo respeto, la conexi\u00f3n y la libertad que brinda el amor verdadero, trascendiendo la mera qu\u00edmica hacia algo parecido a una uni\u00f3n espiritual.<span class=\"Apple-converted-space\">\u00a0<\/span><\/p>\n<p>&nbsp;<\/p>\n<p class=\"p2\">Cada una de las cinco pistas sirve como una vi\u00f1eta, capturando la angustia que a menudo ensombrece nuestras conexiones m\u00e1s intensas.&#8221;-<span class=\"Apple-converted-space\">\u00a0<\/span><\/p>\n<p>&nbsp;<\/p>\n<p class=\"p2\"><i>fuente: Idioteq.com<span class=\"Apple-converted-space\">\u00a0<\/span><\/i><\/p>\n<\/blockquote>","protected":false},"excerpt":{"rendered":"<p>Nou Disc de la banda RUINA &#8220;Abismo Floral&#8221; en tres formats diferents: Disc, Cassette i en rom\u00e0ntic Vinyl.<\/p>","protected":false},"featured_media":5001,"template":"","meta":[],"product_brand":[],"product_cat":[285],"product_tag":[251,267,252,266],"class_list":{"0":"post-4990","1":"product","2":"type-product","3":"status-publish","4":"has-post-thumbnail","6":"product_cat-discs","7":"product_tag-disc","8":"product_tag-hxc","9":"product_tag-musica","10":"product_tag-ruina","12":"first","13":"instock","14":"taxable","15":"shipping-taxable","16":"purchasable","17":"product-type-variable"},"yoast_head":"<!-- This site is optimized with the Yoast SEO plugin v25.5 - https:\/\/yoast.com\/wordpress\/plugins\/seo\/ -->\n<title>Disc de RUINA \u201cAbismo Floral\u201d (CD \/ K7 \/ Vinyl ) - Tits and Tats Tattoo Studio<\/title>\n<meta name=\"description\" content=\"Nou Disc de la banda RUINA &quot;Abismo Floral&quot; en tres formats diferents: Disc, Cassette i en rom\u00e0ntic Vinyl.\" \/>\n<meta name=\"robots\" content=\"index, follow, max-snippet:-1, max-image-preview:large, max-video-preview:-1\" \/>\n<link rel=\"canonical\" href=\"https:\/\/titsandtatstattoo.com\/es\/product\/cd-ruina\/\" \/>\n<meta property=\"og:locale\" content=\"es_ES\" \/>\n<meta property=\"og:type\" content=\"article\" \/>\n<meta property=\"og:title\" content=\"Disc de RUINA \u201cAbismo Floral\u201d (CD \/ K7 \/ Vinyl ) - Tits and Tats Tattoo Studio\" \/>\n<meta property=\"og:description\" content=\"Nou Disc de la banda RUINA &quot;Abismo Floral&quot; en tres formats diferents: Disc, Cassette i en rom\u00e0ntic Vinyl.\" \/>\n<meta property=\"og:url\" content=\"https:\/\/titsandtatstattoo.com\/es\/product\/cd-ruina\/\" \/>\n<meta property=\"og:site_name\" content=\"Tits and Tats Tattoo Studio\" \/>\n<meta property=\"article:modified_time\" content=\"2024-11-18T18:01:28+00:00\" \/>\n<meta property=\"og:image\" content=\"https:\/\/i0.wp.com\/titsandtatstattoo.com\/wp-content\/uploads\/2023\/12\/PhotoRoom_20231228_160505.jpg?fit=2000%2C1800&ssl=1\" \/>\n\t<meta property=\"og:image:width\" content=\"2000\" \/>\n\t<meta property=\"og:image:height\" content=\"1800\" \/>\n\t<meta property=\"og:image:type\" content=\"image\/jpeg\" \/>\n<meta name=\"twitter:card\" content=\"summary_large_image\" \/>\n<meta name=\"twitter:label1\" content=\"Tiempo de lectura\" \/>\n\t<meta name=\"twitter:data1\" content=\"1 minuto\" \/>\n<script type=\"application\/ld+json\" class=\"yoast-schema-graph\">{\"@context\":\"https:\/\/schema.org\",\"@graph\":[{\"@type\":\"WebPage\",\"@id\":\"https:\/\/titsandtatstattoo.com\/product\/cd-ruina\/\",\"url\":\"https:\/\/titsandtatstattoo.com\/product\/cd-ruina\/\",\"name\":\"Disc de RUINA \u201cAbismo Floral\u201d (CD \/ K7 \/ Vinyl ) - Tits and Tats Tattoo Studio\",\"isPartOf\":{\"@id\":\"https:\/\/titsandtatstattoo.com\/#website\"},\"primaryImageOfPage\":{\"@id\":\"https:\/\/titsandtatstattoo.com\/product\/cd-ruina\/#primaryimage\"},\"image\":{\"@id\":\"https:\/\/titsandtatstattoo.com\/product\/cd-ruina\/#primaryimage\"},\"thumbnailUrl\":\"https:\/\/i0.wp.com\/titsandtatstattoo.com\/wp-content\/uploads\/2023\/12\/PhotoRoom_20231228_160505.jpg?fit=2000%2C1800&ssl=1\",\"datePublished\":\"2023-12-28T14:31:04+00:00\",\"dateModified\":\"2024-11-18T18:01:28+00:00\",\"description\":\"Nou Disc de la banda RUINA \\\"Abismo Floral\\\" en tres formats diferents: Disc, Cassette i en rom\u00e0ntic Vinyl.\",\"breadcrumb\":{\"@id\":\"https:\/\/titsandtatstattoo.com\/product\/cd-ruina\/#breadcrumb\"},\"inLanguage\":\"es\",\"potentialAction\":[{\"@type\":\"ReadAction\",\"target\":[\"https:\/\/titsandtatstattoo.com\/product\/cd-ruina\/\"]}]},{\"@type\":\"ImageObject\",\"inLanguage\":\"es\",\"@id\":\"https:\/\/titsandtatstattoo.com\/product\/cd-ruina\/#primaryimage\",\"url\":\"https:\/\/i0.wp.com\/titsandtatstattoo.com\/wp-content\/uploads\/2023\/12\/PhotoRoom_20231228_160505.jpg?fit=2000%2C1800&ssl=1\",\"contentUrl\":\"https:\/\/i0.wp.com\/titsandtatstattoo.com\/wp-content\/uploads\/2023\/12\/PhotoRoom_20231228_160505.jpg?fit=2000%2C1800&ssl=1\",\"width\":2000,\"height\":1800},{\"@type\":\"BreadcrumbList\",\"@id\":\"https:\/\/titsandtatstattoo.com\/product\/cd-ruina\/#breadcrumb\",\"itemListElement\":[{\"@type\":\"ListItem\",\"position\":1,\"name\":\"Home\",\"item\":\"https:\/\/titsandtatstattoo.com\/\"},{\"@type\":\"ListItem\",\"position\":2,\"name\":\"Botiga\",\"item\":\"https:\/\/titsandtatstattoo.com\/botiga\/\"},{\"@type\":\"ListItem\",\"position\":3,\"name\":\"Disc de RUINA \u201cAbismo Floral\u201d (CD \/ K7 \/ Vinyl )\"}]},{\"@type\":\"WebSite\",\"@id\":\"https:\/\/titsandtatstattoo.com\/#website\",\"url\":\"https:\/\/titsandtatstattoo.com\/\",\"name\":\"Tits and Tats Tattoo Studio\",\"description\":\"Tattoo And Piercing Studio\",\"potentialAction\":[{\"@type\":\"SearchAction\",\"target\":{\"@type\":\"EntryPoint\",\"urlTemplate\":\"https:\/\/titsandtatstattoo.com\/?s={search_term_string}\"},\"query-input\":{\"@type\":\"PropertyValueSpecification\",\"valueRequired\":true,\"valueName\":\"search_term_string\"}}],\"inLanguage\":\"es\"}]}<\/script>\n<!-- \/ Yoast SEO plugin. -->","yoast_head_json":{"title":"Disc de RUINA \u201cAbismo Floral\u201d (CD \/ K7 \/ Vinyl ) - Tits and Tats Tattoo Studio","description":"Nou Disc de la banda RUINA \"Abismo Floral\" en tres formats diferents: Disc, Cassette i en rom\u00e0ntic Vinyl.","robots":{"index":"index","follow":"follow","max-snippet":"max-snippet:-1","max-image-preview":"max-image-preview:large","max-video-preview":"max-video-preview:-1"},"canonical":"https:\/\/titsandtatstattoo.com\/es\/product\/cd-ruina\/","og_locale":"es_ES","og_type":"article","og_title":"Disc de RUINA \u201cAbismo Floral\u201d (CD \/ K7 \/ Vinyl ) - Tits and Tats Tattoo Studio","og_description":"Nou Disc de la banda RUINA \"Abismo Floral\" en tres formats diferents: Disc, Cassette i en rom\u00e0ntic Vinyl.","og_url":"https:\/\/titsandtatstattoo.com\/es\/product\/cd-ruina\/","og_site_name":"Tits and Tats Tattoo Studio","article_modified_time":"2024-11-18T18:01:28+00:00","og_image":[{"width":2000,"height":1800,"url":"https:\/\/i0.wp.com\/titsandtatstattoo.com\/wp-content\/uploads\/2023\/12\/PhotoRoom_20231228_160505.jpg?fit=2000%2C1800&ssl=1","type":"image\/jpeg"}],"twitter_card":"summary_large_image","twitter_misc":{"Tiempo de lectura":"1 minuto"},"schema":{"@context":"https:\/\/schema.org","@graph":[{"@type":"WebPage","@id":"https:\/\/titsandtatstattoo.com\/product\/cd-ruina\/","url":"https:\/\/titsandtatstattoo.com\/product\/cd-ruina\/","name":"Disc de RUINA \u201cAbismo Floral\u201d (CD \/ K7 \/ Vinyl ) - Tits and Tats Tattoo Studio","isPartOf":{"@id":"https:\/\/titsandtatstattoo.com\/#website"},"primaryImageOfPage":{"@id":"https:\/\/titsandtatstattoo.com\/product\/cd-ruina\/#primaryimage"},"image":{"@id":"https:\/\/titsandtatstattoo.com\/product\/cd-ruina\/#primaryimage"},"thumbnailUrl":"https:\/\/i0.wp.com\/titsandtatstattoo.com\/wp-content\/uploads\/2023\/12\/PhotoRoom_20231228_160505.jpg?fit=2000%2C1800&ssl=1","datePublished":"2023-12-28T14:31:04+00:00","dateModified":"2024-11-18T18:01:28+00:00","description":"Nou Disc de la banda RUINA \"Abismo Floral\" en tres formats diferents: Disc, Cassette i en rom\u00e0ntic Vinyl.","breadcrumb":{"@id":"https:\/\/titsandtatstattoo.com\/product\/cd-ruina\/#breadcrumb"},"inLanguage":"es","potentialAction":[{"@type":"ReadAction","target":["https:\/\/titsandtatstattoo.com\/product\/cd-ruina\/"]}]},{"@type":"ImageObject","inLanguage":"es","@id":"https:\/\/titsandtatstattoo.com\/product\/cd-ruina\/#primaryimage","url":"https:\/\/i0.wp.com\/titsandtatstattoo.com\/wp-content\/uploads\/2023\/12\/PhotoRoom_20231228_160505.jpg?fit=2000%2C1800&ssl=1","contentUrl":"https:\/\/i0.wp.com\/titsandtatstattoo.com\/wp-content\/uploads\/2023\/12\/PhotoRoom_20231228_160505.jpg?fit=2000%2C1800&ssl=1","width":2000,"height":1800},{"@type":"BreadcrumbList","@id":"https:\/\/titsandtatstattoo.com\/product\/cd-ruina\/#breadcrumb","itemListElement":[{"@type":"ListItem","position":1,"name":"Home","item":"https:\/\/titsandtatstattoo.com\/"},{"@type":"ListItem","position":2,"name":"Botiga","item":"https:\/\/titsandtatstattoo.com\/botiga\/"},{"@type":"ListItem","position":3,"name":"Disc de RUINA \u201cAbismo Floral\u201d (CD \/ K7 \/ Vinyl )"}]},{"@type":"WebSite","@id":"https:\/\/titsandtatstattoo.com\/#website","url":"https:\/\/titsandtatstattoo.com\/","name":"Tits and Tats Tattoo Studio","description":"Tattoo And Piercing Studio","potentialAction":[{"@type":"SearchAction","target":{"@type":"EntryPoint","urlTemplate":"https:\/\/titsandtatstattoo.com\/?s={search_term_string}"},"query-input":{"@type":"PropertyValueSpecification","valueRequired":true,"valueName":"search_term_string"}}],"inLanguage":"es"}]}},"jetpack_sharing_enabled":true,"_links":{"self":[{"href":"https:\/\/titsandtatstattoo.com\/es\/wp-json\/wp\/v2\/product\/4990"}],"collection":[{"href":"https:\/\/titsandtatstattoo.com\/es\/wp-json\/wp\/v2\/product"}],"about":[{"href":"https:\/\/titsandtatstattoo.com\/es\/wp-json\/wp\/v2\/types\/product"}],"wp:featuredmedia":[{"embeddable":true,"href":"https:\/\/titsandtatstattoo.com\/es\/wp-json\/wp\/v2\/media\/5001"}],"wp:attachment":[{"href":"https:\/\/titsandtatstattoo.com\/es\/wp-json\/wp\/v2\/media?parent=4990"}],"wp:term":[{"taxonomy":"product_brand","embeddable":true,"href":"https:\/\/titsandtatstattoo.com\/es\/wp-json\/wp\/v2\/product_brand?post=4990"},{"taxonomy":"product_cat","embeddable":true,"href":"https:\/\/titsandtatstattoo.com\/es\/wp-json\/wp\/v2\/product_cat?post=4990"},{"taxonomy":"product_tag","embeddable":true,"href":"https:\/\/titsandtatstattoo.com\/es\/wp-json\/wp\/v2\/product_tag?post=4990"}],"curies":[{"name":"wp","href":"https:\/\/api.w.org\/{rel}","templated":true}]}}