{"id":5076,"date":"2024-01-08T13:11:15","date_gmt":"2024-01-08T12:11:15","guid":{"rendered":"https:\/\/titsandtatstattoo.com\/?post_type=product&#038;p=5076"},"modified":"2024-11-18T18:56:13","modified_gmt":"2024-11-18T17:56:13","slug":"cadena","status":"publish","type":"product","link":"https:\/\/titsandtatstattoo.com\/es\/product\/cadena\/","title":{"rendered":"Cadena de titani per a p\u00edrcings"},"content":{"rendered":"<p>Cadena de titani per a unir dos p\u00edrcings. Disponibles en diferents colors. Ideal per muntar en un barbell o flat back barbell d&#8217; 1&#8242; 2 mm. de rosca interna.<\/p>\n<ul>\n<li>Material: Titani Grau Implant ASTM F-136.<\/li>\n<li>Color: Hi ha l&#8217;opci\u00f3 de triar el color de la joia (titani anoditzat).*<\/li>\n<\/ul>\n<p>* Les imatges dels productes poden diferir lleugerament, igual que la refer\u00e8ncia de color del Titani Anoditzat. Per a m\u00e9s informaci\u00f3 sobre el proc\u00e9s d&#8217;anoditzat, cliqueu <a href=\"https:\/\/titsandtatstattoo.com\/es\/anoditzacio\/\">aqu\u00ed<\/a>.<\/p>\n<p>&nbsp;<\/p>","protected":false},"excerpt":{"rendered":"<p>Cadena de titani per a unir dos p\u00edrcings.<\/p>","protected":false},"featured_media":3119,"template":"","meta":[],"product_brand":[],"product_cat":[261],"product_tag":[203,162,157,200,163,156,244,278,166,293,160],"class_list":{"0":"post-5076","1":"product","2":"type-product","3":"status-publish","4":"has-post-thumbnail","6":"product_cat-varis","7":"product_tag-bridge","8":"product_tag-conch","9":"product_tag-helix","10":"product_tag-industrial","11":"product_tag-labret","12":"product_tag-lobul","13":"product_tag-lobulo","14":"product_tag-nas","15":"product_tag-nostril","16":"product_tag-titani","17":"product_tag-tragus","19":"first","20":"instock","21":"taxable","22":"shipping-taxable","23":"purchasable","24":"product-type-variable"},"yoast_head":"<!-- This site is optimized with the Yoast SEO plugin v25.5 - https:\/\/yoast.com\/wordpress\/plugins\/seo\/ -->\n<title>Cadena de titani per a p\u00edrcings - Tits and Tats Tattoo Studio<\/title>\n<meta name=\"description\" content=\"Cadena de titani per a unir dos p\u00edrcings. Disponibles en diferents colors. Ideal per muntar en un barbell o flat back barbell d&#039; 1&#039; 2 mm. de rosca interna.\" \/>\n<meta name=\"robots\" content=\"index, follow, max-snippet:-1, max-image-preview:large, max-video-preview:-1\" \/>\n<link rel=\"canonical\" href=\"https:\/\/titsandtatstattoo.com\/es\/product\/cadena\/\" \/>\n<meta property=\"og:locale\" content=\"es_ES\" \/>\n<meta property=\"og:type\" content=\"article\" \/>\n<meta property=\"og:title\" content=\"Cadena de titani per a p\u00edrcings - Tits and Tats Tattoo Studio\" \/>\n<meta property=\"og:description\" content=\"Cadena de titani per a unir dos p\u00edrcings. Disponibles en diferents colors. Ideal per muntar en un barbell o flat back barbell d&#039; 1&#039; 2 mm. de rosca interna.\" \/>\n<meta property=\"og:url\" content=\"https:\/\/titsandtatstattoo.com\/es\/product\/cadena\/\" \/>\n<meta property=\"og:site_name\" content=\"Tits and Tats Tattoo Studio\" \/>\n<meta property=\"article:modified_time\" content=\"2024-11-18T17:56:13+00:00\" \/>\n<meta property=\"og:image\" content=\"https:\/\/i0.wp.com\/titsandtatstattoo.com\/wp-content\/uploads\/2023\/07\/CAD.jpg?fit=1250%2C1000&ssl=1\" \/>\n\t<meta property=\"og:image:width\" content=\"1250\" \/>\n\t<meta property=\"og:image:height\" content=\"1000\" \/>\n\t<meta property=\"og:image:type\" content=\"image\/jpeg\" \/>\n<meta name=\"twitter:card\" content=\"summary_large_image\" \/>\n<meta name=\"twitter:label1\" content=\"Tiempo de lectura\" \/>\n\t<meta name=\"twitter:data1\" content=\"1 minuto\" \/>\n<script type=\"application\/ld+json\" class=\"yoast-schema-graph\">{\"@context\":\"https:\/\/schema.org\",\"@graph\":[{\"@type\":\"WebPage\",\"@id\":\"https:\/\/titsandtatstattoo.com\/product\/cadena\/\",\"url\":\"https:\/\/titsandtatstattoo.com\/product\/cadena\/\",\"name\":\"Cadena de titani per a p\u00edrcings - Tits and Tats Tattoo Studio\",\"isPartOf\":{\"@id\":\"https:\/\/titsandtatstattoo.com\/#website\"},\"primaryImageOfPage\":{\"@id\":\"https:\/\/titsandtatstattoo.com\/product\/cadena\/#primaryimage\"},\"image\":{\"@id\":\"https:\/\/titsandtatstattoo.com\/product\/cadena\/#primaryimage\"},\"thumbnailUrl\":\"https:\/\/i0.wp.com\/titsandtatstattoo.com\/wp-content\/uploads\/2023\/07\/CAD.jpg?fit=1250%2C1000&ssl=1\",\"datePublished\":\"2024-01-08T12:11:15+00:00\",\"dateModified\":\"2024-11-18T17:56:13+00:00\",\"description\":\"Cadena de titani per a unir dos p\u00edrcings. Disponibles en diferents colors. Ideal per muntar en un barbell o flat back barbell d' 1' 2 mm. de rosca interna.\",\"breadcrumb\":{\"@id\":\"https:\/\/titsandtatstattoo.com\/product\/cadena\/#breadcrumb\"},\"inLanguage\":\"es\",\"potentialAction\":[{\"@type\":\"ReadAction\",\"target\":[\"https:\/\/titsandtatstattoo.com\/product\/cadena\/\"]}]},{\"@type\":\"ImageObject\",\"inLanguage\":\"es\",\"@id\":\"https:\/\/titsandtatstattoo.com\/product\/cadena\/#primaryimage\",\"url\":\"https:\/\/i0.wp.com\/titsandtatstattoo.com\/wp-content\/uploads\/2023\/07\/CAD.jpg?fit=1250%2C1000&ssl=1\",\"contentUrl\":\"https:\/\/i0.wp.com\/titsandtatstattoo.com\/wp-content\/uploads\/2023\/07\/CAD.jpg?fit=1250%2C1000&ssl=1\",\"width\":1250,\"height\":1000},{\"@type\":\"BreadcrumbList\",\"@id\":\"https:\/\/titsandtatstattoo.com\/product\/cadena\/#breadcrumb\",\"itemListElement\":[{\"@type\":\"ListItem\",\"position\":1,\"name\":\"Home\",\"item\":\"https:\/\/titsandtatstattoo.com\/\"},{\"@type\":\"ListItem\",\"position\":2,\"name\":\"Botiga\",\"item\":\"https:\/\/titsandtatstattoo.com\/botiga\/\"},{\"@type\":\"ListItem\",\"position\":3,\"name\":\"Cadena de titani per a p\u00edrcings\"}]},{\"@type\":\"WebSite\",\"@id\":\"https:\/\/titsandtatstattoo.com\/#website\",\"url\":\"https:\/\/titsandtatstattoo.com\/\",\"name\":\"Tits and Tats Tattoo Studio\",\"description\":\"Tattoo And Piercing Studio\",\"potentialAction\":[{\"@type\":\"SearchAction\",\"target\":{\"@type\":\"EntryPoint\",\"urlTemplate\":\"https:\/\/titsandtatstattoo.com\/?s={search_term_string}\"},\"query-input\":{\"@type\":\"PropertyValueSpecification\",\"valueRequired\":true,\"valueName\":\"search_term_string\"}}],\"inLanguage\":\"es\"}]}<\/script>\n<!-- \/ Yoast SEO plugin. -->","yoast_head_json":{"title":"Cadena de titani per a p\u00edrcings - Tits and Tats Tattoo Studio","description":"Cadena de titani per a unir dos p\u00edrcings. Disponibles en diferents colors. Ideal per muntar en un barbell o flat back barbell d' 1' 2 mm. de rosca interna.","robots":{"index":"index","follow":"follow","max-snippet":"max-snippet:-1","max-image-preview":"max-image-preview:large","max-video-preview":"max-video-preview:-1"},"canonical":"https:\/\/titsandtatstattoo.com\/es\/product\/cadena\/","og_locale":"es_ES","og_type":"article","og_title":"Cadena de titani per a p\u00edrcings - Tits and Tats Tattoo Studio","og_description":"Cadena de titani per a unir dos p\u00edrcings. Disponibles en diferents colors. Ideal per muntar en un barbell o flat back barbell d' 1' 2 mm. de rosca interna.","og_url":"https:\/\/titsandtatstattoo.com\/es\/product\/cadena\/","og_site_name":"Tits and Tats Tattoo Studio","article_modified_time":"2024-11-18T17:56:13+00:00","og_image":[{"width":1250,"height":1000,"url":"https:\/\/i0.wp.com\/titsandtatstattoo.com\/wp-content\/uploads\/2023\/07\/CAD.jpg?fit=1250%2C1000&ssl=1","type":"image\/jpeg"}],"twitter_card":"summary_large_image","twitter_misc":{"Tiempo de lectura":"1 minuto"},"schema":{"@context":"https:\/\/schema.org","@graph":[{"@type":"WebPage","@id":"https:\/\/titsandtatstattoo.com\/product\/cadena\/","url":"https:\/\/titsandtatstattoo.com\/product\/cadena\/","name":"Cadena de titani per a p\u00edrcings - Tits and Tats Tattoo Studio","isPartOf":{"@id":"https:\/\/titsandtatstattoo.com\/#website"},"primaryImageOfPage":{"@id":"https:\/\/titsandtatstattoo.com\/product\/cadena\/#primaryimage"},"image":{"@id":"https:\/\/titsandtatstattoo.com\/product\/cadena\/#primaryimage"},"thumbnailUrl":"https:\/\/i0.wp.com\/titsandtatstattoo.com\/wp-content\/uploads\/2023\/07\/CAD.jpg?fit=1250%2C1000&ssl=1","datePublished":"2024-01-08T12:11:15+00:00","dateModified":"2024-11-18T17:56:13+00:00","description":"Cadena de titani per a unir dos p\u00edrcings. Disponibles en diferents colors. Ideal per muntar en un barbell o flat back barbell d' 1' 2 mm. de rosca interna.","breadcrumb":{"@id":"https:\/\/titsandtatstattoo.com\/product\/cadena\/#breadcrumb"},"inLanguage":"es","potentialAction":[{"@type":"ReadAction","target":["https:\/\/titsandtatstattoo.com\/product\/cadena\/"]}]},{"@type":"ImageObject","inLanguage":"es","@id":"https:\/\/titsandtatstattoo.com\/product\/cadena\/#primaryimage","url":"https:\/\/i0.wp.com\/titsandtatstattoo.com\/wp-content\/uploads\/2023\/07\/CAD.jpg?fit=1250%2C1000&ssl=1","contentUrl":"https:\/\/i0.wp.com\/titsandtatstattoo.com\/wp-content\/uploads\/2023\/07\/CAD.jpg?fit=1250%2C1000&ssl=1","width":1250,"height":1000},{"@type":"BreadcrumbList","@id":"https:\/\/titsandtatstattoo.com\/product\/cadena\/#breadcrumb","itemListElement":[{"@type":"ListItem","position":1,"name":"Home","item":"https:\/\/titsandtatstattoo.com\/"},{"@type":"ListItem","position":2,"name":"Botiga","item":"https:\/\/titsandtatstattoo.com\/botiga\/"},{"@type":"ListItem","position":3,"name":"Cadena de titani per a p\u00edrcings"}]},{"@type":"WebSite","@id":"https:\/\/titsandtatstattoo.com\/#website","url":"https:\/\/titsandtatstattoo.com\/","name":"Tits and Tats Tattoo Studio","description":"Tattoo And Piercing Studio","potentialAction":[{"@type":"SearchAction","target":{"@type":"EntryPoint","urlTemplate":"https:\/\/titsandtatstattoo.com\/?s={search_term_string}"},"query-input":{"@type":"PropertyValueSpecification","valueRequired":true,"valueName":"search_term_string"}}],"inLanguage":"es"}]}},"jetpack_sharing_enabled":true,"_links":{"self":[{"href":"https:\/\/titsandtatstattoo.com\/es\/wp-json\/wp\/v2\/product\/5076"}],"collection":[{"href":"https:\/\/titsandtatstattoo.com\/es\/wp-json\/wp\/v2\/product"}],"about":[{"href":"https:\/\/titsandtatstattoo.com\/es\/wp-json\/wp\/v2\/types\/product"}],"wp:featuredmedia":[{"embeddable":true,"href":"https:\/\/titsandtatstattoo.com\/es\/wp-json\/wp\/v2\/media\/3119"}],"wp:attachment":[{"href":"https:\/\/titsandtatstattoo.com\/es\/wp-json\/wp\/v2\/media?parent=5076"}],"wp:term":[{"taxonomy":"product_brand","embeddable":true,"href":"https:\/\/titsandtatstattoo.com\/es\/wp-json\/wp\/v2\/product_brand?post=5076"},{"taxonomy":"product_cat","embeddable":true,"href":"https:\/\/titsandtatstattoo.com\/es\/wp-json\/wp\/v2\/product_cat?post=5076"},{"taxonomy":"product_tag","embeddable":true,"href":"https:\/\/titsandtatstattoo.com\/es\/wp-json\/wp\/v2\/product_tag?post=5076"}],"curies":[{"name":"wp","href":"https:\/\/api.w.org\/{rel}","templated":true}]}}