{"id":6156,"date":"2024-05-21T12:27:26","date_gmt":"2024-05-21T10:27:26","guid":{"rendered":"https:\/\/titsandtatstattoo.com\/?post_type=product&#038;p=6156"},"modified":"2024-06-07T17:02:04","modified_gmt":"2024-06-07T15:02:04","slug":"nou-disc-de-mocs-i-cucs-cremem-los-putos-bancs-lp","status":"publish","type":"product","link":"https:\/\/titsandtatstattoo.com\/es\/product\/nou-disc-de-mocs-i-cucs-cremem-los-putos-bancs-lp\/","title":{"rendered":"Nou disc de MOCS I CUCS &#8220;Cremem los Putos Bancs&#8221; LP"},"content":{"rendered":"<p>Mocs i Cucs, tamb\u00e9 coneguts com Milford Mocs &amp; Gunther Cucs, no deixen lloc a la imaginaci\u00f3 amb &#8220;Cremem Los Putos Bancs&#8221;, el t\u00edtol del seu segon \u00e0lbum. Un disc hil\u00b7larant, sarc\u00e0stic i morda\u00e7, per\u00f2 que en cap moment descuida l&#8217;aspecte musical, presentant vertaders temassos que es mouen entre el heavy cl\u00e0ssic amb alguna pinzellada extrema, el crossover, i sobretot el thrash.<\/p>\n<p>\u201cCremem Los Putos Bancs \u00e9s un \u00e0lbum que dispara en totes direccions\u201d, assegura la banda de Lleida, \u201ccontra l&#8217;establishment, el capitalisme, la classe pol\u00edtica o la religi\u00f3 organitzada, entre d&#8217;altres\u201d. Per si hi havia algun dubte, \u201csempre amb tocs d&#8217;humor i sense prendre&#8217;ns a nosaltres mateixos amb excessiva serietat\u201d. A m\u00e9s, Mocs i Cucs afirmen que amb aquest disc \u201cpretenem aportar un punt de frescor a una escena met\u00e0l\u00b7lica que en ocasions peca de ser massa cl\u00f2nica i de m\u00e9s i m\u00e9s del mateix\u201d.<\/p>\n<p>Tretze anys despr\u00e9s del seu debut en llarg, el proper 7 de juny els lleidatans llan\u00e7aran la seva millor col\u00b7lecci\u00f3 de can\u00e7ons gr\u00e0cies tamb\u00e9 a una gravaci\u00f3 i producci\u00f3 juntament amb Gerard Porqueres en els Heartwork Recording Studio. Ara mateix, tota una garantia de sonid\u00e0s i saber fer.<\/p>\n<p>Nom\u00e9s Mocs i Cucs podrien mostrar una portada com aquesta, obra de Sergi D\u00edaz.<\/p>","protected":false},"excerpt":{"rendered":"<p>Mocs i Cucs, tamb\u00e9 coneguts com Milford Mocs &amp; Gunther Cucs, no deixen lloc a la imaginaci\u00f3 amb &#8220;Cremem Los Putos Bancs&#8221;, el t\u00edtol del seu segon \u00e0lbum.<\/p>","protected":false},"featured_media":6277,"template":"","meta":[],"product_brand":[],"product_cat":[285],"product_tag":[251,323,263,320,252,324],"class_list":{"0":"post-6156","1":"product","2":"type-product","3":"status-publish","4":"has-post-thumbnail","6":"product_cat-discs","7":"product_tag-disc","8":"product_tag-lp","9":"product_tag-metal","10":"product_tag-mocs-i-cucs","11":"product_tag-musica","12":"product_tag-trash","14":"first","15":"instock","16":"taxable","17":"shipping-taxable","18":"purchasable","19":"product-type-simple"},"yoast_head":"<!-- This site is optimized with the Yoast SEO plugin v25.5 - https:\/\/yoast.com\/wordpress\/plugins\/seo\/ -->\n<title>Nou disc de MOCS I CUCS &quot;Cremem los Putos Bancs&quot; LP - Tits and Tats Tattoo Studio<\/title>\n<meta name=\"description\" content=\"Mocs i Cucs, tamb\u00e9 coneguts com Milford Mocs &amp; Gunther Cucs, no deixen lloc a la imaginaci\u00f3 amb &quot;Cremem Los Putos Bancs&quot;, el t\u00edtol del seu segon \u00e0lbum.\" \/>\n<meta name=\"robots\" content=\"index, follow, max-snippet:-1, max-image-preview:large, max-video-preview:-1\" \/>\n<link rel=\"canonical\" href=\"https:\/\/titsandtatstattoo.com\/es\/product\/nou-disc-de-mocs-i-cucs-cremem-los-putos-bancs-lp\/\" \/>\n<meta property=\"og:locale\" content=\"es_ES\" \/>\n<meta property=\"og:type\" content=\"article\" \/>\n<meta property=\"og:title\" content=\"Nou disc de MOCS I CUCS &quot;Cremem los Putos Bancs&quot; LP - Tits and Tats Tattoo Studio\" \/>\n<meta property=\"og:description\" content=\"Mocs i Cucs, tamb\u00e9 coneguts com Milford Mocs &amp; Gunther Cucs, no deixen lloc a la imaginaci\u00f3 amb &quot;Cremem Los Putos Bancs&quot;, el t\u00edtol del seu segon \u00e0lbum.\" \/>\n<meta property=\"og:url\" content=\"https:\/\/titsandtatstattoo.com\/es\/product\/nou-disc-de-mocs-i-cucs-cremem-los-putos-bancs-lp\/\" \/>\n<meta property=\"og:site_name\" content=\"Tits and Tats Tattoo Studio\" \/>\n<meta property=\"article:modified_time\" content=\"2024-06-07T15:02:04+00:00\" \/>\n<meta property=\"og:image\" content=\"https:\/\/i0.wp.com\/titsandtatstattoo.com\/wp-content\/uploads\/2024\/06\/photoroom_001_20240607_164957.png?fit=1600%2C1201&ssl=1\" \/>\n\t<meta property=\"og:image:width\" content=\"1600\" \/>\n\t<meta property=\"og:image:height\" content=\"1201\" \/>\n\t<meta property=\"og:image:type\" content=\"image\/png\" \/>\n<meta name=\"twitter:card\" content=\"summary_large_image\" \/>\n<meta name=\"twitter:label1\" content=\"Tiempo de lectura\" \/>\n\t<meta name=\"twitter:data1\" content=\"2 minutos\" \/>\n<script type=\"application\/ld+json\" class=\"yoast-schema-graph\">{\"@context\":\"https:\/\/schema.org\",\"@graph\":[{\"@type\":\"WebPage\",\"@id\":\"https:\/\/titsandtatstattoo.com\/product\/nou-disc-de-mocs-i-cucs-cremem-los-putos-bancs-lp\/\",\"url\":\"https:\/\/titsandtatstattoo.com\/product\/nou-disc-de-mocs-i-cucs-cremem-los-putos-bancs-lp\/\",\"name\":\"Nou disc de MOCS I CUCS \\\"Cremem los Putos Bancs\\\" LP - Tits and Tats Tattoo Studio\",\"isPartOf\":{\"@id\":\"https:\/\/titsandtatstattoo.com\/#website\"},\"primaryImageOfPage\":{\"@id\":\"https:\/\/titsandtatstattoo.com\/product\/nou-disc-de-mocs-i-cucs-cremem-los-putos-bancs-lp\/#primaryimage\"},\"image\":{\"@id\":\"https:\/\/titsandtatstattoo.com\/product\/nou-disc-de-mocs-i-cucs-cremem-los-putos-bancs-lp\/#primaryimage\"},\"thumbnailUrl\":\"https:\/\/i0.wp.com\/titsandtatstattoo.com\/wp-content\/uploads\/2024\/06\/photoroom_001_20240607_164957.png?fit=1600%2C1201&ssl=1\",\"datePublished\":\"2024-05-21T10:27:26+00:00\",\"dateModified\":\"2024-06-07T15:02:04+00:00\",\"description\":\"Mocs i Cucs, tamb\u00e9 coneguts com Milford Mocs & Gunther Cucs, no deixen lloc a la imaginaci\u00f3 amb \\\"Cremem Los Putos Bancs\\\", el t\u00edtol del seu segon \u00e0lbum.\",\"breadcrumb\":{\"@id\":\"https:\/\/titsandtatstattoo.com\/product\/nou-disc-de-mocs-i-cucs-cremem-los-putos-bancs-lp\/#breadcrumb\"},\"inLanguage\":\"es\",\"potentialAction\":[{\"@type\":\"ReadAction\",\"target\":[\"https:\/\/titsandtatstattoo.com\/product\/nou-disc-de-mocs-i-cucs-cremem-los-putos-bancs-lp\/\"]}]},{\"@type\":\"ImageObject\",\"inLanguage\":\"es\",\"@id\":\"https:\/\/titsandtatstattoo.com\/product\/nou-disc-de-mocs-i-cucs-cremem-los-putos-bancs-lp\/#primaryimage\",\"url\":\"https:\/\/i0.wp.com\/titsandtatstattoo.com\/wp-content\/uploads\/2024\/06\/photoroom_001_20240607_164957.png?fit=1600%2C1201&ssl=1\",\"contentUrl\":\"https:\/\/i0.wp.com\/titsandtatstattoo.com\/wp-content\/uploads\/2024\/06\/photoroom_001_20240607_164957.png?fit=1600%2C1201&ssl=1\",\"width\":1600,\"height\":1201},{\"@type\":\"BreadcrumbList\",\"@id\":\"https:\/\/titsandtatstattoo.com\/product\/nou-disc-de-mocs-i-cucs-cremem-los-putos-bancs-lp\/#breadcrumb\",\"itemListElement\":[{\"@type\":\"ListItem\",\"position\":1,\"name\":\"Home\",\"item\":\"https:\/\/titsandtatstattoo.com\/\"},{\"@type\":\"ListItem\",\"position\":2,\"name\":\"Botiga\",\"item\":\"https:\/\/titsandtatstattoo.com\/botiga\/\"},{\"@type\":\"ListItem\",\"position\":3,\"name\":\"Nou disc de MOCS I CUCS &#8220;Cremem los Putos Bancs&#8221; LP\"}]},{\"@type\":\"WebSite\",\"@id\":\"https:\/\/titsandtatstattoo.com\/#website\",\"url\":\"https:\/\/titsandtatstattoo.com\/\",\"name\":\"Tits and Tats Tattoo Studio\",\"description\":\"Tattoo And Piercing Studio\",\"potentialAction\":[{\"@type\":\"SearchAction\",\"target\":{\"@type\":\"EntryPoint\",\"urlTemplate\":\"https:\/\/titsandtatstattoo.com\/?s={search_term_string}\"},\"query-input\":{\"@type\":\"PropertyValueSpecification\",\"valueRequired\":true,\"valueName\":\"search_term_string\"}}],\"inLanguage\":\"es\"}]}<\/script>\n<!-- \/ Yoast SEO plugin. -->","yoast_head_json":{"title":"Nou disc de MOCS I CUCS \"Cremem los Putos Bancs\" LP - Tits and Tats Tattoo Studio","description":"Mocs i Cucs, tamb\u00e9 coneguts com Milford Mocs & Gunther Cucs, no deixen lloc a la imaginaci\u00f3 amb \"Cremem Los Putos Bancs\", el t\u00edtol del seu segon \u00e0lbum.","robots":{"index":"index","follow":"follow","max-snippet":"max-snippet:-1","max-image-preview":"max-image-preview:large","max-video-preview":"max-video-preview:-1"},"canonical":"https:\/\/titsandtatstattoo.com\/es\/product\/nou-disc-de-mocs-i-cucs-cremem-los-putos-bancs-lp\/","og_locale":"es_ES","og_type":"article","og_title":"Nou disc de MOCS I CUCS \"Cremem los Putos Bancs\" LP - Tits and Tats Tattoo Studio","og_description":"Mocs i Cucs, tamb\u00e9 coneguts com Milford Mocs & Gunther Cucs, no deixen lloc a la imaginaci\u00f3 amb \"Cremem Los Putos Bancs\", el t\u00edtol del seu segon \u00e0lbum.","og_url":"https:\/\/titsandtatstattoo.com\/es\/product\/nou-disc-de-mocs-i-cucs-cremem-los-putos-bancs-lp\/","og_site_name":"Tits and Tats Tattoo Studio","article_modified_time":"2024-06-07T15:02:04+00:00","og_image":[{"width":1600,"height":1201,"url":"https:\/\/i0.wp.com\/titsandtatstattoo.com\/wp-content\/uploads\/2024\/06\/photoroom_001_20240607_164957.png?fit=1600%2C1201&ssl=1","type":"image\/png"}],"twitter_card":"summary_large_image","twitter_misc":{"Tiempo de lectura":"2 minutos"},"schema":{"@context":"https:\/\/schema.org","@graph":[{"@type":"WebPage","@id":"https:\/\/titsandtatstattoo.com\/product\/nou-disc-de-mocs-i-cucs-cremem-los-putos-bancs-lp\/","url":"https:\/\/titsandtatstattoo.com\/product\/nou-disc-de-mocs-i-cucs-cremem-los-putos-bancs-lp\/","name":"Nou disc de MOCS I CUCS \"Cremem los Putos Bancs\" LP - Tits and Tats Tattoo Studio","isPartOf":{"@id":"https:\/\/titsandtatstattoo.com\/#website"},"primaryImageOfPage":{"@id":"https:\/\/titsandtatstattoo.com\/product\/nou-disc-de-mocs-i-cucs-cremem-los-putos-bancs-lp\/#primaryimage"},"image":{"@id":"https:\/\/titsandtatstattoo.com\/product\/nou-disc-de-mocs-i-cucs-cremem-los-putos-bancs-lp\/#primaryimage"},"thumbnailUrl":"https:\/\/i0.wp.com\/titsandtatstattoo.com\/wp-content\/uploads\/2024\/06\/photoroom_001_20240607_164957.png?fit=1600%2C1201&ssl=1","datePublished":"2024-05-21T10:27:26+00:00","dateModified":"2024-06-07T15:02:04+00:00","description":"Mocs i Cucs, tamb\u00e9 coneguts com Milford Mocs & Gunther Cucs, no deixen lloc a la imaginaci\u00f3 amb \"Cremem Los Putos Bancs\", el t\u00edtol del seu segon \u00e0lbum.","breadcrumb":{"@id":"https:\/\/titsandtatstattoo.com\/product\/nou-disc-de-mocs-i-cucs-cremem-los-putos-bancs-lp\/#breadcrumb"},"inLanguage":"es","potentialAction":[{"@type":"ReadAction","target":["https:\/\/titsandtatstattoo.com\/product\/nou-disc-de-mocs-i-cucs-cremem-los-putos-bancs-lp\/"]}]},{"@type":"ImageObject","inLanguage":"es","@id":"https:\/\/titsandtatstattoo.com\/product\/nou-disc-de-mocs-i-cucs-cremem-los-putos-bancs-lp\/#primaryimage","url":"https:\/\/i0.wp.com\/titsandtatstattoo.com\/wp-content\/uploads\/2024\/06\/photoroom_001_20240607_164957.png?fit=1600%2C1201&ssl=1","contentUrl":"https:\/\/i0.wp.com\/titsandtatstattoo.com\/wp-content\/uploads\/2024\/06\/photoroom_001_20240607_164957.png?fit=1600%2C1201&ssl=1","width":1600,"height":1201},{"@type":"BreadcrumbList","@id":"https:\/\/titsandtatstattoo.com\/product\/nou-disc-de-mocs-i-cucs-cremem-los-putos-bancs-lp\/#breadcrumb","itemListElement":[{"@type":"ListItem","position":1,"name":"Home","item":"https:\/\/titsandtatstattoo.com\/"},{"@type":"ListItem","position":2,"name":"Botiga","item":"https:\/\/titsandtatstattoo.com\/botiga\/"},{"@type":"ListItem","position":3,"name":"Nou disc de MOCS I CUCS &#8220;Cremem los Putos Bancs&#8221; LP"}]},{"@type":"WebSite","@id":"https:\/\/titsandtatstattoo.com\/#website","url":"https:\/\/titsandtatstattoo.com\/","name":"Tits and Tats Tattoo Studio","description":"Tattoo And Piercing Studio","potentialAction":[{"@type":"SearchAction","target":{"@type":"EntryPoint","urlTemplate":"https:\/\/titsandtatstattoo.com\/?s={search_term_string}"},"query-input":{"@type":"PropertyValueSpecification","valueRequired":true,"valueName":"search_term_string"}}],"inLanguage":"es"}]}},"jetpack_sharing_enabled":true,"_links":{"self":[{"href":"https:\/\/titsandtatstattoo.com\/es\/wp-json\/wp\/v2\/product\/6156"}],"collection":[{"href":"https:\/\/titsandtatstattoo.com\/es\/wp-json\/wp\/v2\/product"}],"about":[{"href":"https:\/\/titsandtatstattoo.com\/es\/wp-json\/wp\/v2\/types\/product"}],"wp:featuredmedia":[{"embeddable":true,"href":"https:\/\/titsandtatstattoo.com\/es\/wp-json\/wp\/v2\/media\/6277"}],"wp:attachment":[{"href":"https:\/\/titsandtatstattoo.com\/es\/wp-json\/wp\/v2\/media?parent=6156"}],"wp:term":[{"taxonomy":"product_brand","embeddable":true,"href":"https:\/\/titsandtatstattoo.com\/es\/wp-json\/wp\/v2\/product_brand?post=6156"},{"taxonomy":"product_cat","embeddable":true,"href":"https:\/\/titsandtatstattoo.com\/es\/wp-json\/wp\/v2\/product_cat?post=6156"},{"taxonomy":"product_tag","embeddable":true,"href":"https:\/\/titsandtatstattoo.com\/es\/wp-json\/wp\/v2\/product_tag?post=6156"}],"curies":[{"name":"wp","href":"https:\/\/api.w.org\/{rel}","templated":true}]}}