{"id":6642,"date":"2024-08-25T10:47:12","date_gmt":"2024-08-25T08:47:12","guid":{"rendered":"https:\/\/titsandtatstattoo.com\/?post_type=product&#038;p=6642"},"modified":"2024-12-01T23:00:19","modified_gmt":"2024-12-01T22:00:19","slug":"croptop-barbies-oxidadas","status":"publish","type":"product","link":"https:\/\/titsandtatstattoo.com\/es\/product\/croptop-barbies-oxidadas\/","title":{"rendered":"Crop Top &#8220;Barbies Oxidadas&#8221;"},"content":{"rendered":"<p>PRE-VENTA Crop Top &#8221; Barbies Oxidadas &#8220;.<\/p>\n<p>Estampaci\u00f3 frontal al lateral del pit esquerra i estampaci\u00f3 posterior.<\/p>\n<p>Disponible en diferents talles.<\/p>\n<blockquote><p>Tipus \/ Models: Crop Top<\/p>\n<p>&nbsp;<\/p>\n<p>Caracter\u00edstiques:<\/p>\n<p>100% Cot\u00f3, pentinat i ring-spun.<\/p>\n<p>Coll emmarcat.<\/p>\n<p>M\u00e0nigues oversize.<\/p>\n<p>Doblecs acabats.<\/p>\n<p>Retallada.<\/p>\n<p>Forma folgada.<\/p><\/blockquote>\n<p><em>Producte en PRE-VENTA, consulta <a href=\"https:\/\/titsandtatstattoo.com\/es\/condicions-venda\/#reserves\">condicions<\/a><\/em><\/p>","protected":false},"excerpt":{"rendered":"<p>PRE-VENTA Crop Top &#8221; Barbies Oxidadas &#8220;. Estampaci\u00f3 frontal al lateral del pit esquerra i estampaci\u00f3 posterior. Disponible en diferents talles. Tipus \/ Models: Crop Top &nbsp; Caracter\u00edstiques: 100% Cot\u00f3, [&hellip;]<\/p>\n","protected":false},"featured_media":6650,"template":"","meta":[],"product_brand":[],"product_cat":[286],"product_tag":[364,365,328,369,367,368,321,366,322,370,371,318],"class_list":{"0":"post-6642","1":"product","2":"type-product","3":"status-publish","4":"has-post-thumbnail","6":"product_cat-samarretes","7":"product_tag-barbies","8":"product_tag-crop-top","9":"product_tag-crossfit","10":"product_tag-deporte","11":"product_tag-dona","12":"product_tag-esport","13":"product_tag-merchandising","14":"product_tag-mujer","15":"product_tag-old-school","16":"product_tag-over-size","17":"product_tag-oversize","18":"product_tag-samarreta","20":"first","21":"instock","22":"taxable","23":"shipping-taxable","24":"purchasable","25":"product-type-variable"},"yoast_head":"<!-- This site is optimized with the Yoast SEO plugin v25.5 - https:\/\/yoast.com\/wordpress\/plugins\/seo\/ -->\n<title>Crop Top &quot;Barbies Oxidadas&quot; - Tits and Tats Tattoo Studio<\/title>\n<meta name=\"description\" content=\"PRE-VENTA Crop Top &quot; Barbies Oxidadas &quot;.Estampaci\u00f3 frontal al lateral del pit esquerra i posterior. 100% Cot\u00f3, pentinat i ring-spun.M\u00e0nigues oversize.Retallada.Forma folgada.\" \/>\n<meta name=\"robots\" content=\"index, follow, max-snippet:-1, max-image-preview:large, max-video-preview:-1\" \/>\n<link rel=\"canonical\" href=\"https:\/\/titsandtatstattoo.com\/es\/product\/croptop-barbies-oxidadas\/\" \/>\n<meta property=\"og:locale\" content=\"es_ES\" \/>\n<meta property=\"og:type\" content=\"article\" \/>\n<meta property=\"og:title\" content=\"Crop Top &quot;Barbies Oxidadas&quot; - Tits and Tats Tattoo Studio\" \/>\n<meta property=\"og:description\" content=\"PRE-VENTA Crop Top &quot; Barbies Oxidadas &quot;.Estampaci\u00f3 frontal al lateral del pit esquerra i posterior. 100% Cot\u00f3, pentinat i ring-spun.M\u00e0nigues oversize.Retallada.Forma folgada.\" \/>\n<meta property=\"og:url\" content=\"https:\/\/titsandtatstattoo.com\/es\/product\/croptop-barbies-oxidadas\/\" \/>\n<meta property=\"og:site_name\" content=\"Tits and Tats Tattoo Studio\" \/>\n<meta property=\"article:modified_time\" content=\"2024-12-01T22:00:19+00:00\" \/>\n<meta property=\"og:image\" content=\"https:\/\/i0.wp.com\/titsandtatstattoo.com\/wp-content\/uploads\/2024\/08\/Photoroom_20240825_102844.png?fit=1100%2C939&ssl=1\" \/>\n\t<meta property=\"og:image:width\" content=\"1100\" \/>\n\t<meta property=\"og:image:height\" content=\"939\" \/>\n\t<meta property=\"og:image:type\" content=\"image\/png\" \/>\n<meta name=\"twitter:card\" content=\"summary_large_image\" \/>\n<meta name=\"twitter:label1\" content=\"Tiempo de lectura\" \/>\n\t<meta name=\"twitter:data1\" content=\"1 minuto\" \/>\n<script type=\"application\/ld+json\" class=\"yoast-schema-graph\">{\"@context\":\"https:\/\/schema.org\",\"@graph\":[{\"@type\":\"WebPage\",\"@id\":\"https:\/\/titsandtatstattoo.com\/product\/croptop-barbies-oxidadas\/\",\"url\":\"https:\/\/titsandtatstattoo.com\/product\/croptop-barbies-oxidadas\/\",\"name\":\"Crop Top \\\"Barbies Oxidadas\\\" - Tits and Tats Tattoo Studio\",\"isPartOf\":{\"@id\":\"https:\/\/titsandtatstattoo.com\/#website\"},\"primaryImageOfPage\":{\"@id\":\"https:\/\/titsandtatstattoo.com\/product\/croptop-barbies-oxidadas\/#primaryimage\"},\"image\":{\"@id\":\"https:\/\/titsandtatstattoo.com\/product\/croptop-barbies-oxidadas\/#primaryimage\"},\"thumbnailUrl\":\"https:\/\/i0.wp.com\/titsandtatstattoo.com\/wp-content\/uploads\/2024\/08\/Photoroom_20240825_102844.png?fit=1100%2C939&ssl=1\",\"datePublished\":\"2024-08-25T08:47:12+00:00\",\"dateModified\":\"2024-12-01T22:00:19+00:00\",\"description\":\"PRE-VENTA Crop Top \\\" Barbies Oxidadas \\\".Estampaci\u00f3 frontal al lateral del pit esquerra i posterior. 100% Cot\u00f3, pentinat i ring-spun.M\u00e0nigues oversize.Retallada.Forma folgada.\",\"breadcrumb\":{\"@id\":\"https:\/\/titsandtatstattoo.com\/product\/croptop-barbies-oxidadas\/#breadcrumb\"},\"inLanguage\":\"es\",\"potentialAction\":[{\"@type\":\"ReadAction\",\"target\":[\"https:\/\/titsandtatstattoo.com\/product\/croptop-barbies-oxidadas\/\"]}]},{\"@type\":\"ImageObject\",\"inLanguage\":\"es\",\"@id\":\"https:\/\/titsandtatstattoo.com\/product\/croptop-barbies-oxidadas\/#primaryimage\",\"url\":\"https:\/\/i0.wp.com\/titsandtatstattoo.com\/wp-content\/uploads\/2024\/08\/Photoroom_20240825_102844.png?fit=1100%2C939&ssl=1\",\"contentUrl\":\"https:\/\/i0.wp.com\/titsandtatstattoo.com\/wp-content\/uploads\/2024\/08\/Photoroom_20240825_102844.png?fit=1100%2C939&ssl=1\",\"width\":1100,\"height\":939},{\"@type\":\"BreadcrumbList\",\"@id\":\"https:\/\/titsandtatstattoo.com\/product\/croptop-barbies-oxidadas\/#breadcrumb\",\"itemListElement\":[{\"@type\":\"ListItem\",\"position\":1,\"name\":\"Home\",\"item\":\"https:\/\/titsandtatstattoo.com\/\"},{\"@type\":\"ListItem\",\"position\":2,\"name\":\"Botiga\",\"item\":\"https:\/\/titsandtatstattoo.com\/botiga\/\"},{\"@type\":\"ListItem\",\"position\":3,\"name\":\"Crop Top &#8220;Barbies Oxidadas&#8221;\"}]},{\"@type\":\"WebSite\",\"@id\":\"https:\/\/titsandtatstattoo.com\/#website\",\"url\":\"https:\/\/titsandtatstattoo.com\/\",\"name\":\"Tits and Tats Tattoo Studio\",\"description\":\"Tattoo And Piercing Studio\",\"potentialAction\":[{\"@type\":\"SearchAction\",\"target\":{\"@type\":\"EntryPoint\",\"urlTemplate\":\"https:\/\/titsandtatstattoo.com\/?s={search_term_string}\"},\"query-input\":{\"@type\":\"PropertyValueSpecification\",\"valueRequired\":true,\"valueName\":\"search_term_string\"}}],\"inLanguage\":\"es\"}]}<\/script>\n<!-- \/ Yoast SEO plugin. -->","yoast_head_json":{"title":"Crop Top \"Barbies Oxidadas\" - Tits and Tats Tattoo Studio","description":"PRE-VENTA Crop Top \" Barbies Oxidadas \".Estampaci\u00f3 frontal al lateral del pit esquerra i posterior. 100% Cot\u00f3, pentinat i ring-spun.M\u00e0nigues oversize.Retallada.Forma folgada.","robots":{"index":"index","follow":"follow","max-snippet":"max-snippet:-1","max-image-preview":"max-image-preview:large","max-video-preview":"max-video-preview:-1"},"canonical":"https:\/\/titsandtatstattoo.com\/es\/product\/croptop-barbies-oxidadas\/","og_locale":"es_ES","og_type":"article","og_title":"Crop Top \"Barbies Oxidadas\" - Tits and Tats Tattoo Studio","og_description":"PRE-VENTA Crop Top \" Barbies Oxidadas \".Estampaci\u00f3 frontal al lateral del pit esquerra i posterior. 100% Cot\u00f3, pentinat i ring-spun.M\u00e0nigues oversize.Retallada.Forma folgada.","og_url":"https:\/\/titsandtatstattoo.com\/es\/product\/croptop-barbies-oxidadas\/","og_site_name":"Tits and Tats Tattoo Studio","article_modified_time":"2024-12-01T22:00:19+00:00","og_image":[{"width":1100,"height":939,"url":"https:\/\/i0.wp.com\/titsandtatstattoo.com\/wp-content\/uploads\/2024\/08\/Photoroom_20240825_102844.png?fit=1100%2C939&ssl=1","type":"image\/png"}],"twitter_card":"summary_large_image","twitter_misc":{"Tiempo de lectura":"1 minuto"},"schema":{"@context":"https:\/\/schema.org","@graph":[{"@type":"WebPage","@id":"https:\/\/titsandtatstattoo.com\/product\/croptop-barbies-oxidadas\/","url":"https:\/\/titsandtatstattoo.com\/product\/croptop-barbies-oxidadas\/","name":"Crop Top \"Barbies Oxidadas\" - Tits and Tats Tattoo Studio","isPartOf":{"@id":"https:\/\/titsandtatstattoo.com\/#website"},"primaryImageOfPage":{"@id":"https:\/\/titsandtatstattoo.com\/product\/croptop-barbies-oxidadas\/#primaryimage"},"image":{"@id":"https:\/\/titsandtatstattoo.com\/product\/croptop-barbies-oxidadas\/#primaryimage"},"thumbnailUrl":"https:\/\/i0.wp.com\/titsandtatstattoo.com\/wp-content\/uploads\/2024\/08\/Photoroom_20240825_102844.png?fit=1100%2C939&ssl=1","datePublished":"2024-08-25T08:47:12+00:00","dateModified":"2024-12-01T22:00:19+00:00","description":"PRE-VENTA Crop Top \" Barbies Oxidadas \".Estampaci\u00f3 frontal al lateral del pit esquerra i posterior. 100% Cot\u00f3, pentinat i ring-spun.M\u00e0nigues oversize.Retallada.Forma folgada.","breadcrumb":{"@id":"https:\/\/titsandtatstattoo.com\/product\/croptop-barbies-oxidadas\/#breadcrumb"},"inLanguage":"es","potentialAction":[{"@type":"ReadAction","target":["https:\/\/titsandtatstattoo.com\/product\/croptop-barbies-oxidadas\/"]}]},{"@type":"ImageObject","inLanguage":"es","@id":"https:\/\/titsandtatstattoo.com\/product\/croptop-barbies-oxidadas\/#primaryimage","url":"https:\/\/i0.wp.com\/titsandtatstattoo.com\/wp-content\/uploads\/2024\/08\/Photoroom_20240825_102844.png?fit=1100%2C939&ssl=1","contentUrl":"https:\/\/i0.wp.com\/titsandtatstattoo.com\/wp-content\/uploads\/2024\/08\/Photoroom_20240825_102844.png?fit=1100%2C939&ssl=1","width":1100,"height":939},{"@type":"BreadcrumbList","@id":"https:\/\/titsandtatstattoo.com\/product\/croptop-barbies-oxidadas\/#breadcrumb","itemListElement":[{"@type":"ListItem","position":1,"name":"Home","item":"https:\/\/titsandtatstattoo.com\/"},{"@type":"ListItem","position":2,"name":"Botiga","item":"https:\/\/titsandtatstattoo.com\/botiga\/"},{"@type":"ListItem","position":3,"name":"Crop Top &#8220;Barbies Oxidadas&#8221;"}]},{"@type":"WebSite","@id":"https:\/\/titsandtatstattoo.com\/#website","url":"https:\/\/titsandtatstattoo.com\/","name":"Tits and Tats Tattoo Studio","description":"Tattoo And Piercing Studio","potentialAction":[{"@type":"SearchAction","target":{"@type":"EntryPoint","urlTemplate":"https:\/\/titsandtatstattoo.com\/?s={search_term_string}"},"query-input":{"@type":"PropertyValueSpecification","valueRequired":true,"valueName":"search_term_string"}}],"inLanguage":"es"}]}},"jetpack_sharing_enabled":true,"_links":{"self":[{"href":"https:\/\/titsandtatstattoo.com\/es\/wp-json\/wp\/v2\/product\/6642"}],"collection":[{"href":"https:\/\/titsandtatstattoo.com\/es\/wp-json\/wp\/v2\/product"}],"about":[{"href":"https:\/\/titsandtatstattoo.com\/es\/wp-json\/wp\/v2\/types\/product"}],"wp:featuredmedia":[{"embeddable":true,"href":"https:\/\/titsandtatstattoo.com\/es\/wp-json\/wp\/v2\/media\/6650"}],"wp:attachment":[{"href":"https:\/\/titsandtatstattoo.com\/es\/wp-json\/wp\/v2\/media?parent=6642"}],"wp:term":[{"taxonomy":"product_brand","embeddable":true,"href":"https:\/\/titsandtatstattoo.com\/es\/wp-json\/wp\/v2\/product_brand?post=6642"},{"taxonomy":"product_cat","embeddable":true,"href":"https:\/\/titsandtatstattoo.com\/es\/wp-json\/wp\/v2\/product_cat?post=6642"},{"taxonomy":"product_tag","embeddable":true,"href":"https:\/\/titsandtatstattoo.com\/es\/wp-json\/wp\/v2\/product_tag?post=6642"}],"curies":[{"name":"wp","href":"https:\/\/api.w.org\/{rel}","templated":true}]}}