{"id":7028,"date":"2024-09-22T12:15:11","date_gmt":"2024-09-22T10:15:11","guid":{"rendered":"https:\/\/titsandtatstattoo.com\/?post_type=product&#038;p=7028"},"modified":"2024-11-18T19:18:51","modified_gmt":"2024-11-18T18:18:51","slug":"nova-samarreta-oversize-tits-and-tats","status":"publish","type":"product","link":"https:\/\/titsandtatstattoo.com\/es\/product\/nova-samarreta-oversize-tits-and-tats\/","title":{"rendered":"NOVA Samarreta Oversize &#8220;Tits and Tats&#8221;"},"content":{"rendered":"<p>NOVA Samarreta Oversize amb negre &#8221; \u00c0guila Tits and Tats &#8220;.<\/p>\n<p>Estampaci\u00f3 full back i detall al pit esquerra<\/p>\n<p>Disponible en diferents talles:, S, M, L, XL<\/p>\n<blockquote><p>Caracter\u00edstiques:<\/p>\n<p>&nbsp;<\/p>\n<p class=\"p1\">Disseny amb costures laterals.<\/p>\n<p class=\"p1\">Coll amb rivet a 1\u00d71.<\/p>\n<p class=\"p1\">Refor\u00e7ada amb doble costura al coll, m\u00e0nigues i baix.<\/p>\n<p class=\"p1\">Pes aproximat de 200g\/m2.<\/p>\n<p class=\"p1\">100% cot\u00f3<\/p>\n<\/blockquote>","protected":false},"excerpt":{"rendered":"<p>NOVA Samarreta Oversize amb negre &#8221; \u00c0guila Tits and Tats &#8220;. Estampaci\u00f3 full back i detall al pit esquerra Disponible en diferents talles:, S, M, L, XL Caracter\u00edstiques: &nbsp; Disseny [&hellip;]<\/p>\n","protected":false},"featured_media":7040,"template":"","meta":[],"product_brand":[],"product_cat":[286],"product_tag":[387,365,328,369,367,372,368,321,366,322,371,318,380,373],"class_list":{"0":"post-7028","1":"product","2":"type-product","3":"status-publish","4":"has-post-thumbnail","6":"product_cat-samarretes","7":"product_tag-aguila","8":"product_tag-crop-top","9":"product_tag-crossfit","10":"product_tag-deporte","11":"product_tag-dona","12":"product_tag-entallada","13":"product_tag-esport","14":"product_tag-merchandising","15":"product_tag-mujer","16":"product_tag-old-school","17":"product_tag-oversize","18":"product_tag-samarreta","19":"product_tag-skull","20":"product_tag-unisex","22":"first","23":"instock","24":"taxable","25":"shipping-taxable","26":"purchasable","27":"product-type-variable"},"yoast_head":"<!-- This site is optimized with the Yoast SEO plugin v25.5 - https:\/\/yoast.com\/wordpress\/plugins\/seo\/ -->\n<title>NOVA Samarreta Oversize &quot;Tits and Tats&quot; - Tits and Tats Tattoo Studio<\/title>\n<meta name=\"description\" content=\"NOVA Samarreta Oversize amb negre &quot; \u00c0guila Tits and Tats &quot;.Estampaci\u00f3 full back i detall al pit esquerraDisponible en diferents talles:, S, M, L, XL\" \/>\n<meta name=\"robots\" content=\"index, follow, max-snippet:-1, max-image-preview:large, max-video-preview:-1\" \/>\n<link rel=\"canonical\" href=\"https:\/\/titsandtatstattoo.com\/es\/product\/nova-samarreta-oversize-tits-and-tats\/\" \/>\n<meta property=\"og:locale\" content=\"es_ES\" \/>\n<meta property=\"og:type\" content=\"article\" \/>\n<meta property=\"og:title\" content=\"NOVA Samarreta Oversize &quot;Tits and Tats&quot; - Tits and Tats Tattoo Studio\" \/>\n<meta property=\"og:description\" content=\"NOVA Samarreta Oversize amb negre &quot; \u00c0guila Tits and Tats &quot;.Estampaci\u00f3 full back i detall al pit esquerraDisponible en diferents talles:, S, M, L, XL\" \/>\n<meta property=\"og:url\" content=\"https:\/\/titsandtatstattoo.com\/es\/product\/nova-samarreta-oversize-tits-and-tats\/\" \/>\n<meta property=\"og:site_name\" content=\"Tits and Tats Tattoo Studio\" \/>\n<meta property=\"article:modified_time\" content=\"2024-11-18T18:18:51+00:00\" \/>\n<meta property=\"og:image\" content=\"https:\/\/titsandtatstattoo.com\/wp-content\/uploads\/2024\/09\/IMG_7714.png\" \/>\n\t<meta property=\"og:image:width\" content=\"2048\" \/>\n\t<meta property=\"og:image:height\" content=\"1448\" \/>\n\t<meta property=\"og:image:type\" content=\"image\/png\" \/>\n<meta name=\"twitter:card\" content=\"summary_large_image\" \/>\n<meta name=\"twitter:label1\" content=\"Tiempo de lectura\" \/>\n\t<meta name=\"twitter:data1\" content=\"1 minuto\" \/>\n<script type=\"application\/ld+json\" class=\"yoast-schema-graph\">{\"@context\":\"https:\/\/schema.org\",\"@graph\":[{\"@type\":\"WebPage\",\"@id\":\"https:\/\/titsandtatstattoo.com\/product\/nova-samarreta-oversize-tits-and-tats\/\",\"url\":\"https:\/\/titsandtatstattoo.com\/product\/nova-samarreta-oversize-tits-and-tats\/\",\"name\":\"NOVA Samarreta Oversize \\\"Tits and Tats\\\" - Tits and Tats Tattoo Studio\",\"isPartOf\":{\"@id\":\"https:\/\/titsandtatstattoo.com\/#website\"},\"primaryImageOfPage\":{\"@id\":\"https:\/\/titsandtatstattoo.com\/product\/nova-samarreta-oversize-tits-and-tats\/#primaryimage\"},\"image\":{\"@id\":\"https:\/\/titsandtatstattoo.com\/product\/nova-samarreta-oversize-tits-and-tats\/#primaryimage\"},\"thumbnailUrl\":\"https:\/\/i0.wp.com\/titsandtatstattoo.com\/wp-content\/uploads\/2024\/09\/IMG_7714.png?fit=2048%2C1448&ssl=1\",\"datePublished\":\"2024-09-22T10:15:11+00:00\",\"dateModified\":\"2024-11-18T18:18:51+00:00\",\"description\":\"NOVA Samarreta Oversize amb negre \\\" \u00c0guila Tits and Tats \\\".Estampaci\u00f3 full back i detall al pit esquerraDisponible en diferents talles:, S, M, L, XL\",\"breadcrumb\":{\"@id\":\"https:\/\/titsandtatstattoo.com\/product\/nova-samarreta-oversize-tits-and-tats\/#breadcrumb\"},\"inLanguage\":\"es\",\"potentialAction\":[{\"@type\":\"ReadAction\",\"target\":[\"https:\/\/titsandtatstattoo.com\/product\/nova-samarreta-oversize-tits-and-tats\/\"]}]},{\"@type\":\"ImageObject\",\"inLanguage\":\"es\",\"@id\":\"https:\/\/titsandtatstattoo.com\/product\/nova-samarreta-oversize-tits-and-tats\/#primaryimage\",\"url\":\"https:\/\/i0.wp.com\/titsandtatstattoo.com\/wp-content\/uploads\/2024\/09\/IMG_7714.png?fit=2048%2C1448&ssl=1\",\"contentUrl\":\"https:\/\/i0.wp.com\/titsandtatstattoo.com\/wp-content\/uploads\/2024\/09\/IMG_7714.png?fit=2048%2C1448&ssl=1\",\"width\":2048,\"height\":1448},{\"@type\":\"BreadcrumbList\",\"@id\":\"https:\/\/titsandtatstattoo.com\/product\/nova-samarreta-oversize-tits-and-tats\/#breadcrumb\",\"itemListElement\":[{\"@type\":\"ListItem\",\"position\":1,\"name\":\"Home\",\"item\":\"https:\/\/titsandtatstattoo.com\/\"},{\"@type\":\"ListItem\",\"position\":2,\"name\":\"Botiga\",\"item\":\"https:\/\/titsandtatstattoo.com\/botiga\/\"},{\"@type\":\"ListItem\",\"position\":3,\"name\":\"NOVA Samarreta Oversize &#8220;Tits and Tats&#8221;\"}]},{\"@type\":\"WebSite\",\"@id\":\"https:\/\/titsandtatstattoo.com\/#website\",\"url\":\"https:\/\/titsandtatstattoo.com\/\",\"name\":\"Tits and Tats Tattoo Studio\",\"description\":\"Tattoo And Piercing Studio\",\"potentialAction\":[{\"@type\":\"SearchAction\",\"target\":{\"@type\":\"EntryPoint\",\"urlTemplate\":\"https:\/\/titsandtatstattoo.com\/?s={search_term_string}\"},\"query-input\":{\"@type\":\"PropertyValueSpecification\",\"valueRequired\":true,\"valueName\":\"search_term_string\"}}],\"inLanguage\":\"es\"}]}<\/script>\n<!-- \/ Yoast SEO plugin. -->","yoast_head_json":{"title":"NOVA Samarreta Oversize \"Tits and Tats\" - Tits and Tats Tattoo Studio","description":"NOVA Samarreta Oversize amb negre \" \u00c0guila Tits and Tats \".Estampaci\u00f3 full back i detall al pit esquerraDisponible en diferents talles:, S, M, L, XL","robots":{"index":"index","follow":"follow","max-snippet":"max-snippet:-1","max-image-preview":"max-image-preview:large","max-video-preview":"max-video-preview:-1"},"canonical":"https:\/\/titsandtatstattoo.com\/es\/product\/nova-samarreta-oversize-tits-and-tats\/","og_locale":"es_ES","og_type":"article","og_title":"NOVA Samarreta Oversize \"Tits and Tats\" - Tits and Tats Tattoo Studio","og_description":"NOVA Samarreta Oversize amb negre \" \u00c0guila Tits and Tats \".Estampaci\u00f3 full back i detall al pit esquerraDisponible en diferents talles:, S, M, L, XL","og_url":"https:\/\/titsandtatstattoo.com\/es\/product\/nova-samarreta-oversize-tits-and-tats\/","og_site_name":"Tits and Tats Tattoo Studio","article_modified_time":"2024-11-18T18:18:51+00:00","og_image":[{"width":2048,"height":1448,"url":"https:\/\/titsandtatstattoo.com\/wp-content\/uploads\/2024\/09\/IMG_7714.png","type":"image\/png"}],"twitter_card":"summary_large_image","twitter_misc":{"Tiempo de lectura":"1 minuto"},"schema":{"@context":"https:\/\/schema.org","@graph":[{"@type":"WebPage","@id":"https:\/\/titsandtatstattoo.com\/product\/nova-samarreta-oversize-tits-and-tats\/","url":"https:\/\/titsandtatstattoo.com\/product\/nova-samarreta-oversize-tits-and-tats\/","name":"NOVA Samarreta Oversize \"Tits and Tats\" - Tits and Tats Tattoo Studio","isPartOf":{"@id":"https:\/\/titsandtatstattoo.com\/#website"},"primaryImageOfPage":{"@id":"https:\/\/titsandtatstattoo.com\/product\/nova-samarreta-oversize-tits-and-tats\/#primaryimage"},"image":{"@id":"https:\/\/titsandtatstattoo.com\/product\/nova-samarreta-oversize-tits-and-tats\/#primaryimage"},"thumbnailUrl":"https:\/\/i0.wp.com\/titsandtatstattoo.com\/wp-content\/uploads\/2024\/09\/IMG_7714.png?fit=2048%2C1448&ssl=1","datePublished":"2024-09-22T10:15:11+00:00","dateModified":"2024-11-18T18:18:51+00:00","description":"NOVA Samarreta Oversize amb negre \" \u00c0guila Tits and Tats \".Estampaci\u00f3 full back i detall al pit esquerraDisponible en diferents talles:, S, M, L, XL","breadcrumb":{"@id":"https:\/\/titsandtatstattoo.com\/product\/nova-samarreta-oversize-tits-and-tats\/#breadcrumb"},"inLanguage":"es","potentialAction":[{"@type":"ReadAction","target":["https:\/\/titsandtatstattoo.com\/product\/nova-samarreta-oversize-tits-and-tats\/"]}]},{"@type":"ImageObject","inLanguage":"es","@id":"https:\/\/titsandtatstattoo.com\/product\/nova-samarreta-oversize-tits-and-tats\/#primaryimage","url":"https:\/\/i0.wp.com\/titsandtatstattoo.com\/wp-content\/uploads\/2024\/09\/IMG_7714.png?fit=2048%2C1448&ssl=1","contentUrl":"https:\/\/i0.wp.com\/titsandtatstattoo.com\/wp-content\/uploads\/2024\/09\/IMG_7714.png?fit=2048%2C1448&ssl=1","width":2048,"height":1448},{"@type":"BreadcrumbList","@id":"https:\/\/titsandtatstattoo.com\/product\/nova-samarreta-oversize-tits-and-tats\/#breadcrumb","itemListElement":[{"@type":"ListItem","position":1,"name":"Home","item":"https:\/\/titsandtatstattoo.com\/"},{"@type":"ListItem","position":2,"name":"Botiga","item":"https:\/\/titsandtatstattoo.com\/botiga\/"},{"@type":"ListItem","position":3,"name":"NOVA Samarreta Oversize &#8220;Tits and Tats&#8221;"}]},{"@type":"WebSite","@id":"https:\/\/titsandtatstattoo.com\/#website","url":"https:\/\/titsandtatstattoo.com\/","name":"Tits and Tats Tattoo Studio","description":"Tattoo And Piercing Studio","potentialAction":[{"@type":"SearchAction","target":{"@type":"EntryPoint","urlTemplate":"https:\/\/titsandtatstattoo.com\/?s={search_term_string}"},"query-input":{"@type":"PropertyValueSpecification","valueRequired":true,"valueName":"search_term_string"}}],"inLanguage":"es"}]}},"jetpack_sharing_enabled":true,"_links":{"self":[{"href":"https:\/\/titsandtatstattoo.com\/es\/wp-json\/wp\/v2\/product\/7028"}],"collection":[{"href":"https:\/\/titsandtatstattoo.com\/es\/wp-json\/wp\/v2\/product"}],"about":[{"href":"https:\/\/titsandtatstattoo.com\/es\/wp-json\/wp\/v2\/types\/product"}],"wp:featuredmedia":[{"embeddable":true,"href":"https:\/\/titsandtatstattoo.com\/es\/wp-json\/wp\/v2\/media\/7040"}],"wp:attachment":[{"href":"https:\/\/titsandtatstattoo.com\/es\/wp-json\/wp\/v2\/media?parent=7028"}],"wp:term":[{"taxonomy":"product_brand","embeddable":true,"href":"https:\/\/titsandtatstattoo.com\/es\/wp-json\/wp\/v2\/product_brand?post=7028"},{"taxonomy":"product_cat","embeddable":true,"href":"https:\/\/titsandtatstattoo.com\/es\/wp-json\/wp\/v2\/product_cat?post=7028"},{"taxonomy":"product_tag","embeddable":true,"href":"https:\/\/titsandtatstattoo.com\/es\/wp-json\/wp\/v2\/product_tag?post=7028"}],"curies":[{"name":"wp","href":"https:\/\/api.w.org\/{rel}","templated":true}]}}