{"id":7646,"date":"2024-12-15T14:51:54","date_gmt":"2024-12-15T13:51:54","guid":{"rendered":"https:\/\/titsandtatstattoo.com\/?post_type=product&#038;p=7646"},"modified":"2024-12-15T15:20:19","modified_gmt":"2024-12-15T14:20:19","slug":"dessuadora-comunitat","status":"publish","type":"product","link":"https:\/\/titsandtatstattoo.com\/es\/product\/dessuadora-comunitat\/","title":{"rendered":"PRE-VENDA Dessuadora COMUNITAT WAREHOUSE"},"content":{"rendered":"<p>RESERVA de la sudadera &#8220;COMUNITAT&#8221; del Crossbox WAREHOUSE (Entrega desembre 2024).<\/p>\n<p>Estampaci\u00f3 frontal i posterior.<\/p>\n<p>Disponible en diferents talles: S, M, L, XL, 2XL i 3XL<\/p>\n<p><strong>PREU TOTAL: <span style=\"color: #ff0000;\">45\u20ac<\/span> (25\u20ac a la reserva i 20\u20ac a l&#8217;entrega).<\/strong><\/p>\n<blockquote><p>Caracter\u00edstiques:<\/p>\n<p>&nbsp;<\/p>\n<p>270 g\/m\u00b2<\/p>\n<p>50% cot\u00f3 50% poli\u00e9ster<\/p>\n<p>Color: Sorra.<\/p>\n<p>Coll rod\u00f3.<\/p>\n<p class=\"p1\">M\u00e0niga muntada.<\/p>\n<p class=\"p1\">Baix de m\u00e0niga i vora inferior en canal\u00e9 el\u00e0stic.<\/p>\n<p class=\"p1\">Puntades a doble agulla.<\/p>\n<p class=\"p1\">Teixit tubular.<\/p>\n<\/blockquote>","protected":false},"excerpt":{"rendered":"<p>RESERVA de la sudadera &#8220;COMUNITAT&#8221; del Crossbox WAREHOUSE (Entrega desembre 2024). Estampaci\u00f3 frontal i posterior. Disponible en diferents talles: S, M, L, XL, 2XL i 3XL PREU TOTAL: 45\u20ac (25\u20ac [&hellip;]<\/p>\n","protected":false},"featured_media":7655,"template":"","meta":[],"product_brand":[],"product_cat":[286],"product_tag":[356,365,328,369,367,372,368,381,321,366,322,371,318,380,373,378],"class_list":{"0":"post-7646","1":"product","2":"type-product","3":"status-publish","4":"has-post-thumbnail","6":"product_cat-samarretes","7":"product_tag-calavera","8":"product_tag-crop-top","9":"product_tag-crossfit","10":"product_tag-deporte","11":"product_tag-dona","12":"product_tag-entallada","13":"product_tag-esport","14":"product_tag-kettlebell","15":"product_tag-merchandising","16":"product_tag-mujer","17":"product_tag-old-school","18":"product_tag-oversize","19":"product_tag-samarreta","20":"product_tag-skull","21":"product_tag-unisex","22":"product_tag-warehouse","24":"first","25":"instock","26":"taxable","27":"shipping-taxable","28":"purchasable","29":"product-type-variable"},"yoast_head":"<!-- This site is optimized with the Yoast SEO plugin v25.5 - https:\/\/yoast.com\/wordpress\/plugins\/seo\/ -->\n<title>PRE-VENDA Dessuadora COMUNITAT WAREHOUSE - Tits and Tats Tattoo Studio<\/title>\n<meta name=\"description\" content=\"PRE-RESERVA Dessuadora COMUNITAT WAREHOUSE (Entrega desembre 2024).Estampaci\u00f3 frontal i posterior.Disponible en diferents talles: S, M, L, XL, 2XL i 3XL\" \/>\n<meta name=\"robots\" content=\"index, follow, max-snippet:-1, max-image-preview:large, max-video-preview:-1\" \/>\n<link rel=\"canonical\" href=\"https:\/\/titsandtatstattoo.com\/es\/product\/dessuadora-comunitat\/\" \/>\n<meta property=\"og:locale\" content=\"es_ES\" \/>\n<meta property=\"og:type\" content=\"article\" \/>\n<meta property=\"og:title\" content=\"PRE-VENDA Dessuadora COMUNITAT WAREHOUSE - Tits and Tats Tattoo Studio\" \/>\n<meta property=\"og:description\" content=\"PRE-RESERVA Dessuadora COMUNITAT WAREHOUSE (Entrega desembre 2024).Estampaci\u00f3 frontal i posterior.Disponible en diferents talles: S, M, L, XL, 2XL i 3XL\" \/>\n<meta property=\"og:url\" content=\"https:\/\/titsandtatstattoo.com\/es\/product\/dessuadora-comunitat\/\" \/>\n<meta property=\"og:site_name\" content=\"Tits and Tats Tattoo Studio\" \/>\n<meta property=\"article:modified_time\" content=\"2024-12-15T14:20:19+00:00\" \/>\n<meta property=\"og:image\" content=\"https:\/\/titsandtatstattoo.com\/wp-content\/uploads\/2024\/12\/Historia-Instagram-Ropa-Urbana-Productos-Animacion-Naranja-Video.jpg.jpg\" \/>\n\t<meta property=\"og:image:width\" content=\"1920\" \/>\n\t<meta property=\"og:image:height\" content=\"1080\" \/>\n\t<meta property=\"og:image:type\" content=\"image\/jpeg\" \/>\n<meta name=\"twitter:card\" content=\"summary_large_image\" \/>\n<meta name=\"twitter:label1\" content=\"Tiempo de lectura\" \/>\n\t<meta name=\"twitter:data1\" content=\"1 minuto\" \/>\n<script type=\"application\/ld+json\" class=\"yoast-schema-graph\">{\"@context\":\"https:\/\/schema.org\",\"@graph\":[{\"@type\":\"WebPage\",\"@id\":\"https:\/\/titsandtatstattoo.com\/product\/dessuadora-comunitat\/\",\"url\":\"https:\/\/titsandtatstattoo.com\/product\/dessuadora-comunitat\/\",\"name\":\"PRE-VENDA Dessuadora COMUNITAT WAREHOUSE - Tits and Tats Tattoo Studio\",\"isPartOf\":{\"@id\":\"https:\/\/titsandtatstattoo.com\/#website\"},\"primaryImageOfPage\":{\"@id\":\"https:\/\/titsandtatstattoo.com\/product\/dessuadora-comunitat\/#primaryimage\"},\"image\":{\"@id\":\"https:\/\/titsandtatstattoo.com\/product\/dessuadora-comunitat\/#primaryimage\"},\"thumbnailUrl\":\"https:\/\/i0.wp.com\/titsandtatstattoo.com\/wp-content\/uploads\/2024\/12\/Historia-Instagram-Ropa-Urbana-Productos-Animacion-Naranja-Video.jpg.jpg?fit=1920%2C1080&ssl=1\",\"datePublished\":\"2024-12-15T13:51:54+00:00\",\"dateModified\":\"2024-12-15T14:20:19+00:00\",\"description\":\"PRE-RESERVA Dessuadora COMUNITAT WAREHOUSE (Entrega desembre 2024).Estampaci\u00f3 frontal i posterior.Disponible en diferents talles: S, M, L, XL, 2XL i 3XL\",\"breadcrumb\":{\"@id\":\"https:\/\/titsandtatstattoo.com\/product\/dessuadora-comunitat\/#breadcrumb\"},\"inLanguage\":\"es\",\"potentialAction\":[{\"@type\":\"ReadAction\",\"target\":[\"https:\/\/titsandtatstattoo.com\/product\/dessuadora-comunitat\/\"]}]},{\"@type\":\"ImageObject\",\"inLanguage\":\"es\",\"@id\":\"https:\/\/titsandtatstattoo.com\/product\/dessuadora-comunitat\/#primaryimage\",\"url\":\"https:\/\/i0.wp.com\/titsandtatstattoo.com\/wp-content\/uploads\/2024\/12\/Historia-Instagram-Ropa-Urbana-Productos-Animacion-Naranja-Video.jpg.jpg?fit=1920%2C1080&ssl=1\",\"contentUrl\":\"https:\/\/i0.wp.com\/titsandtatstattoo.com\/wp-content\/uploads\/2024\/12\/Historia-Instagram-Ropa-Urbana-Productos-Animacion-Naranja-Video.jpg.jpg?fit=1920%2C1080&ssl=1\",\"width\":1920,\"height\":1080,\"caption\":\"PRE-RESERVA Dessuadora COMUNITAT WAREHOUSE\"},{\"@type\":\"BreadcrumbList\",\"@id\":\"https:\/\/titsandtatstattoo.com\/product\/dessuadora-comunitat\/#breadcrumb\",\"itemListElement\":[{\"@type\":\"ListItem\",\"position\":1,\"name\":\"Home\",\"item\":\"https:\/\/titsandtatstattoo.com\/\"},{\"@type\":\"ListItem\",\"position\":2,\"name\":\"Botiga\",\"item\":\"https:\/\/titsandtatstattoo.com\/botiga\/\"},{\"@type\":\"ListItem\",\"position\":3,\"name\":\"PRE-VENDA Dessuadora COMUNITAT WAREHOUSE\"}]},{\"@type\":\"WebSite\",\"@id\":\"https:\/\/titsandtatstattoo.com\/#website\",\"url\":\"https:\/\/titsandtatstattoo.com\/\",\"name\":\"Tits and Tats Tattoo Studio\",\"description\":\"Tattoo And Piercing Studio\",\"potentialAction\":[{\"@type\":\"SearchAction\",\"target\":{\"@type\":\"EntryPoint\",\"urlTemplate\":\"https:\/\/titsandtatstattoo.com\/?s={search_term_string}\"},\"query-input\":{\"@type\":\"PropertyValueSpecification\",\"valueRequired\":true,\"valueName\":\"search_term_string\"}}],\"inLanguage\":\"es\"}]}<\/script>\n<!-- \/ Yoast SEO plugin. -->","yoast_head_json":{"title":"PRE-VENDA Dessuadora COMUNITAT WAREHOUSE - Tits and Tats Tattoo Studio","description":"PRE-RESERVA Dessuadora COMUNITAT WAREHOUSE (Entrega desembre 2024).Estampaci\u00f3 frontal i posterior.Disponible en diferents talles: S, M, L, XL, 2XL i 3XL","robots":{"index":"index","follow":"follow","max-snippet":"max-snippet:-1","max-image-preview":"max-image-preview:large","max-video-preview":"max-video-preview:-1"},"canonical":"https:\/\/titsandtatstattoo.com\/es\/product\/dessuadora-comunitat\/","og_locale":"es_ES","og_type":"article","og_title":"PRE-VENDA Dessuadora COMUNITAT WAREHOUSE - Tits and Tats Tattoo Studio","og_description":"PRE-RESERVA Dessuadora COMUNITAT WAREHOUSE (Entrega desembre 2024).Estampaci\u00f3 frontal i posterior.Disponible en diferents talles: S, M, L, XL, 2XL i 3XL","og_url":"https:\/\/titsandtatstattoo.com\/es\/product\/dessuadora-comunitat\/","og_site_name":"Tits and Tats Tattoo Studio","article_modified_time":"2024-12-15T14:20:19+00:00","og_image":[{"width":1920,"height":1080,"url":"https:\/\/titsandtatstattoo.com\/wp-content\/uploads\/2024\/12\/Historia-Instagram-Ropa-Urbana-Productos-Animacion-Naranja-Video.jpg.jpg","type":"image\/jpeg"}],"twitter_card":"summary_large_image","twitter_misc":{"Tiempo de lectura":"1 minuto"},"schema":{"@context":"https:\/\/schema.org","@graph":[{"@type":"WebPage","@id":"https:\/\/titsandtatstattoo.com\/product\/dessuadora-comunitat\/","url":"https:\/\/titsandtatstattoo.com\/product\/dessuadora-comunitat\/","name":"PRE-VENDA Dessuadora COMUNITAT WAREHOUSE - Tits and Tats Tattoo Studio","isPartOf":{"@id":"https:\/\/titsandtatstattoo.com\/#website"},"primaryImageOfPage":{"@id":"https:\/\/titsandtatstattoo.com\/product\/dessuadora-comunitat\/#primaryimage"},"image":{"@id":"https:\/\/titsandtatstattoo.com\/product\/dessuadora-comunitat\/#primaryimage"},"thumbnailUrl":"https:\/\/i0.wp.com\/titsandtatstattoo.com\/wp-content\/uploads\/2024\/12\/Historia-Instagram-Ropa-Urbana-Productos-Animacion-Naranja-Video.jpg.jpg?fit=1920%2C1080&ssl=1","datePublished":"2024-12-15T13:51:54+00:00","dateModified":"2024-12-15T14:20:19+00:00","description":"PRE-RESERVA Dessuadora COMUNITAT WAREHOUSE (Entrega desembre 2024).Estampaci\u00f3 frontal i posterior.Disponible en diferents talles: S, M, L, XL, 2XL i 3XL","breadcrumb":{"@id":"https:\/\/titsandtatstattoo.com\/product\/dessuadora-comunitat\/#breadcrumb"},"inLanguage":"es","potentialAction":[{"@type":"ReadAction","target":["https:\/\/titsandtatstattoo.com\/product\/dessuadora-comunitat\/"]}]},{"@type":"ImageObject","inLanguage":"es","@id":"https:\/\/titsandtatstattoo.com\/product\/dessuadora-comunitat\/#primaryimage","url":"https:\/\/i0.wp.com\/titsandtatstattoo.com\/wp-content\/uploads\/2024\/12\/Historia-Instagram-Ropa-Urbana-Productos-Animacion-Naranja-Video.jpg.jpg?fit=1920%2C1080&ssl=1","contentUrl":"https:\/\/i0.wp.com\/titsandtatstattoo.com\/wp-content\/uploads\/2024\/12\/Historia-Instagram-Ropa-Urbana-Productos-Animacion-Naranja-Video.jpg.jpg?fit=1920%2C1080&ssl=1","width":1920,"height":1080,"caption":"PRE-RESERVA Dessuadora COMUNITAT WAREHOUSE"},{"@type":"BreadcrumbList","@id":"https:\/\/titsandtatstattoo.com\/product\/dessuadora-comunitat\/#breadcrumb","itemListElement":[{"@type":"ListItem","position":1,"name":"Home","item":"https:\/\/titsandtatstattoo.com\/"},{"@type":"ListItem","position":2,"name":"Botiga","item":"https:\/\/titsandtatstattoo.com\/botiga\/"},{"@type":"ListItem","position":3,"name":"PRE-VENDA Dessuadora COMUNITAT WAREHOUSE"}]},{"@type":"WebSite","@id":"https:\/\/titsandtatstattoo.com\/#website","url":"https:\/\/titsandtatstattoo.com\/","name":"Tits and Tats Tattoo Studio","description":"Tattoo And Piercing Studio","potentialAction":[{"@type":"SearchAction","target":{"@type":"EntryPoint","urlTemplate":"https:\/\/titsandtatstattoo.com\/?s={search_term_string}"},"query-input":{"@type":"PropertyValueSpecification","valueRequired":true,"valueName":"search_term_string"}}],"inLanguage":"es"}]}},"jetpack_sharing_enabled":true,"_links":{"self":[{"href":"https:\/\/titsandtatstattoo.com\/es\/wp-json\/wp\/v2\/product\/7646"}],"collection":[{"href":"https:\/\/titsandtatstattoo.com\/es\/wp-json\/wp\/v2\/product"}],"about":[{"href":"https:\/\/titsandtatstattoo.com\/es\/wp-json\/wp\/v2\/types\/product"}],"wp:featuredmedia":[{"embeddable":true,"href":"https:\/\/titsandtatstattoo.com\/es\/wp-json\/wp\/v2\/media\/7655"}],"wp:attachment":[{"href":"https:\/\/titsandtatstattoo.com\/es\/wp-json\/wp\/v2\/media?parent=7646"}],"wp:term":[{"taxonomy":"product_brand","embeddable":true,"href":"https:\/\/titsandtatstattoo.com\/es\/wp-json\/wp\/v2\/product_brand?post=7646"},{"taxonomy":"product_cat","embeddable":true,"href":"https:\/\/titsandtatstattoo.com\/es\/wp-json\/wp\/v2\/product_cat?post=7646"},{"taxonomy":"product_tag","embeddable":true,"href":"https:\/\/titsandtatstattoo.com\/es\/wp-json\/wp\/v2\/product_tag?post=7646"}],"curies":[{"name":"wp","href":"https:\/\/api.w.org\/{rel}","templated":true}]}}